{"id":680,"date":"2018-02-07T11:48:33","date_gmt":"2018-02-07T16:48:33","guid":{"rendered":"https:\/\/conceptionplus.ca\/?page_id=680"},"modified":"2018-02-28T11:29:48","modified_gmt":"2018-02-28T16:29:48","slug":"why-profortiltm","status":"publish","type":"page","link":"https:\/\/conceptionplus.ca\/fr\/for-men\/why-profortiltm\/","title":{"rendered":"Pourquoi PROfortilMC?"},"content":{"rendered":"<div class=\"fusion-fullwidth fullwidth-box fusion-builder-row-1 nonhundred-percent-fullwidth non-hundred-percent-height-scrolling\" style=\"--awb-border-radius-top-left:0px;--awb-border-radius-top-right:0px;--awb-border-radius-bottom-right:0px;--awb-border-radius-bottom-left:0px;--awb-flex-wrap:wrap;\" ><div class=\"fusion-builder-row fusion-row\"><div class=\"fusion-layout-column fusion_builder_column fusion-builder-column-0 fusion_builder_column_1_1 1_1 fusion-one-full fusion-column-first fusion-column-last\" style=\"--awb-bg-size:cover;\"><div class=\"fusion-column-wrapper fusion-flex-column-wrapper-legacy\"><div class=\"fusion-reading-box-container reading-box-container-1\" style=\"--awb-title-color:#5c2d88;--awb-margin-top:0px;--awb-margin-bottom:30px;\"><div class=\"reading-box reading-box-center\" style=\"background-color:rgba(246,246,246,0.47);border-width:1px;border-color:#f6f6f6;border-bottom-width:3px;border-bottom-color:var(--primary_color);border-style:solid;\"><h2>Chaque homme devrait construire une maison, planter un arbre et avoir un enfant<\/h2><div class=\"reading-box-description fusion-reading-box-additional\"><em>&mdash;A popular Chinese Proverb<\/em><\/div><div class=\"reading-box-additional\">\n<p>The first two points on the \u00ab\u00a0to-do list\u00a0\u00bb are relatively easy to achieve. The third one, fathering a child, will remain a yearning for an increasing number of men that unfortunately is difficult or even impossible to fulfil.<\/p>\n<\/div><div class=\"fusion-clearfix\"><\/div><\/div><\/div><div class=\"fusion-title title fusion-title-1 sep-underline sep-dashed fusion-title-text fusion-title-size-two\"><h2 class=\"fusion-title-heading title-heading-left fusion-responsive-typography-calculated\" style=\"margin:0;text-transform:none;--fontSize:26;line-height:1.23;\">La raison pour laquelle utiliser PROfortil<sup>MC<\/sup><\/h2><\/div><div class=\"fusion-text fusion-text-1\"><p>De moins en moins d&rsquo;enfants dans le monde entier naissent pour les raisons les plus vari\u00e9es. Aujourd&rsquo;hui, d\u00e9j\u00e0 10 \u00e0 15 % des couples sont involontairement sans enfants. Il existe diff\u00e9rentes raisons pour lesquelles les personnes ont de la difficult\u00e9 \u00e0 concevoir un enfant, les femmes (facteur f\u00e9minin) et les hommes (facteur masculin) \u2013 ou les deux \u2013 \u00e9tant touch\u00e9s dans les m\u00eames proportions.<\/p>\n<\/div><div class=\"fusion-title title fusion-title-2 fusion-sep-none fusion-title-text fusion-title-size-three\"><h3 class=\"fusion-title-heading title-heading-left fusion-responsive-typography-calculated\" style=\"margin:0;text-transform:none;--fontSize:21;line-height:1.5;\">Le facteur masculin<\/h3><\/div><div class=\"fusion-text fusion-text-2\"><p>PROfortil<sup>MC<\/sup> est le premier traitement \u00e9prouv\u00e9 en clinique pour les troubles de fertilit\u00e9 chez l&rsquo;homme. Son efficacit\u00e9 a \u00e9t\u00e9 d\u00e9montr\u00e9e dans 5 \u00e9tudes aupr\u00e8s de plus de 700 patients. Il a \u00e9t\u00e9 prouv\u00e9 que sa composition brevet\u00e9e et synergique de micronutriments am\u00e9liore tous les param\u00e8tres du sperme n\u00e9cessaires pour r\u00e9ussir \u00e0 concevoir un enfant et\u00a0vivre une grossesse<sup>1-3<\/sup>.<\/p>\n<\/div><div class=\"fusion-sep-clear\"><\/div><div class=\"fusion-separator fusion-has-icon fusion-full-width-sep\" style=\"margin-left: auto;margin-right: auto;margin-bottom:3%;width:100%;\"><div class=\"fusion-separator-border sep-shadow\" style=\"--awb-height:20px;--awb-amount:20px;--awb-sep-color:#9e2066;background:radial-gradient(ellipse at 50% -50% , #9e2066 0px, rgba(255, 255, 255, 0) 80%) repeat scroll 0 0 rgba(0, 0, 0, 0);background:-webkit-radial-gradient(ellipse at 50% -50% , #9e2066 0px, rgba(255, 255, 255, 0) 80%) repeat scroll 0 0 rgba(0, 0, 0, 0);background:-moz-radial-gradient(ellipse at 50% -50% , #9e2066 0px, rgba(255, 255, 255, 0) 80%) repeat scroll 0 0 rgba(0, 0, 0, 0);background:-o-radial-gradient(ellipse at 50% -50% , #9e2066 0px, rgba(255, 255, 255, 0) 80%) repeat scroll 0 0 rgba(0, 0, 0, 0);\"><\/div><span class=\"icon-wrapper\" style=\"border-color:transparent;font-size:16px;width: 1.75em; height: 1.75em;border-width:1px;padding:1px;\"><i class=\" fa fa-exclamation-circle\" style=\"font-size: inherit;color:#9e2066;\" aria-hidden=\"true\"><\/i><\/span><div class=\"fusion-separator-border sep-shadow\" style=\"--awb-height:20px;--awb-amount:20px;--awb-sep-color:#9e2066;background:radial-gradient(ellipse at 50% -50% , #9e2066 0px, rgba(255, 255, 255, 0) 80%) repeat scroll 0 0 rgba(0, 0, 0, 0);background:-webkit-radial-gradient(ellipse at 50% -50% , #9e2066 0px, rgba(255, 255, 255, 0) 80%) repeat scroll 0 0 rgba(0, 0, 0, 0);background:-moz-radial-gradient(ellipse at 50% -50% , #9e2066 0px, rgba(255, 255, 255, 0) 80%) repeat scroll 0 0 rgba(0, 0, 0, 0);background:-o-radial-gradient(ellipse at 50% -50% , #9e2066 0px, rgba(255, 255, 255, 0) 80%) repeat scroll 0 0 rgba(0, 0, 0, 0);\"><\/div><\/div><div class=\"fusion-sep-clear\"><\/div><div class=\"fusion-text fusion-text-3\"><ol class=\"annotation\">\n<li>Imhof et autres., Improvement of sperm quality after micronutrient supplementation. ESPEN 2011<\/li>\n<li>Schauer et autres., Micronutrients as an alternative to fertility treatment in men with subclinical varicocele. EAU, R\u00e9sum\u00e9, 2010<\/li>\n<\/ol>\n<\/div><div class=\"fusion-clearfix\"><\/div><\/div><\/div><\/div><\/div>\n","protected":false},"excerpt":{"rendered":"","protected":false},"author":1,"featured_media":0,"parent":686,"menu_order":0,"comment_status":"closed","ping_status":"closed","template":"","meta":{"_monsterinsights_skip_tracking":false,"_monsterinsights_sitenote_active":false,"_monsterinsights_sitenote_note":"","_monsterinsights_sitenote_category":0,"footnotes":""},"class_list":["post-680","page","type-page","status-publish","hentry"],"yoast_head":"<!-- This site is optimized with the Yoast SEO plugin v27.4 - https:\/\/yoast.com\/product\/yoast-seo-wordpress\/ -->\n<title>Pourquoi PROfortilMC? - ConceptionPLUS<\/title>\n<meta name=\"robots\" content=\"index, follow, max-snippet:-1, max-image-preview:large, max-video-preview:-1\" \/>\n<link rel=\"canonical\" href=\"https:\/\/conceptionplus.ca\/fr\/for-men\/why-profortiltm\/\" \/>\n<meta property=\"og:locale\" content=\"fr_FR\" \/>\n<meta property=\"og:type\" content=\"article\" \/>\n<meta property=\"og:title\" content=\"Pourquoi PROfortilMC? - ConceptionPLUS\" \/>\n<meta property=\"og:url\" content=\"https:\/\/conceptionplus.ca\/fr\/for-men\/why-profortiltm\/\" \/>\n<meta property=\"og:site_name\" content=\"ConceptionPLUS\" \/>\n<meta property=\"article:modified_time\" content=\"2018-02-28T16:29:48+00:00\" \/>\n<meta name=\"twitter:card\" content=\"summary_large_image\" \/>\n<meta name=\"twitter:label1\" content=\"Dur\u00e9e de lecture estim\u00e9e\" \/>\n\t<meta name=\"twitter:data1\" content=\"3 minutes\" \/>\n<script type=\"application\/ld+json\" class=\"yoast-schema-graph\">{\"@context\":\"https:\\\/\\\/schema.org\",\"@graph\":[{\"@type\":\"WebPage\",\"@id\":\"https:\\\/\\\/conceptionplus.ca\\\/fr\\\/for-men\\\/why-profortiltm\\\/\",\"url\":\"https:\\\/\\\/conceptionplus.ca\\\/fr\\\/for-men\\\/why-profortiltm\\\/\",\"name\":\"Pourquoi PROfortilMC? - ConceptionPLUS\",\"isPartOf\":{\"@id\":\"https:\\\/\\\/conceptionplus.ca\\\/fr\\\/#website\"},\"datePublished\":\"2018-02-07T16:48:33+00:00\",\"dateModified\":\"2018-02-28T16:29:48+00:00\",\"breadcrumb\":{\"@id\":\"https:\\\/\\\/conceptionplus.ca\\\/fr\\\/for-men\\\/why-profortiltm\\\/#breadcrumb\"},\"inLanguage\":\"fr-FR\",\"potentialAction\":[{\"@type\":\"ReadAction\",\"target\":[\"https:\\\/\\\/conceptionplus.ca\\\/fr\\\/for-men\\\/why-profortiltm\\\/\"]}]},{\"@type\":\"BreadcrumbList\",\"@id\":\"https:\\\/\\\/conceptionplus.ca\\\/fr\\\/for-men\\\/why-profortiltm\\\/#breadcrumb\",\"itemListElement\":[{\"@type\":\"ListItem\",\"position\":1,\"name\":\"Home\",\"item\":\"https:\\\/\\\/conceptionplus.ca\\\/fr\\\/\"},{\"@type\":\"ListItem\",\"position\":2,\"name\":\"Pour hommes\",\"item\":\"https:\\\/\\\/conceptionplus.ca\\\/fr\\\/for-men\\\/\"},{\"@type\":\"ListItem\",\"position\":3,\"name\":\"Pourquoi PROfortilMC?\"}]},{\"@type\":\"WebSite\",\"@id\":\"https:\\\/\\\/conceptionplus.ca\\\/fr\\\/#website\",\"url\":\"https:\\\/\\\/conceptionplus.ca\\\/fr\\\/\",\"name\":\"ConceptionPLUS\",\"description\":\"The only major brand of natural health product approved by Health Canada for male fertility disorders.\",\"publisher\":{\"@id\":\"https:\\\/\\\/conceptionplus.ca\\\/fr\\\/#organization\"},\"potentialAction\":[{\"@type\":\"SearchAction\",\"target\":{\"@type\":\"EntryPoint\",\"urlTemplate\":\"https:\\\/\\\/conceptionplus.ca\\\/fr\\\/?s={search_term_string}\"},\"query-input\":{\"@type\":\"PropertyValueSpecification\",\"valueRequired\":true,\"valueName\":\"search_term_string\"}}],\"inLanguage\":\"fr-FR\"},{\"@type\":\"Organization\",\"@id\":\"https:\\\/\\\/conceptionplus.ca\\\/fr\\\/#organization\",\"name\":\"ConceptionPLUS\",\"url\":\"https:\\\/\\\/conceptionplus.ca\\\/fr\\\/\",\"logo\":{\"@type\":\"ImageObject\",\"inLanguage\":\"fr-FR\",\"@id\":\"https:\\\/\\\/conceptionplus.ca\\\/fr\\\/#\\\/schema\\\/logo\\\/image\\\/\",\"url\":\"https:\\\/\\\/conceptionplus.ca\\\/wp-content\\\/uploads\\\/2018\\\/12\\\/conception-logo-en-email-500x79-1.jpg\",\"contentUrl\":\"https:\\\/\\\/conceptionplus.ca\\\/wp-content\\\/uploads\\\/2018\\\/12\\\/conception-logo-en-email-500x79-1.jpg\",\"width\":500,\"height\":79,\"caption\":\"ConceptionPLUS\"},\"image\":{\"@id\":\"https:\\\/\\\/conceptionplus.ca\\\/fr\\\/#\\\/schema\\\/logo\\\/image\\\/\"}}]}<\/script>\n<!-- \/ Yoast SEO plugin. -->","yoast_head_json":{"title":"Pourquoi PROfortilMC? - ConceptionPLUS","robots":{"index":"index","follow":"follow","max-snippet":"max-snippet:-1","max-image-preview":"max-image-preview:large","max-video-preview":"max-video-preview:-1"},"canonical":"https:\/\/conceptionplus.ca\/fr\/for-men\/why-profortiltm\/","og_locale":"fr_FR","og_type":"article","og_title":"Pourquoi PROfortilMC? - ConceptionPLUS","og_url":"https:\/\/conceptionplus.ca\/fr\/for-men\/why-profortiltm\/","og_site_name":"ConceptionPLUS","article_modified_time":"2018-02-28T16:29:48+00:00","twitter_card":"summary_large_image","twitter_misc":{"Dur\u00e9e de lecture estim\u00e9e":"3 minutes"},"schema":{"@context":"https:\/\/schema.org","@graph":[{"@type":"WebPage","@id":"https:\/\/conceptionplus.ca\/fr\/for-men\/why-profortiltm\/","url":"https:\/\/conceptionplus.ca\/fr\/for-men\/why-profortiltm\/","name":"Pourquoi PROfortilMC? - ConceptionPLUS","isPartOf":{"@id":"https:\/\/conceptionplus.ca\/fr\/#website"},"datePublished":"2018-02-07T16:48:33+00:00","dateModified":"2018-02-28T16:29:48+00:00","breadcrumb":{"@id":"https:\/\/conceptionplus.ca\/fr\/for-men\/why-profortiltm\/#breadcrumb"},"inLanguage":"fr-FR","potentialAction":[{"@type":"ReadAction","target":["https:\/\/conceptionplus.ca\/fr\/for-men\/why-profortiltm\/"]}]},{"@type":"BreadcrumbList","@id":"https:\/\/conceptionplus.ca\/fr\/for-men\/why-profortiltm\/#breadcrumb","itemListElement":[{"@type":"ListItem","position":1,"name":"Home","item":"https:\/\/conceptionplus.ca\/fr\/"},{"@type":"ListItem","position":2,"name":"Pour hommes","item":"https:\/\/conceptionplus.ca\/fr\/for-men\/"},{"@type":"ListItem","position":3,"name":"Pourquoi PROfortilMC?"}]},{"@type":"WebSite","@id":"https:\/\/conceptionplus.ca\/fr\/#website","url":"https:\/\/conceptionplus.ca\/fr\/","name":"ConceptionPLUS","description":"The only major brand of natural health product approved by Health Canada for male fertility disorders.","publisher":{"@id":"https:\/\/conceptionplus.ca\/fr\/#organization"},"potentialAction":[{"@type":"SearchAction","target":{"@type":"EntryPoint","urlTemplate":"https:\/\/conceptionplus.ca\/fr\/?s={search_term_string}"},"query-input":{"@type":"PropertyValueSpecification","valueRequired":true,"valueName":"search_term_string"}}],"inLanguage":"fr-FR"},{"@type":"Organization","@id":"https:\/\/conceptionplus.ca\/fr\/#organization","name":"ConceptionPLUS","url":"https:\/\/conceptionplus.ca\/fr\/","logo":{"@type":"ImageObject","inLanguage":"fr-FR","@id":"https:\/\/conceptionplus.ca\/fr\/#\/schema\/logo\/image\/","url":"https:\/\/conceptionplus.ca\/wp-content\/uploads\/2018\/12\/conception-logo-en-email-500x79-1.jpg","contentUrl":"https:\/\/conceptionplus.ca\/wp-content\/uploads\/2018\/12\/conception-logo-en-email-500x79-1.jpg","width":500,"height":79,"caption":"ConceptionPLUS"},"image":{"@id":"https:\/\/conceptionplus.ca\/fr\/#\/schema\/logo\/image\/"}}]}},"_links":{"self":[{"href":"https:\/\/conceptionplus.ca\/fr\/wp-json\/wp\/v2\/pages\/680","targetHints":{"allow":["GET"]}}],"collection":[{"href":"https:\/\/conceptionplus.ca\/fr\/wp-json\/wp\/v2\/pages"}],"about":[{"href":"https:\/\/conceptionplus.ca\/fr\/wp-json\/wp\/v2\/types\/page"}],"author":[{"embeddable":true,"href":"https:\/\/conceptionplus.ca\/fr\/wp-json\/wp\/v2\/users\/1"}],"replies":[{"embeddable":true,"href":"https:\/\/conceptionplus.ca\/fr\/wp-json\/wp\/v2\/comments?post=680"}],"version-history":[{"count":0,"href":"https:\/\/conceptionplus.ca\/fr\/wp-json\/wp\/v2\/pages\/680\/revisions"}],"up":[{"embeddable":true,"href":"https:\/\/conceptionplus.ca\/fr\/wp-json\/wp\/v2\/pages\/686"}],"wp:attachment":[{"href":"https:\/\/conceptionplus.ca\/fr\/wp-json\/wp\/v2\/media?parent=680"}],"curies":[{"name":"wp","href":"https:\/\/api.w.org\/{rel}","templated":true}]}}