{"id":698,"date":"2018-02-07T11:55:06","date_gmt":"2018-02-07T16:55:06","guid":{"rendered":"https:\/\/conceptionplus.ca\/?page_id=698"},"modified":"2018-02-21T17:18:51","modified_gmt":"2018-02-21T22:18:51","slug":"privacy-policy","status":"publish","type":"page","link":"https:\/\/conceptionplus.ca\/fr\/customer-service\/privacy-policy\/","title":{"rendered":"Politique de confidentialit\u00e9"},"content":{"rendered":"<div class=\"fusion-fullwidth fullwidth-box fusion-builder-row-1 nonhundred-percent-fullwidth non-hundred-percent-height-scrolling\" style=\"--awb-border-radius-top-left:0px;--awb-border-radius-top-right:0px;--awb-border-radius-bottom-right:0px;--awb-border-radius-bottom-left:0px;--awb-flex-wrap:wrap;\" ><div class=\"fusion-builder-row fusion-row\"><div class=\"fusion-layout-column fusion_builder_column fusion-builder-column-0 fusion_builder_column_1_1 1_1 fusion-one-full fusion-column-first fusion-column-last\" style=\"--awb-bg-size:cover;\"><div class=\"fusion-column-wrapper fusion-flex-column-wrapper-legacy\"><div class=\"fusion-reading-box-container reading-box-container-1\" style=\"--awb-title-color:#5c2d88;--awb-margin-top:0px;--awb-margin-bottom:30px;\"><div class=\"reading-box reading-box-center\" style=\"background-color:rgba(246,246,246,0.47);border-width:1px;border-color:#f6f6f6;border-bottom-width:3px;border-bottom-color:var(--primary_color);border-style:solid;\"><h2>ConceptionPLUS<sup>MC<\/sup> est une division de<\/h2><div class=\"reading-box-description fusion-reading-box-additional\">Red Leaf Medical Inc.<br \/>\n3250 Ridgeway Drive, Unit 17<br \/>\nMississauga, ON L5L 5Y6<br \/>\nCanada<br \/><br \/>\nT\u00e9l\u00e9phone : <a href=\"tel:19055697771\">(905) 569-7771<\/a><br \/>\nSans frais : <a href=\"tel:18775637422\">(877) 563-7422<\/a><br \/>\nT\u00e9l\u00e9copieur : <a href=\"tel:19055697778\">(905) 569-7778<\/a><br \/>\nCourriel : <a href=\"mailto:info@redleafmedical.com\">info@redleafmedical.com<\/a><\/div><div class=\"fusion-clearfix\"><\/div><\/div><\/div><div class=\"fusion-title title fusion-title-1 sep-underline sep-dashed fusion-title-text fusion-title-size-two\"><h2 class=\"fusion-title-heading title-heading-left fusion-responsive-typography-calculated\" style=\"margin:0;text-transform:none;--fontSize:26;line-height:1.23;\">Politique de confidentialit\u00e9<\/h2><\/div><div class=\"fusion-title title fusion-title-2 fusion-sep-none fusion-title-text fusion-title-size-three\"><h3 class=\"fusion-title-heading title-heading-left fusion-responsive-typography-calculated\" style=\"margin:0;text-transform:none;--fontSize:21;line-height:1.5;\">D\u00e9claration de confidentialit\u00e9<\/h3><\/div><div class=\"fusion-text fusion-text-1\"><p>\u00c0 titre de division de Red Leaf Medical, chez ConceptionPLUS<sup>MC<\/sup>\u00a0nous nous sommes engag\u00e9s \u00e0 prot\u00e9ger votre vie priv\u00e9e. Cette d\u00e9claration de confidentialit\u00e9\u00a0 pour but de vous informer concernant nos pratiques relatives \u00e0 la collecte, l&rsquo;utilisation et la divulgation des renseignements personnels pouvant \u00eatre fournis en acc\u00e9dant ou en utilisant notre site Web.<\/p>\n<\/div><div class=\"fusion-title title fusion-title-3 fusion-sep-none fusion-title-text fusion-title-size-three\"><h3 class=\"fusion-title-heading title-heading-left fusion-responsive-typography-calculated\" style=\"margin:0;text-transform:none;--fontSize:21;line-height:1.5;\">S\u00e9curit\u00e9<\/h3><\/div><div class=\"fusion-text fusion-text-2\"><p>ConceptionPLUS<sup>MC<\/sup>\u00a0d\u00e9ploie tous les efforts raisonnables pour s&rsquo;assurer que les renseignements personnels recueillis sont prot\u00e9g\u00e9s contre la perte et l&rsquo;acc\u00e8s non autoris\u00e9. L&rsquo;acc\u00e8s \u00e0 vos renseignements personnels est restreint \u00e0 certains employ\u00e9s ou repr\u00e9sentants. Tous les renseignements sont conserv\u00e9s sur des serveurs de base de donn\u00e9es restreints et sont prot\u00e9g\u00e9s par le protocole SSL (secure sockets layer). Ce logiciel crypte tous les renseignements personnels, incluant le nom, l&rsquo;adresse, le num\u00e9ro de t\u00e9l\u00e9phone et le num\u00e9ro de carte de cr\u00e9dit, ce qui les prot\u00e8ge contre un acc\u00e8s non autoris\u00e9. Bien que nous d\u00e9ployons tous les efforts commercialement raisonnables pour limiter l&rsquo;acc\u00e8s au personnel autoris\u00e9, nous ne pouvons pas garantir la confidentialit\u00e9 des renseignements qui apparaissent sur les colis d&rsquo;exp\u00e9dition ou sur l&rsquo;\u00e9tiquette d&rsquo;exp\u00e9dition.<\/p>\n<\/div><div class=\"fusion-title title fusion-title-4 fusion-sep-none fusion-title-text fusion-title-size-three\"><h3 class=\"fusion-title-heading title-heading-left fusion-responsive-typography-calculated\" style=\"margin:0;text-transform:none;--fontSize:21;line-height:1.5;\">Vie priv\u00e9e<\/h3><\/div><div class=\"fusion-text fusion-text-3\"><p>Sauf si vous nous y autorisez, nous nous engageons \u00e0 ne pas vendre, partager, autoriser, \u00e9changer ou louer vos renseignements personnels aux autres. Il se peut que nous divulguions les renseignements personnels \u00e0 des tiers engag\u00e9s pour nous aider \u00e0 vous fournir des services ou pour accomplir une ou plusieurs des activit\u00e9s d\u00e9crites ci-dessus. Nous nous r\u00e9servons le droit de collaborer enti\u00e8rement avec les fonctionnaires locaux, provinciaux et f\u00e9d\u00e9raux dans toute enqu\u00eate relative \u00e0 tout renseignement personnel (incluant les communications \u00e9lectroniques priv\u00e9es transmises sur notre site Web) ou toute activit\u00e9 ill\u00e9gale pr\u00e9tendue. Nous nous r\u00e9servons le droit de divulguer et\/ou transf\u00e9rer les renseignements personnels \u00e0 un tiers en cas de vente, fusion ou autre transfert actuel ou propos\u00e9 des actifs ou des parts de Red Leaf Medical Inc. ou d&rsquo;une division de celle-ci, pourvu que la tierce partie accepte d&rsquo;adh\u00e9rer aux principes \u00e9nonc\u00e9s dans cette d\u00e9claration de confidentialit\u00e9 et que les renseignements ne constituent pas tous les actifs ou presque \u00e9tant transf\u00e9r\u00e9s.<\/p>\n<\/div><div class=\"fusion-title title fusion-title-5 fusion-sep-none fusion-title-text fusion-title-size-three\"><h3 class=\"fusion-title-heading title-heading-left fusion-responsive-typography-calculated\" style=\"margin:0;text-transform:none;--fontSize:21;line-height:1.5;\">T\u00e9moins<\/h3><\/div><div class=\"fusion-text fusion-text-4\"><p>Les t\u00e9moins servent \u00e0 recueillir des renseignements sur la fa\u00e7on dont les clients utilisent le site. Ils nous permettent de v\u00e9rifier le statut d&rsquo;un client et facilitent l&rsquo;acc\u00e8s \u00e0 ses pr\u00e9f\u00e9rences. Les t\u00e9moins nous disent qui a visit\u00e9 le site mais ne conservent pas de renseignements personnels. Le syst\u00e8me crypte tous les t\u00e9moins qui ne peuvent \u00eatre lus par les autres sites.<\/p>\n<\/div><div class=\"fusion-title title fusion-title-6 fusion-sep-none fusion-title-text fusion-title-size-three\"><h3 class=\"fusion-title-heading title-heading-left fusion-responsive-typography-calculated\" style=\"margin:0;text-transform:none;--fontSize:21;line-height:1.5;\">Liens vers les sites de tierces parties<\/h3><\/div><div class=\"fusion-text fusion-text-5\"><p>Ce site Web peut offrir des liens vers d&rsquo;autres sites Web. Vous devriez savoir que les op\u00e9rateurs des sites Web li\u00e9s peuvent aussi recueillir vos renseignements personnels (incluant les renseignements g\u00e9n\u00e9r\u00e9s par l&rsquo;utilisation de t\u00e9moins) lorsque vous consultez leurs sites Web. Nous ne sommes pas responsables de la fa\u00e7on dont les tierces parties recueillent, utilisent ou divulguent vos renseignements personnels; il est donc important que vous connaissiez leurs politiques de confidentialit\u00e9 avant de leur fournir vos renseignements personnels.<\/p>\n<\/div><div class=\"fusion-title title fusion-title-7 fusion-sep-none fusion-title-text fusion-title-size-three\"><h3 class=\"fusion-title-heading title-heading-left fusion-responsive-typography-calculated\" style=\"margin:0;text-transform:none;--fontSize:21;line-height:1.5;\">Modifications apport\u00e9es \u00e0 cette d\u00e9claration de confidentialit\u00e9<\/h3><\/div><div class=\"fusion-text fusion-text-6\"><p>Nous nous r\u00e9servons le droit de modifier cette d\u00e9claration de confidentialit\u00e9 en tout temps et sans pr\u00e9avis. La d\u00e9claration de confidentialit\u00e9 publi\u00e9e en tout temps ou de temps \u00e0 autre sur ce site Web sera consid\u00e9r\u00e9e comme la d\u00e9claration de confidentialit\u00e9 alors en vigueur.<\/p>\n<\/div><div class=\"fusion-title title fusion-title-8 fusion-sep-none fusion-title-text fusion-title-size-three\"><h3 class=\"fusion-title-heading title-heading-left fusion-responsive-typography-calculated\" style=\"margin:0;text-transform:none;--fontSize:21;line-height:1.5;\">Nous contacter<\/h3><\/div><div class=\"fusion-text fusion-text-7\"><p>Si vous avez des questions \u00e0 propos de notre d\u00e9claration de confidentialit\u00e9 ou si vous avez des raisons de croire que vous n&rsquo;avez pas adh\u00e9rer \u00e0 cette d\u00e9claration de confidentialit\u00e9, vous pouvez envoyer un courriel \u00e0 info@redleafmedical.com ou nous contacter \u00e0 l&rsquo;adresse suivante :<\/p>\n<p><strong class=\"purple\">Agent \u00e0 la protection de la vie priv\u00e9e<\/strong><br \/>\nAux soins de Red Leaf Medical Inc.<br \/>\n3250 Ridgeway Drive, Unit 17<br \/>\nMississauga, Ontario L5L 5Y6 Canada<\/p>\n<\/div><div class=\"fusion-clearfix\"><\/div><\/div><\/div><\/div><\/div>\n","protected":false},"excerpt":{"rendered":"","protected":false},"author":1,"featured_media":0,"parent":692,"menu_order":1,"comment_status":"closed","ping_status":"closed","template":"","meta":{"_monsterinsights_skip_tracking":false,"_monsterinsights_sitenote_active":false,"_monsterinsights_sitenote_note":"","_monsterinsights_sitenote_category":0,"footnotes":""},"class_list":["post-698","page","type-page","status-publish","hentry"],"yoast_head":"<!-- This site is optimized with the Yoast SEO plugin v27.6 - https:\/\/yoast.com\/product\/yoast-seo-wordpress\/ -->\n<title>Politique de confidentialit\u00e9 - ConceptionPLUS<\/title>\n<meta name=\"robots\" content=\"index, follow, max-snippet:-1, max-image-preview:large, max-video-preview:-1\" \/>\n<link rel=\"canonical\" href=\"https:\/\/conceptionplus.ca\/fr\/customer-service\/privacy-policy\/\" \/>\n<meta property=\"og:locale\" content=\"fr_FR\" \/>\n<meta property=\"og:type\" content=\"article\" \/>\n<meta property=\"og:title\" content=\"Politique de confidentialit\u00e9 - ConceptionPLUS\" \/>\n<meta property=\"og:url\" content=\"https:\/\/conceptionplus.ca\/fr\/customer-service\/privacy-policy\/\" \/>\n<meta property=\"og:site_name\" content=\"ConceptionPLUS\" \/>\n<meta property=\"article:modified_time\" content=\"2018-02-21T22:18:51+00:00\" \/>\n<meta name=\"twitter:card\" content=\"summary_large_image\" \/>\n<meta name=\"twitter:label1\" content=\"Dur\u00e9e de lecture estim\u00e9e\" \/>\n\t<meta name=\"twitter:data1\" content=\"6 minutes\" \/>\n<script type=\"application\/ld+json\" class=\"yoast-schema-graph\">{\"@context\":\"https:\\\/\\\/schema.org\",\"@graph\":[{\"@type\":\"WebPage\",\"@id\":\"https:\\\/\\\/conceptionplus.ca\\\/fr\\\/customer-service\\\/privacy-policy\\\/\",\"url\":\"https:\\\/\\\/conceptionplus.ca\\\/fr\\\/customer-service\\\/privacy-policy\\\/\",\"name\":\"Politique de confidentialit\u00e9 - ConceptionPLUS\",\"isPartOf\":{\"@id\":\"https:\\\/\\\/conceptionplus.ca\\\/fr\\\/#website\"},\"datePublished\":\"2018-02-07T16:55:06+00:00\",\"dateModified\":\"2018-02-21T22:18:51+00:00\",\"breadcrumb\":{\"@id\":\"https:\\\/\\\/conceptionplus.ca\\\/fr\\\/customer-service\\\/privacy-policy\\\/#breadcrumb\"},\"inLanguage\":\"fr-FR\",\"potentialAction\":[{\"@type\":\"ReadAction\",\"target\":[\"https:\\\/\\\/conceptionplus.ca\\\/fr\\\/customer-service\\\/privacy-policy\\\/\"]}]},{\"@type\":\"BreadcrumbList\",\"@id\":\"https:\\\/\\\/conceptionplus.ca\\\/fr\\\/customer-service\\\/privacy-policy\\\/#breadcrumb\",\"itemListElement\":[{\"@type\":\"ListItem\",\"position\":1,\"name\":\"Home\",\"item\":\"https:\\\/\\\/conceptionplus.ca\\\/fr\\\/\"},{\"@type\":\"ListItem\",\"position\":2,\"name\":\"Service \u00e0 la client\u00e8le\",\"item\":\"https:\\\/\\\/conceptionplus.ca\\\/fr\\\/customer-service\\\/\"},{\"@type\":\"ListItem\",\"position\":3,\"name\":\"Politique de confidentialit\u00e9\"}]},{\"@type\":\"WebSite\",\"@id\":\"https:\\\/\\\/conceptionplus.ca\\\/fr\\\/#website\",\"url\":\"https:\\\/\\\/conceptionplus.ca\\\/fr\\\/\",\"name\":\"ConceptionPLUS\",\"description\":\"The only major brand of natural health product approved by Health Canada for male fertility disorders.\",\"publisher\":{\"@id\":\"https:\\\/\\\/conceptionplus.ca\\\/fr\\\/#organization\"},\"potentialAction\":[{\"@type\":\"SearchAction\",\"target\":{\"@type\":\"EntryPoint\",\"urlTemplate\":\"https:\\\/\\\/conceptionplus.ca\\\/fr\\\/?s={search_term_string}\"},\"query-input\":{\"@type\":\"PropertyValueSpecification\",\"valueRequired\":true,\"valueName\":\"search_term_string\"}}],\"inLanguage\":\"fr-FR\"},{\"@type\":\"Organization\",\"@id\":\"https:\\\/\\\/conceptionplus.ca\\\/fr\\\/#organization\",\"name\":\"ConceptionPLUS\",\"url\":\"https:\\\/\\\/conceptionplus.ca\\\/fr\\\/\",\"logo\":{\"@type\":\"ImageObject\",\"inLanguage\":\"fr-FR\",\"@id\":\"https:\\\/\\\/conceptionplus.ca\\\/fr\\\/#\\\/schema\\\/logo\\\/image\\\/\",\"url\":\"https:\\\/\\\/conceptionplus.ca\\\/wp-content\\\/uploads\\\/2018\\\/12\\\/conception-logo-en-email-500x79-1.jpg\",\"contentUrl\":\"https:\\\/\\\/conceptionplus.ca\\\/wp-content\\\/uploads\\\/2018\\\/12\\\/conception-logo-en-email-500x79-1.jpg\",\"width\":500,\"height\":79,\"caption\":\"ConceptionPLUS\"},\"image\":{\"@id\":\"https:\\\/\\\/conceptionplus.ca\\\/fr\\\/#\\\/schema\\\/logo\\\/image\\\/\"}}]}<\/script>\n<!-- \/ Yoast SEO plugin. -->","yoast_head_json":{"title":"Politique de confidentialit\u00e9 - ConceptionPLUS","robots":{"index":"index","follow":"follow","max-snippet":"max-snippet:-1","max-image-preview":"max-image-preview:large","max-video-preview":"max-video-preview:-1"},"canonical":"https:\/\/conceptionplus.ca\/fr\/customer-service\/privacy-policy\/","og_locale":"fr_FR","og_type":"article","og_title":"Politique de confidentialit\u00e9 - ConceptionPLUS","og_url":"https:\/\/conceptionplus.ca\/fr\/customer-service\/privacy-policy\/","og_site_name":"ConceptionPLUS","article_modified_time":"2018-02-21T22:18:51+00:00","twitter_card":"summary_large_image","twitter_misc":{"Dur\u00e9e de lecture estim\u00e9e":"6 minutes"},"schema":{"@context":"https:\/\/schema.org","@graph":[{"@type":"WebPage","@id":"https:\/\/conceptionplus.ca\/fr\/customer-service\/privacy-policy\/","url":"https:\/\/conceptionplus.ca\/fr\/customer-service\/privacy-policy\/","name":"Politique de confidentialit\u00e9 - ConceptionPLUS","isPartOf":{"@id":"https:\/\/conceptionplus.ca\/fr\/#website"},"datePublished":"2018-02-07T16:55:06+00:00","dateModified":"2018-02-21T22:18:51+00:00","breadcrumb":{"@id":"https:\/\/conceptionplus.ca\/fr\/customer-service\/privacy-policy\/#breadcrumb"},"inLanguage":"fr-FR","potentialAction":[{"@type":"ReadAction","target":["https:\/\/conceptionplus.ca\/fr\/customer-service\/privacy-policy\/"]}]},{"@type":"BreadcrumbList","@id":"https:\/\/conceptionplus.ca\/fr\/customer-service\/privacy-policy\/#breadcrumb","itemListElement":[{"@type":"ListItem","position":1,"name":"Home","item":"https:\/\/conceptionplus.ca\/fr\/"},{"@type":"ListItem","position":2,"name":"Service \u00e0 la client\u00e8le","item":"https:\/\/conceptionplus.ca\/fr\/customer-service\/"},{"@type":"ListItem","position":3,"name":"Politique de confidentialit\u00e9"}]},{"@type":"WebSite","@id":"https:\/\/conceptionplus.ca\/fr\/#website","url":"https:\/\/conceptionplus.ca\/fr\/","name":"ConceptionPLUS","description":"The only major brand of natural health product approved by Health Canada for male fertility disorders.","publisher":{"@id":"https:\/\/conceptionplus.ca\/fr\/#organization"},"potentialAction":[{"@type":"SearchAction","target":{"@type":"EntryPoint","urlTemplate":"https:\/\/conceptionplus.ca\/fr\/?s={search_term_string}"},"query-input":{"@type":"PropertyValueSpecification","valueRequired":true,"valueName":"search_term_string"}}],"inLanguage":"fr-FR"},{"@type":"Organization","@id":"https:\/\/conceptionplus.ca\/fr\/#organization","name":"ConceptionPLUS","url":"https:\/\/conceptionplus.ca\/fr\/","logo":{"@type":"ImageObject","inLanguage":"fr-FR","@id":"https:\/\/conceptionplus.ca\/fr\/#\/schema\/logo\/image\/","url":"https:\/\/conceptionplus.ca\/wp-content\/uploads\/2018\/12\/conception-logo-en-email-500x79-1.jpg","contentUrl":"https:\/\/conceptionplus.ca\/wp-content\/uploads\/2018\/12\/conception-logo-en-email-500x79-1.jpg","width":500,"height":79,"caption":"ConceptionPLUS"},"image":{"@id":"https:\/\/conceptionplus.ca\/fr\/#\/schema\/logo\/image\/"}}]}},"_links":{"self":[{"href":"https:\/\/conceptionplus.ca\/fr\/wp-json\/wp\/v2\/pages\/698","targetHints":{"allow":["GET"]}}],"collection":[{"href":"https:\/\/conceptionplus.ca\/fr\/wp-json\/wp\/v2\/pages"}],"about":[{"href":"https:\/\/conceptionplus.ca\/fr\/wp-json\/wp\/v2\/types\/page"}],"author":[{"embeddable":true,"href":"https:\/\/conceptionplus.ca\/fr\/wp-json\/wp\/v2\/users\/1"}],"replies":[{"embeddable":true,"href":"https:\/\/conceptionplus.ca\/fr\/wp-json\/wp\/v2\/comments?post=698"}],"version-history":[{"count":0,"href":"https:\/\/conceptionplus.ca\/fr\/wp-json\/wp\/v2\/pages\/698\/revisions"}],"up":[{"embeddable":true,"href":"https:\/\/conceptionplus.ca\/fr\/wp-json\/wp\/v2\/pages\/692"}],"wp:attachment":[{"href":"https:\/\/conceptionplus.ca\/fr\/wp-json\/wp\/v2\/media?parent=698"}],"curies":[{"name":"wp","href":"https:\/\/api.w.org\/{rel}","templated":true}]}}