{"id":707,"date":"2018-02-07T12:37:26","date_gmt":"2018-02-07T17:37:26","guid":{"rendered":"https:\/\/conceptionplus.ca\/?page_id=707"},"modified":"2018-02-18T22:57:52","modified_gmt":"2018-02-19T03:57:52","slug":"l-carnitine-study-2016","status":"publish","type":"page","link":"https:\/\/conceptionplus.ca\/fr\/for-physician\/l-carnitine-study-2016\/","title":{"rendered":"\u00c9tude sur la L-carnitine 2016"},"content":{"rendered":"<p><div class=\"fusion-fullwidth fullwidth-box fusion-builder-row-1 nonhundred-percent-fullwidth non-hundred-percent-height-scrolling\" style=\"--awb-border-radius-top-left:0px;--awb-border-radius-top-right:0px;--awb-border-radius-bottom-right:0px;--awb-border-radius-bottom-left:0px;--awb-flex-wrap:wrap;\" ><div class=\"fusion-builder-row fusion-row\"><div class=\"fusion-layout-column fusion_builder_column fusion-builder-column-0 fusion_builder_column_1_1 1_1 fusion-one-full fusion-column-first fusion-column-last\" style=\"--awb-bg-size:cover;\"><div class=\"fusion-column-wrapper fusion-flex-column-wrapper-legacy\"><div class=\"fusion-reading-box-container reading-box-container-1\" style=\"--awb-title-color:#5c2d88;--awb-margin-top:0px;--awb-margin-bottom:30px;\"><div class=\"reading-box reading-box-center\" style=\"background-color:rgba(246,246,246,0.47);border-width:1px;border-color:#f6f6f6;border-bottom-width:3px;border-bottom-color:var(--primary_color);border-style:solid;\"><h2>\u00ab Comparaison de l'effet d'une combinaison de huit micronutriments \u00e0 une mono-pr\u00e9paration standard sur les param\u00e8tres du sperme \u00bb<\/h2><\/div><\/div><div class=\"fusion-title title fusion-title-1 sep-underline sep-dashed fusion-title-text fusion-title-size-two\" style=\"--awb-margin-top:0px;\"><h2 class=\"fusion-title-heading title-heading-left fusion-responsive-typography-calculated\" style=\"margin:0;text-transform:none;--fontSize:26;line-height:1.23;\">\u00c9tude sur la L-carnitine 2016<\/h2><\/div><div class=\"fusion-clearfix\"><\/div><\/div><\/div><\/div><\/div><div class=\"fusion-fullwidth fullwidth-box fusion-builder-row-2 nonhundred-percent-fullwidth non-hundred-percent-height-scrolling\" style=\"--awb-border-radius-top-left:0px;--awb-border-radius-top-right:0px;--awb-border-radius-bottom-right:0px;--awb-border-radius-bottom-left:0px;--awb-flex-wrap:wrap;\" ><div class=\"fusion-builder-row fusion-row\"><div class=\"fusion-layout-column fusion_builder_column fusion-builder-column-1 fusion_builder_column_2_3 2_3 fusion-two-third fusion-column-first\" style=\"--awb-bg-size:cover;width:66.666666666667%;width:calc(66.666666666667% - ( ( 4% ) * 0.66666666666667 ) );margin-right: 4%;\"><div class=\"fusion-column-wrapper fusion-flex-column-wrapper-legacy\"><div class=\"fusion-text fusion-text-1\"><p>Markus Lipovac, Florian Bodner, Martin Imhof et Peter Chedraui<\/p>\n<p>Dix \u00e0 quinze pour cent des couples qui essaient de concevoir un enfant demeurent sans enfant (51). Le facteur masculin compte pour pr\u00e8s de la moiti\u00e9 des cas d&rsquo;infertilit\u00e9 pr\u00e9sentant une analyse anormale du sperme. Chez 45 % des hommes hypofertiles ou st\u00e9riles, ce probl\u00e8me est d&rsquo;origine inexpliqu\u00e9 (non identifi\u00e9) (4, 52). Dans un examen Cochrane, il a \u00e9t\u00e9 \u00e9nonc\u00e9 qu&rsquo;une suppl\u00e9mentation en antioxydants chez les hommes hypofertiles peut am\u00e9liorer le taux de grossesse et de naissances vivantes chez les couples hypofertiles prenant des antir\u00e9troviraux (53). Le m\u00e9canisme d&rsquo;action pr\u00e9sum\u00e9 est l&rsquo;am\u00e9lioration de la qualit\u00e9 du sperme gr\u00e2ce \u00e0 l&rsquo;att\u00e9nuation de la carence en nutriments ainsi que la r\u00e9duction du stress oxydatif (11).<\/p>\n<\/div><div class=\"fusion-title title fusion-title-2 sep-underline sep-dashed fusion-title-text fusion-title-size-three\" style=\"--awb-margin-top:0px;--awb-margin-bottom:10px;\"><h3 class=\"fusion-title-heading title-heading-left fusion-responsive-typography-calculated\" style=\"margin:0;text-transform:none;--fontSize:21;line-height:1.5;\">R\u00e9sultats :<\/h3><\/div><div class=\"fusion-text fusion-text-2\"><p>Tous les param\u00e8tres du sperme analys\u00e9s (volume, densit\u00e9, mobilit\u00e9 progressive g\u00e9n\u00e9rale [incluant la mobilit\u00e9 lente et rapide]) et le pourcentage de spermatozo\u00efdes ayant une morphologie normale ont connu une nette am\u00e9lioration apr\u00e8s 3 mois de traitement dans les deux groupes comparativement aux donn\u00e9es de base (p&lt;0,001). On a toutefois d\u00e9couvert que le changement relatif (exprim\u00e9 sous forme de pourcentage d&rsquo;augmentation des valeurs absolues) de la densit\u00e9 du sperme et de la mobilit\u00e9 progressive g\u00e9n\u00e9rale (incluant la mobilit\u00e9 rapide) \u00e9tait sup\u00e9rieur dans le groupe de traitement avec combinaison de micronutriments comparativement au groupe de mono-traitement utilisant uniquement de la L-carnitine (p&lt;0,05).<\/p>\n<\/div><div class=\"fusion-title title fusion-title-3 sep-underline sep-dashed fusion-title-text fusion-title-size-three\" style=\"--awb-margin-top:0px;--awb-margin-bottom:10px;\"><h3 class=\"fusion-title-heading title-heading-left fusion-responsive-typography-calculated\" style=\"margin:0;text-transform:none;--fontSize:21;line-height:1.5;\">Conclusion :<\/h3><\/div><div class=\"fusion-text fusion-text-3\"><p>L&rsquo;effet g\u00e9n\u00e9ral sur les param\u00e8tres du sperme a \u00e9t\u00e9 similaire dans les deux groupes ayant fait l&rsquo;objet d&rsquo;analyses. Dans le groupe PROfertilMD, l&rsquo;am\u00e9lioration de la densit\u00e9 du sperme, la mobilit\u00e9 g\u00e9n\u00e9rale et progressive rapide ont \u00e9t\u00e9 nettement meilleures que celles du groupe avec mono-pr\u00e9paration.<\/p>\n<\/div><div class=\"fusion-title title fusion-title-4 sep-underline sep-dashed fusion-title-text fusion-title-size-three\" style=\"--awb-margin-top:0px;--awb-margin-bottom:10px;\"><h3 class=\"fusion-title-heading title-heading-left fusion-responsive-typography-calculated\" style=\"margin:0;text-transform:none;--fontSize:21;line-height:1.5;\">Avantages pratiques :<\/h3><\/div><div class=\"fusion-text fusion-text-4\"><p>Chez les hommes hypofertiles, le soutien nutritionnel procur\u00e9 par PROfertilMD peut<\/p>\n<\/div><ul style=\"--awb-size:15px;--awb-line-height:25.5px;--awb-icon-width:25.5px;--awb-icon-height:25.5px;--awb-icon-margin:10.5px;--awb-content-margin:36px;\" class=\"fusion-checklist fusion-checklist-1 fusion-checklist-default type-icons\"><li class=\"fusion-li-item\" style=\"\"><span class=\"icon-wrapper circle-no\"><i class=\"fusion-li-icon fa fa-check\" aria-hidden=\"true\"><\/i><\/span><div class=\"fusion-li-item-content\">\n<p>nettement am\u00e9liorer les param\u00e8tres standards du sperme,<\/p>\n<\/div><\/li><li class=\"fusion-li-item\" style=\"\"><span class=\"icon-wrapper circle-no\"><i class=\"fusion-li-icon awb-icon-check\" aria-hidden=\"true\"><\/i><\/span><div class=\"fusion-li-item-content\">\n<p>am\u00e9liorer la densit\u00e9 du sperme beaucoup plus efficacement que la mono-pr\u00e9paration seule,<\/p>\n<\/div><\/li><li class=\"fusion-li-item\" style=\"\"><span class=\"icon-wrapper circle-no\"><i class=\"fusion-li-icon awb-icon-check\" aria-hidden=\"true\"><\/i><\/span><div class=\"fusion-li-item-content\">\n<p>am\u00e9liorer la mobilit\u00e9 progressive g\u00e9n\u00e9rale du sperme beaucoup plus efficacement que la mono-pr\u00e9paration seule,<\/p>\n<\/div><\/li><li class=\"fusion-li-item\" style=\"\"><span class=\"icon-wrapper circle-no\"><i class=\"fusion-li-icon awb-icon-check\" aria-hidden=\"true\"><\/i><\/span><div class=\"fusion-li-item-content\">\n<p>am\u00e9liorer la mobilit\u00e9 progressive rapide du sperme beaucoup plus efficacement que la mono-pr\u00e9paration seule et, par cons\u00e9quent,<\/p>\n<\/div><\/li><li class=\"fusion-li-item\" style=\"\"><span class=\"icon-wrapper circle-no\"><i class=\"fusion-li-icon awb-icon-check\" aria-hidden=\"true\"><\/i><\/span><div class=\"fusion-li-item-content\">\n<p>augmenter la possibilit\u00e9 de r\u00e9ussir une conception et une grossesse naturelle et\/ou assist\u00e9e, ainsi que la sant\u00e9 de l&rsquo;enfant.<\/p>\n<\/div><\/li><\/ul><div class=\"fusion-clearfix\"><\/div><\/div><\/div><div class=\"fusion-layout-column fusion_builder_column fusion-builder-column-2 fusion_builder_column_1_3 1_3 fusion-one-third fusion-column-last\" style=\"--awb-bg-size:cover;width:33.333333333333%;width:calc(33.333333333333% - ( ( 4% ) * 0.33333333333333 ) );\"><div class=\"fusion-column-wrapper fusion-flex-column-wrapper-legacy\"><div class=\"fusion-image-element fusion-image-align-center in-legacy-container\" style=\"text-align:center;--awb-caption-title-font-family:var(--h2_typography-font-family);--awb-caption-title-font-weight:var(--h2_typography-font-weight);--awb-caption-title-font-style:var(--h2_typography-font-style);--awb-caption-title-size:var(--h2_typography-font-size);--awb-caption-title-transform:var(--h2_typography-text-transform);--awb-caption-title-line-height:var(--h2_typography-line-height);--awb-caption-title-letter-spacing:var(--h2_typography-letter-spacing);\"><div class=\"imageframe-align-center\"><span class=\" fusion-imageframe imageframe-none imageframe-1 hover-type-none\"><img decoding=\"async\" width=\"384\" height=\"135\" title=\"Reproductive_Biology_and_Endocrinology_Logo\" src=\"https:\/\/conceptionplus.ca\/wp-content\/uploads\/2018\/01\/Reproductive_Biology_and_Endocrinology_Logo.png\" alt class=\"img-responsive wp-image-221\" srcset=\"https:\/\/conceptionplus.ca\/wp-content\/uploads\/2018\/01\/Reproductive_Biology_and_Endocrinology_Logo-200x70.png 200w, https:\/\/conceptionplus.ca\/wp-content\/uploads\/2018\/01\/Reproductive_Biology_and_Endocrinology_Logo.png 384w\" sizes=\"(max-width: 900px) 100vw, 384px\" \/><\/span><\/div><\/div><div class=\"fusion-sep-clear\"><\/div><div class=\"fusion-separator fusion-full-width-sep\" style=\"margin-left: auto;margin-right: auto;margin-top:20px;margin-bottom:20px;width:100%;\"><div class=\"fusion-separator-border sep-single sep-solid\" style=\"--awb-height:20px;--awb-amount:20px;border-color:#e0dede;border-top-width:1px;\"><\/div><\/div><div class=\"fusion-sep-clear\"><\/div><div class=\"fusion-image-element fusion-image-align-center in-legacy-container\" style=\"text-align:center;--awb-caption-title-font-family:var(--h2_typography-font-family);--awb-caption-title-font-weight:var(--h2_typography-font-weight);--awb-caption-title-font-style:var(--h2_typography-font-style);--awb-caption-title-size:var(--h2_typography-font-size);--awb-caption-title-transform:var(--h2_typography-text-transform);--awb-caption-title-line-height:var(--h2_typography-line-height);--awb-caption-title-letter-spacing:var(--h2_typography-letter-spacing);\"><div class=\"imageframe-align-center\"><span class=\" fusion-imageframe imageframe-none imageframe-2 hover-type-zoomin\"><a href=\"https:\/\/conceptionplus.ca\/wp-content\/uploads\/2018\/01\/LCarnitine_improvmt_after_3months_corr_042017-1024x489.jpg\" class=\"fusion-lightbox\" data-rel=\"iLightbox[86d85bd91be18021e16]\" title=\"LCarnitine_improvmt_after_3months_corr_042017-1024&#215;489\"><img decoding=\"async\" width=\"1024\" height=\"489\" src=\"https:\/\/conceptionplus.ca\/wp-content\/uploads\/2018\/01\/LCarnitine_improvmt_after_3months_corr_042017-1024x489.jpg\" alt class=\"img-responsive wp-image-320\" srcset=\"https:\/\/conceptionplus.ca\/wp-content\/uploads\/2018\/01\/LCarnitine_improvmt_after_3months_corr_042017-1024x489-200x96.jpg 200w, https:\/\/conceptionplus.ca\/wp-content\/uploads\/2018\/01\/LCarnitine_improvmt_after_3months_corr_042017-1024x489-400x191.jpg 400w, https:\/\/conceptionplus.ca\/wp-content\/uploads\/2018\/01\/LCarnitine_improvmt_after_3months_corr_042017-1024x489-600x287.jpg 600w, https:\/\/conceptionplus.ca\/wp-content\/uploads\/2018\/01\/LCarnitine_improvmt_after_3months_corr_042017-1024x489-800x382.jpg 800w\" sizes=\"(max-width: 900px) 100vw, 600px\" \/><\/a><\/span><\/div><\/div><div class=\"fusion-sep-clear\"><\/div><div class=\"fusion-separator fusion-full-width-sep\" style=\"margin-left: auto;margin-right: auto;margin-top:20px;margin-bottom:20px;width:100%;\"><\/div><div class=\"fusion-sep-clear\"><\/div><div class=\"fusion-image-element fusion-image-align-center in-legacy-container\" style=\"text-align:center;--awb-caption-title-font-family:var(--h2_typography-font-family);--awb-caption-title-font-weight:var(--h2_typography-font-weight);--awb-caption-title-font-style:var(--h2_typography-font-style);--awb-caption-title-size:var(--h2_typography-font-size);--awb-caption-title-transform:var(--h2_typography-text-transform);--awb-caption-title-line-height:var(--h2_typography-line-height);--awb-caption-title-letter-spacing:var(--h2_typography-letter-spacing);\"><div class=\"imageframe-align-center\"><span class=\" fusion-imageframe imageframe-none imageframe-3 hover-type-zoomin\"><a href=\"https:\/\/conceptionplus.ca\/wp-content\/uploads\/2018\/01\/LCarnitine_graphics_relative_change_022017-1024x489.png\" class=\"fusion-lightbox\" data-rel=\"iLightbox[112d8150063336415e1]\" title=\"LCarnitine_graphics_relative_change_022017-1024&#215;489\"><img decoding=\"async\" width=\"1024\" height=\"489\" src=\"https:\/\/conceptionplus.ca\/wp-content\/uploads\/2018\/01\/LCarnitine_graphics_relative_change_022017-1024x489.png\" alt class=\"img-responsive wp-image-318\" srcset=\"https:\/\/conceptionplus.ca\/wp-content\/uploads\/2018\/01\/LCarnitine_graphics_relative_change_022017-1024x489-200x96.png 200w, https:\/\/conceptionplus.ca\/wp-content\/uploads\/2018\/01\/LCarnitine_graphics_relative_change_022017-1024x489-400x191.png 400w, https:\/\/conceptionplus.ca\/wp-content\/uploads\/2018\/01\/LCarnitine_graphics_relative_change_022017-1024x489-600x287.png 600w, https:\/\/conceptionplus.ca\/wp-content\/uploads\/2018\/01\/LCarnitine_graphics_relative_change_022017-1024x489-800x382.png 800w\" sizes=\"(max-width: 900px) 100vw, 600px\" \/><\/a><\/span><\/div><\/div><div class=\"fusion-clearfix\"><\/div><\/div><\/div><\/div><\/div><\/p>\n","protected":false},"excerpt":{"rendered":"","protected":false},"author":1,"featured_media":0,"parent":701,"menu_order":3,"comment_status":"closed","ping_status":"closed","template":"","meta":{"_monsterinsights_skip_tracking":false,"_monsterinsights_sitenote_active":false,"_monsterinsights_sitenote_note":"","_monsterinsights_sitenote_category":0,"footnotes":""},"class_list":["post-707","page","type-page","status-publish","hentry"],"yoast_head":"<!-- This site is optimized with the Yoast SEO plugin v27.4 - https:\/\/yoast.com\/product\/yoast-seo-wordpress\/ -->\n<title>\u00c9tude sur la L-carnitine 2016 - ConceptionPLUS<\/title>\n<meta name=\"robots\" content=\"index, follow, max-snippet:-1, max-image-preview:large, max-video-preview:-1\" \/>\n<link rel=\"canonical\" href=\"https:\/\/conceptionplus.ca\/fr\/for-physician\/l-carnitine-study-2016\/\" \/>\n<meta property=\"og:locale\" content=\"fr_FR\" \/>\n<meta property=\"og:type\" content=\"article\" \/>\n<meta property=\"og:title\" content=\"\u00c9tude sur la L-carnitine 2016 - ConceptionPLUS\" \/>\n<meta property=\"og:url\" content=\"https:\/\/conceptionplus.ca\/fr\/for-physician\/l-carnitine-study-2016\/\" \/>\n<meta property=\"og:site_name\" content=\"ConceptionPLUS\" \/>\n<meta property=\"article:modified_time\" content=\"2018-02-19T03:57:52+00:00\" \/>\n<meta name=\"twitter:card\" content=\"summary_large_image\" \/>\n<meta name=\"twitter:label1\" content=\"Dur\u00e9e de lecture estim\u00e9e\" \/>\n\t<meta name=\"twitter:data1\" content=\"7 minutes\" \/>\n<script type=\"application\/ld+json\" class=\"yoast-schema-graph\">{\"@context\":\"https:\\\/\\\/schema.org\",\"@graph\":[{\"@type\":\"WebPage\",\"@id\":\"https:\\\/\\\/conceptionplus.ca\\\/fr\\\/for-physician\\\/l-carnitine-study-2016\\\/\",\"url\":\"https:\\\/\\\/conceptionplus.ca\\\/fr\\\/for-physician\\\/l-carnitine-study-2016\\\/\",\"name\":\"\u00c9tude sur la L-carnitine 2016 - ConceptionPLUS\",\"isPartOf\":{\"@id\":\"https:\\\/\\\/conceptionplus.ca\\\/fr\\\/#website\"},\"datePublished\":\"2018-02-07T17:37:26+00:00\",\"dateModified\":\"2018-02-19T03:57:52+00:00\",\"breadcrumb\":{\"@id\":\"https:\\\/\\\/conceptionplus.ca\\\/fr\\\/for-physician\\\/l-carnitine-study-2016\\\/#breadcrumb\"},\"inLanguage\":\"fr-FR\",\"potentialAction\":[{\"@type\":\"ReadAction\",\"target\":[\"https:\\\/\\\/conceptionplus.ca\\\/fr\\\/for-physician\\\/l-carnitine-study-2016\\\/\"]}]},{\"@type\":\"BreadcrumbList\",\"@id\":\"https:\\\/\\\/conceptionplus.ca\\\/fr\\\/for-physician\\\/l-carnitine-study-2016\\\/#breadcrumb\",\"itemListElement\":[{\"@type\":\"ListItem\",\"position\":1,\"name\":\"Home\",\"item\":\"https:\\\/\\\/conceptionplus.ca\\\/fr\\\/\"},{\"@type\":\"ListItem\",\"position\":2,\"name\":\"Pour les m\u00e9decins\",\"item\":\"https:\\\/\\\/conceptionplus.ca\\\/fr\\\/for-physician\\\/\"},{\"@type\":\"ListItem\",\"position\":3,\"name\":\"\u00c9tude sur la L-carnitine 2016\"}]},{\"@type\":\"WebSite\",\"@id\":\"https:\\\/\\\/conceptionplus.ca\\\/fr\\\/#website\",\"url\":\"https:\\\/\\\/conceptionplus.ca\\\/fr\\\/\",\"name\":\"ConceptionPLUS\",\"description\":\"The only major brand of natural health product approved by Health Canada for male fertility disorders.\",\"publisher\":{\"@id\":\"https:\\\/\\\/conceptionplus.ca\\\/fr\\\/#organization\"},\"potentialAction\":[{\"@type\":\"SearchAction\",\"target\":{\"@type\":\"EntryPoint\",\"urlTemplate\":\"https:\\\/\\\/conceptionplus.ca\\\/fr\\\/?s={search_term_string}\"},\"query-input\":{\"@type\":\"PropertyValueSpecification\",\"valueRequired\":true,\"valueName\":\"search_term_string\"}}],\"inLanguage\":\"fr-FR\"},{\"@type\":\"Organization\",\"@id\":\"https:\\\/\\\/conceptionplus.ca\\\/fr\\\/#organization\",\"name\":\"ConceptionPLUS\",\"url\":\"https:\\\/\\\/conceptionplus.ca\\\/fr\\\/\",\"logo\":{\"@type\":\"ImageObject\",\"inLanguage\":\"fr-FR\",\"@id\":\"https:\\\/\\\/conceptionplus.ca\\\/fr\\\/#\\\/schema\\\/logo\\\/image\\\/\",\"url\":\"https:\\\/\\\/conceptionplus.ca\\\/wp-content\\\/uploads\\\/2018\\\/12\\\/conception-logo-en-email-500x79-1.jpg\",\"contentUrl\":\"https:\\\/\\\/conceptionplus.ca\\\/wp-content\\\/uploads\\\/2018\\\/12\\\/conception-logo-en-email-500x79-1.jpg\",\"width\":500,\"height\":79,\"caption\":\"ConceptionPLUS\"},\"image\":{\"@id\":\"https:\\\/\\\/conceptionplus.ca\\\/fr\\\/#\\\/schema\\\/logo\\\/image\\\/\"}}]}<\/script>\n<!-- \/ Yoast SEO plugin. -->","yoast_head_json":{"title":"\u00c9tude sur la L-carnitine 2016 - ConceptionPLUS","robots":{"index":"index","follow":"follow","max-snippet":"max-snippet:-1","max-image-preview":"max-image-preview:large","max-video-preview":"max-video-preview:-1"},"canonical":"https:\/\/conceptionplus.ca\/fr\/for-physician\/l-carnitine-study-2016\/","og_locale":"fr_FR","og_type":"article","og_title":"\u00c9tude sur la L-carnitine 2016 - ConceptionPLUS","og_url":"https:\/\/conceptionplus.ca\/fr\/for-physician\/l-carnitine-study-2016\/","og_site_name":"ConceptionPLUS","article_modified_time":"2018-02-19T03:57:52+00:00","twitter_card":"summary_large_image","twitter_misc":{"Dur\u00e9e de lecture estim\u00e9e":"7 minutes"},"schema":{"@context":"https:\/\/schema.org","@graph":[{"@type":"WebPage","@id":"https:\/\/conceptionplus.ca\/fr\/for-physician\/l-carnitine-study-2016\/","url":"https:\/\/conceptionplus.ca\/fr\/for-physician\/l-carnitine-study-2016\/","name":"\u00c9tude sur la L-carnitine 2016 - ConceptionPLUS","isPartOf":{"@id":"https:\/\/conceptionplus.ca\/fr\/#website"},"datePublished":"2018-02-07T17:37:26+00:00","dateModified":"2018-02-19T03:57:52+00:00","breadcrumb":{"@id":"https:\/\/conceptionplus.ca\/fr\/for-physician\/l-carnitine-study-2016\/#breadcrumb"},"inLanguage":"fr-FR","potentialAction":[{"@type":"ReadAction","target":["https:\/\/conceptionplus.ca\/fr\/for-physician\/l-carnitine-study-2016\/"]}]},{"@type":"BreadcrumbList","@id":"https:\/\/conceptionplus.ca\/fr\/for-physician\/l-carnitine-study-2016\/#breadcrumb","itemListElement":[{"@type":"ListItem","position":1,"name":"Home","item":"https:\/\/conceptionplus.ca\/fr\/"},{"@type":"ListItem","position":2,"name":"Pour les m\u00e9decins","item":"https:\/\/conceptionplus.ca\/fr\/for-physician\/"},{"@type":"ListItem","position":3,"name":"\u00c9tude sur la L-carnitine 2016"}]},{"@type":"WebSite","@id":"https:\/\/conceptionplus.ca\/fr\/#website","url":"https:\/\/conceptionplus.ca\/fr\/","name":"ConceptionPLUS","description":"The only major brand of natural health product approved by Health Canada for male fertility disorders.","publisher":{"@id":"https:\/\/conceptionplus.ca\/fr\/#organization"},"potentialAction":[{"@type":"SearchAction","target":{"@type":"EntryPoint","urlTemplate":"https:\/\/conceptionplus.ca\/fr\/?s={search_term_string}"},"query-input":{"@type":"PropertyValueSpecification","valueRequired":true,"valueName":"search_term_string"}}],"inLanguage":"fr-FR"},{"@type":"Organization","@id":"https:\/\/conceptionplus.ca\/fr\/#organization","name":"ConceptionPLUS","url":"https:\/\/conceptionplus.ca\/fr\/","logo":{"@type":"ImageObject","inLanguage":"fr-FR","@id":"https:\/\/conceptionplus.ca\/fr\/#\/schema\/logo\/image\/","url":"https:\/\/conceptionplus.ca\/wp-content\/uploads\/2018\/12\/conception-logo-en-email-500x79-1.jpg","contentUrl":"https:\/\/conceptionplus.ca\/wp-content\/uploads\/2018\/12\/conception-logo-en-email-500x79-1.jpg","width":500,"height":79,"caption":"ConceptionPLUS"},"image":{"@id":"https:\/\/conceptionplus.ca\/fr\/#\/schema\/logo\/image\/"}}]}},"_links":{"self":[{"href":"https:\/\/conceptionplus.ca\/fr\/wp-json\/wp\/v2\/pages\/707","targetHints":{"allow":["GET"]}}],"collection":[{"href":"https:\/\/conceptionplus.ca\/fr\/wp-json\/wp\/v2\/pages"}],"about":[{"href":"https:\/\/conceptionplus.ca\/fr\/wp-json\/wp\/v2\/types\/page"}],"author":[{"embeddable":true,"href":"https:\/\/conceptionplus.ca\/fr\/wp-json\/wp\/v2\/users\/1"}],"replies":[{"embeddable":true,"href":"https:\/\/conceptionplus.ca\/fr\/wp-json\/wp\/v2\/comments?post=707"}],"version-history":[{"count":0,"href":"https:\/\/conceptionplus.ca\/fr\/wp-json\/wp\/v2\/pages\/707\/revisions"}],"up":[{"embeddable":true,"href":"https:\/\/conceptionplus.ca\/fr\/wp-json\/wp\/v2\/pages\/701"}],"wp:attachment":[{"href":"https:\/\/conceptionplus.ca\/fr\/wp-json\/wp\/v2\/media?parent=707"}],"curies":[{"name":"wp","href":"https:\/\/api.w.org\/{rel}","templated":true}]}}