{"id":710,"date":"2018-02-07T12:37:50","date_gmt":"2018-02-07T17:37:50","guid":{"rendered":"https:\/\/conceptionplus.ca\/?page_id=710"},"modified":"2018-02-18T23:37:58","modified_gmt":"2018-02-19T04:37:58","slug":"dna-study-2014","status":"publish","type":"page","link":"https:\/\/conceptionplus.ca\/fr\/for-physician\/dna-study-2014\/","title":{"rendered":"\u00c9tude sur l&rsquo;ADN 2014"},"content":{"rendered":"<p><div class=\"fusion-fullwidth fullwidth-box fusion-builder-row-1 nonhundred-percent-fullwidth non-hundred-percent-height-scrolling\" style=\"--awb-border-radius-top-left:0px;--awb-border-radius-top-right:0px;--awb-border-radius-bottom-right:0px;--awb-border-radius-bottom-left:0px;--awb-flex-wrap:wrap;\" ><div class=\"fusion-builder-row fusion-row\"><div class=\"fusion-layout-column fusion_builder_column fusion-builder-column-0 fusion_builder_column_1_1 1_1 fusion-one-full fusion-column-first fusion-column-last\" style=\"--awb-bg-size:cover;\"><div class=\"fusion-column-wrapper fusion-flex-column-wrapper-legacy\"><div class=\"fusion-reading-box-container reading-box-container-1\" style=\"--awb-title-color:#5c2d88;--awb-margin-top:0px;--awb-margin-bottom:30px;\"><div class=\"reading-box reading-box-center\" style=\"background-color:rgba(246,246,246,0.47);border-width:1px;border-color:#f6f6f6;border-bottom-width:3px;border-bottom-color:var(--primary_color);border-style:solid;\"><h2>\u00ab Augmenter la capacit\u00e9 de liaison de l'acide hyaluronique ou hyaluronan des spermatozo\u00efdes indiquant une plus grande maturit\u00e9 et morphologie, et une int\u00e9grit\u00e9 sup\u00e9rieure de l'ADN apr\u00e8s une suppl\u00e9mentation en micronutriments \u00bb<\/h2><\/div><\/div><div class=\"fusion-title title fusion-title-1 sep-underline sep-dashed fusion-title-text fusion-title-size-two\" style=\"--awb-margin-top:0px;\"><h2 class=\"fusion-title-heading title-heading-left fusion-responsive-typography-calculated\" style=\"margin:0;text-transform:none;--fontSize:26;line-height:1.23;\">DNA Study 2014<\/h2><\/div><div class=\"fusion-clearfix\"><\/div><\/div><\/div><\/div><\/div><div class=\"fusion-fullwidth fullwidth-box fusion-builder-row-2 nonhundred-percent-fullwidth non-hundred-percent-height-scrolling\" style=\"--awb-border-radius-top-left:0px;--awb-border-radius-top-right:0px;--awb-border-radius-bottom-right:0px;--awb-border-radius-bottom-left:0px;--awb-flex-wrap:wrap;\" ><div class=\"fusion-builder-row fusion-row\"><div class=\"fusion-layout-column fusion_builder_column fusion-builder-column-1 fusion_builder_column_2_3 2_3 fusion-two-third fusion-column-first\" style=\"--awb-bg-size:cover;width:66.666666666667%;width:calc(66.666666666667% - ( ( 4% ) * 0.66666666666667 ) );margin-right: 4%;\"><div class=\"fusion-column-wrapper fusion-flex-column-wrapper-legacy\"><div class=\"fusion-text fusion-text-1\"><p>Lipovac M., Bodner F., Sch\u00fctz A., Kurz H., Riedl C., Mair J., Imhof M.<\/p>\n<p>Des \u00e9tudes ont d\u00e9montr\u00e9 qu&rsquo;un indice \u00e9lev\u00e9 de fragmentation de l&rsquo;ADN peut \u00eatre l&rsquo;un des facteurs cl\u00e9s pouvant contribuer \u00e0 la st\u00e9rilit\u00e9 masculine inexpliqu\u00e9e. Utilisant un test de liaison de l&rsquo;hyaluronan, cette \u00e9tude pilote a examin\u00e9 le taux de fragmentation de l&rsquo;ADN apr\u00e8s avoir pris du PROfertil<span style=\"font-size: 13.3333px;\">MD<\/span>.<\/p>\n<p>La fa\u00e7on dont les spermatozo\u00efdes se lient \u00e0 l&rsquo;hyaluronan (une partie de la membrane entourant l&rsquo;oeuf) peut \u00eatre \u00e9tablie gr\u00e2ce au test de liaison de l&rsquo;hyaluronan. La t\u00eate des spermatozo\u00efdes matures transportent un r\u00e9cepteur sp\u00e9cifique pour l&rsquo;hyaluronan (acide hyaluronique). Les spermatozo\u00efdes immatures ne sont pas dot\u00e9s de ce r\u00e9cepteur. Plus le taux de fragmentation de l&rsquo;ADN est \u00e9lev\u00e9, moins il y a de spermatozo\u00efdes qui se lient \u00e0 l&rsquo;hyaluronan. Le test de liaison de l&rsquo;hyaluronan est donc un bon indicateur pour la s\u00e9lection de ces spermatozo\u00efdes qui ont atteint un stade particulier de maturit\u00e9 et, selon les r\u00e9sultats de l&rsquo;\u00e9tude, ont un faible taux de d\u00e9gradation de l&rsquo;ADN. Seuls les spermatozo\u00efdes matures peuvent se lier \u00e0 l&rsquo;hyaluronan. Ce comportement est n\u00e9cessaire pour r\u00e9ussir \u00e0 f\u00e9conder les oeufs.<a title=\"Literature\" href=\"https:\/\/conceptionplus.ca\/literature\/#27\" target=\"_blank\" rel=\"noopener\"> (Documents 27, 28, 29, 30, 31)<\/a><\/p>\n<\/div><div class=\"fusion-title title fusion-title-2 sep-underline sep-dashed fusion-title-text fusion-title-size-three\" style=\"--awb-margin-top:0px;--awb-margin-bottom:10px;\"><h3 class=\"fusion-title-heading title-heading-left fusion-responsive-typography-calculated\" style=\"margin:0;text-transform:none;--fontSize:21;line-height:1.5;\">Messages cl\u00e9s :<\/h3><\/div><ul style=\"--awb-size:15px;--awb-line-height:25.5px;--awb-icon-width:25.5px;--awb-icon-height:25.5px;--awb-icon-margin:10.5px;--awb-content-margin:36px;\" class=\"fusion-checklist fusion-checklist-1 fusion-checklist-default type-icons\"><li class=\"fusion-li-item\" style=\"\"><span class=\"icon-wrapper circle-no\"><i class=\"fusion-li-icon fa fa-check\" aria-hidden=\"true\"><\/i><\/span><div class=\"fusion-li-item-content\">\n<p>PROfertil<span style=\"font-size: 13.3333px;\">MD<\/span>\u00a0aide \u00e0 accro\u00eetre l&rsquo;int\u00e9grit\u00e9 de l&rsquo;ADN et par cons\u00e9quent, emp\u00eacher la fragmentation de l&rsquo;ADN<\/p>\n<\/div><\/li><li class=\"fusion-li-item\" style=\"\"><span class=\"icon-wrapper circle-no\"><i class=\"fusion-li-icon awb-icon-check\" aria-hidden=\"true\"><\/i><\/span><div class=\"fusion-li-item-content\">\n<p>PROfertil<span style=\"font-size: 13.3333px;\">MD<\/span>\u00a0augmente l&rsquo;int\u00e9grit\u00e9 de l&rsquo;ADN et emp\u00eache la fragmentation de l&rsquo;ADN des spermatozo\u00efdes, qui est caus\u00e9e par des facteurs environnementaux, le mode de vie et l&rsquo;\u00e2ge avanc\u00e9<\/p>\n<\/div><\/li><li class=\"fusion-li-item\" style=\"\"><span class=\"icon-wrapper circle-no\"><i class=\"fusion-li-icon awb-icon-check\" aria-hidden=\"true\"><\/i><\/span><div class=\"fusion-li-item-content\">\n<p>PROfertil<sup>MD\u00a0<\/sup>am\u00e9liore les r\u00e9sultats chez les couples faisant des traitements d&rsquo;antir\u00e9troviraux<\/p>\n<\/div><\/li><li class=\"fusion-li-item\" style=\"\"><span class=\"icon-wrapper circle-no\"><i class=\"fusion-li-icon awb-icon-check\" aria-hidden=\"true\"><\/i><\/span><div class=\"fusion-li-item-content\">\n<p>PROfertil<span style=\"font-size: 13.3333px;\">MD<\/span>\u00a0emp\u00eache les pertes de grossesse r\u00e9currentes<\/p>\n<\/div><\/li><li class=\"fusion-li-item\" style=\"\"><span class=\"icon-wrapper circle-no\"><i class=\"fusion-li-icon awb-icon-check\" aria-hidden=\"true\"><\/i><\/span><div class=\"fusion-li-item-content\">\n<p>Influence positivement le d\u00e9veloppement embryonnaire<\/p>\n<\/div><\/li><\/ul><ul style=\"--awb-size:19px;--awb-iconcolor:#5c2d88;--awb-line-height:32.3px;--awb-icon-width:32.3px;--awb-icon-height:32.3px;--awb-icon-margin:13.3px;--awb-content-margin:45.6px;\" class=\"fusion-checklist fusion-checklist-2 fusion-checklist-default type-icons\"><li class=\"fusion-li-item\" style=\"\"><span class=\"icon-wrapper circle-no\"><i class=\"fusion-li-icon awb-icon-check\" aria-hidden=\"true\"><\/i><\/span><div class=\"fusion-li-item-content\">\n<p><span class=\"purple\">Une augmentation importante de 19,7 % comparativement aux donn\u00e9es de base a \u00e9t\u00e9 obtenue dans le groupe de traitement apr\u00e8s 3 mois de traitement, ce qui a \u00e9t\u00e9 nettement sup\u00e9rieur \u00e0 la diminution de 2,1 % observ\u00e9e dans le groupe t\u00e9moin<\/span><\/p>\n<\/div><\/li><\/ul><div class=\"fusion-clearfix\"><\/div><\/div><\/div><div class=\"fusion-layout-column fusion_builder_column fusion-builder-column-2 fusion_builder_column_1_3 1_3 fusion-one-third fusion-column-last\" style=\"--awb-bg-size:cover;width:33.333333333333%;width:calc(33.333333333333% - ( ( 4% ) * 0.33333333333333 ) );\"><div class=\"fusion-column-wrapper fusion-flex-column-wrapper-legacy\"><div class=\"fusion-image-element fusion-image-align-center in-legacy-container\" style=\"text-align:center;--awb-caption-title-font-family:var(--h2_typography-font-family);--awb-caption-title-font-weight:var(--h2_typography-font-weight);--awb-caption-title-font-style:var(--h2_typography-font-style);--awb-caption-title-size:var(--h2_typography-font-size);--awb-caption-title-transform:var(--h2_typography-text-transform);--awb-caption-title-line-height:var(--h2_typography-line-height);--awb-caption-title-letter-spacing:var(--h2_typography-letter-spacing);\"><div class=\"imageframe-align-center\"><span class=\" fusion-imageframe imageframe-none imageframe-1 hover-type-none\"><img decoding=\"async\" width=\"384\" height=\"80\" title=\"EMJ-LOGO\" src=\"https:\/\/conceptionplus.ca\/wp-content\/uploads\/2018\/01\/EMJ-LOGO.png\" alt class=\"img-responsive wp-image-217\" srcset=\"https:\/\/conceptionplus.ca\/wp-content\/uploads\/2018\/01\/EMJ-LOGO-200x42.png 200w, https:\/\/conceptionplus.ca\/wp-content\/uploads\/2018\/01\/EMJ-LOGO.png 384w\" sizes=\"(max-width: 900px) 100vw, 384px\" \/><\/span><\/div><\/div><div class=\"fusion-sep-clear\"><\/div><div class=\"fusion-separator fusion-full-width-sep\" style=\"margin-left: auto;margin-right: auto;margin-top:20px;margin-bottom:20px;width:100%;\"><div class=\"fusion-separator-border sep-single sep-solid\" style=\"--awb-height:20px;--awb-amount:20px;border-color:#e0dede;border-top-width:1px;\"><\/div><\/div><div class=\"fusion-sep-clear\"><\/div><div class=\"fusion-image-element fusion-image-align-center in-legacy-container\" style=\"text-align:center;--awb-caption-title-font-family:var(--h2_typography-font-family);--awb-caption-title-font-weight:var(--h2_typography-font-weight);--awb-caption-title-font-style:var(--h2_typography-font-style);--awb-caption-title-size:var(--h2_typography-font-size);--awb-caption-title-transform:var(--h2_typography-text-transform);--awb-caption-title-line-height:var(--h2_typography-line-height);--awb-caption-title-letter-spacing:var(--h2_typography-letter-spacing);\"><div class=\"imageframe-align-center\"><span class=\" fusion-imageframe imageframe-none imageframe-2 hover-type-zoomin\"><a href=\"https:\/\/conceptionplus.ca\/wp-content\/uploads\/2018\/01\/Treatment-Group_Grafik.png\" class=\"fusion-lightbox\" data-rel=\"iLightbox[c47704e8b9b2c19d4ca]\" data-caption=\"Treatment Group\" data-title=\"Treatment Group\" title=\"Treatment Group\"><img decoding=\"async\" width=\"645\" height=\"359\" src=\"https:\/\/conceptionplus.ca\/wp-content\/uploads\/2018\/01\/Treatment-Group_Grafik.png\" alt class=\"img-responsive wp-image-361\" srcset=\"https:\/\/conceptionplus.ca\/wp-content\/uploads\/2018\/01\/Treatment-Group_Grafik-200x111.png 200w, https:\/\/conceptionplus.ca\/wp-content\/uploads\/2018\/01\/Treatment-Group_Grafik-400x223.png 400w, https:\/\/conceptionplus.ca\/wp-content\/uploads\/2018\/01\/Treatment-Group_Grafik-600x334.png 600w, https:\/\/conceptionplus.ca\/wp-content\/uploads\/2018\/01\/Treatment-Group_Grafik.png 645w\" sizes=\"(max-width: 900px) 100vw, 600px\" \/><\/a><\/span><\/div><\/div><div class=\"fusion-text fusion-text-2\"><p>Groupe de traitement<\/p>\n<\/div><div class=\"fusion-sep-clear\"><\/div><div class=\"fusion-separator fusion-full-width-sep\" style=\"margin-left: auto;margin-right: auto;margin-top:20px;margin-bottom:20px;width:100%;\"><\/div><div class=\"fusion-sep-clear\"><\/div><div class=\"fusion-image-element fusion-image-align-center in-legacy-container\" style=\"text-align:center;--awb-caption-title-font-family:var(--h2_typography-font-family);--awb-caption-title-font-weight:var(--h2_typography-font-weight);--awb-caption-title-font-style:var(--h2_typography-font-style);--awb-caption-title-size:var(--h2_typography-font-size);--awb-caption-title-transform:var(--h2_typography-text-transform);--awb-caption-title-line-height:var(--h2_typography-line-height);--awb-caption-title-letter-spacing:var(--h2_typography-letter-spacing);\"><div class=\"imageframe-align-center\"><span class=\" fusion-imageframe imageframe-none imageframe-3 hover-type-zoomin\"><a href=\"https:\/\/conceptionplus.ca\/wp-content\/uploads\/2018\/01\/Tabelle_Grafik-1024x269-1.png\" class=\"fusion-lightbox\" data-rel=\"iLightbox[f91f7cfc25f4cad7664]\" data-caption=\"Table\" data-title=\"Table\" title=\"Table\"><img decoding=\"async\" width=\"1024\" height=\"269\" src=\"https:\/\/conceptionplus.ca\/wp-content\/uploads\/2018\/01\/Tabelle_Grafik-1024x269-1.png\" alt class=\"img-responsive wp-image-375\" srcset=\"https:\/\/conceptionplus.ca\/wp-content\/uploads\/2018\/01\/Tabelle_Grafik-1024x269-1-200x53.png 200w, https:\/\/conceptionplus.ca\/wp-content\/uploads\/2018\/01\/Tabelle_Grafik-1024x269-1-400x105.png 400w, https:\/\/conceptionplus.ca\/wp-content\/uploads\/2018\/01\/Tabelle_Grafik-1024x269-1-600x158.png 600w, https:\/\/conceptionplus.ca\/wp-content\/uploads\/2018\/01\/Tabelle_Grafik-1024x269-1-800x210.png 800w, https:\/\/conceptionplus.ca\/wp-content\/uploads\/2018\/01\/Tabelle_Grafik-1024x269-1.png 1024w\" sizes=\"(max-width: 900px) 100vw, 600px\" \/><\/a><\/span><\/div><\/div><div class=\"fusion-text fusion-text-3\"><p>Table<\/p>\n<\/div><div class=\"fusion-sep-clear\"><\/div><div class=\"fusion-separator fusion-full-width-sep\" style=\"margin-left: auto;margin-right: auto;margin-top:20px;margin-bottom:20px;width:100%;\"><\/div><div class=\"fusion-sep-clear\"><\/div><div class=\"fusion-image-element fusion-image-align-center in-legacy-container\" style=\"text-align:center;--awb-caption-title-font-family:var(--h2_typography-font-family);--awb-caption-title-font-weight:var(--h2_typography-font-weight);--awb-caption-title-font-style:var(--h2_typography-font-style);--awb-caption-title-size:var(--h2_typography-font-size);--awb-caption-title-transform:var(--h2_typography-text-transform);--awb-caption-title-line-height:var(--h2_typography-line-height);--awb-caption-title-letter-spacing:var(--h2_typography-letter-spacing);\"><div class=\"imageframe-align-center\"><span class=\" fusion-imageframe imageframe-none imageframe-4 hover-type-zoomin\"><a href=\"https:\/\/conceptionplus.ca\/wp-content\/uploads\/2018\/01\/Control-Group_Grafik.png\" class=\"fusion-lightbox\" data-rel=\"iLightbox[16ca2747867e57cb003]\" data-caption=\"Control Group\" data-title=\"Control Group\" title=\"Control Group\"><img decoding=\"async\" width=\"644\" height=\"361\" alt=\"Table\" src=\"https:\/\/conceptionplus.ca\/wp-content\/uploads\/2018\/01\/Control-Group_Grafik.png\" class=\"img-responsive wp-image-365\" srcset=\"https:\/\/conceptionplus.ca\/wp-content\/uploads\/2018\/01\/Control-Group_Grafik-200x112.png 200w, https:\/\/conceptionplus.ca\/wp-content\/uploads\/2018\/01\/Control-Group_Grafik-400x224.png 400w, https:\/\/conceptionplus.ca\/wp-content\/uploads\/2018\/01\/Control-Group_Grafik-600x336.png 600w, https:\/\/conceptionplus.ca\/wp-content\/uploads\/2018\/01\/Control-Group_Grafik.png 644w\" sizes=\"(max-width: 900px) 100vw, 600px\" \/><\/a><\/span><\/div><\/div><div class=\"fusion-text fusion-text-4\"><p>Control Group<\/p>\n<\/div><div class=\"fusion-clearfix\"><\/div><\/div><\/div><\/div><\/div><\/p>\n","protected":false},"excerpt":{"rendered":"","protected":false},"author":1,"featured_media":0,"parent":701,"menu_order":4,"comment_status":"closed","ping_status":"closed","template":"","meta":{"_monsterinsights_skip_tracking":false,"_monsterinsights_sitenote_active":false,"_monsterinsights_sitenote_note":"","_monsterinsights_sitenote_category":0,"footnotes":""},"class_list":["post-710","page","type-page","status-publish","hentry"],"yoast_head":"<!-- This site is optimized with the Yoast SEO plugin v27.5 - https:\/\/yoast.com\/product\/yoast-seo-wordpress\/ -->\n<title>\u00c9tude sur l&#039;ADN 2014 - ConceptionPLUS<\/title>\n<meta name=\"robots\" content=\"index, follow, max-snippet:-1, max-image-preview:large, max-video-preview:-1\" \/>\n<link rel=\"canonical\" href=\"https:\/\/conceptionplus.ca\/fr\/for-physician\/dna-study-2014\/\" \/>\n<meta property=\"og:locale\" content=\"fr_FR\" \/>\n<meta property=\"og:type\" content=\"article\" \/>\n<meta property=\"og:title\" content=\"\u00c9tude sur l&#039;ADN 2014 - ConceptionPLUS\" \/>\n<meta property=\"og:url\" content=\"https:\/\/conceptionplus.ca\/fr\/for-physician\/dna-study-2014\/\" \/>\n<meta property=\"og:site_name\" content=\"ConceptionPLUS\" \/>\n<meta property=\"article:modified_time\" content=\"2018-02-19T04:37:58+00:00\" \/>\n<meta name=\"twitter:card\" content=\"summary_large_image\" \/>\n<meta name=\"twitter:label1\" content=\"Dur\u00e9e de lecture estim\u00e9e\" \/>\n\t<meta name=\"twitter:data1\" content=\"7 minutes\" \/>\n<script type=\"application\/ld+json\" class=\"yoast-schema-graph\">{\"@context\":\"https:\\\/\\\/schema.org\",\"@graph\":[{\"@type\":\"WebPage\",\"@id\":\"https:\\\/\\\/conceptionplus.ca\\\/fr\\\/for-physician\\\/dna-study-2014\\\/\",\"url\":\"https:\\\/\\\/conceptionplus.ca\\\/fr\\\/for-physician\\\/dna-study-2014\\\/\",\"name\":\"\u00c9tude sur l'ADN 2014 - ConceptionPLUS\",\"isPartOf\":{\"@id\":\"https:\\\/\\\/conceptionplus.ca\\\/fr\\\/#website\"},\"datePublished\":\"2018-02-07T17:37:50+00:00\",\"dateModified\":\"2018-02-19T04:37:58+00:00\",\"breadcrumb\":{\"@id\":\"https:\\\/\\\/conceptionplus.ca\\\/fr\\\/for-physician\\\/dna-study-2014\\\/#breadcrumb\"},\"inLanguage\":\"fr-FR\",\"potentialAction\":[{\"@type\":\"ReadAction\",\"target\":[\"https:\\\/\\\/conceptionplus.ca\\\/fr\\\/for-physician\\\/dna-study-2014\\\/\"]}]},{\"@type\":\"BreadcrumbList\",\"@id\":\"https:\\\/\\\/conceptionplus.ca\\\/fr\\\/for-physician\\\/dna-study-2014\\\/#breadcrumb\",\"itemListElement\":[{\"@type\":\"ListItem\",\"position\":1,\"name\":\"Home\",\"item\":\"https:\\\/\\\/conceptionplus.ca\\\/fr\\\/\"},{\"@type\":\"ListItem\",\"position\":2,\"name\":\"Pour les m\u00e9decins\",\"item\":\"https:\\\/\\\/conceptionplus.ca\\\/fr\\\/for-physician\\\/\"},{\"@type\":\"ListItem\",\"position\":3,\"name\":\"\u00c9tude sur l&#8217;ADN 2014\"}]},{\"@type\":\"WebSite\",\"@id\":\"https:\\\/\\\/conceptionplus.ca\\\/fr\\\/#website\",\"url\":\"https:\\\/\\\/conceptionplus.ca\\\/fr\\\/\",\"name\":\"ConceptionPLUS\",\"description\":\"The only major brand of natural health product approved by Health Canada for male fertility disorders.\",\"publisher\":{\"@id\":\"https:\\\/\\\/conceptionplus.ca\\\/fr\\\/#organization\"},\"potentialAction\":[{\"@type\":\"SearchAction\",\"target\":{\"@type\":\"EntryPoint\",\"urlTemplate\":\"https:\\\/\\\/conceptionplus.ca\\\/fr\\\/?s={search_term_string}\"},\"query-input\":{\"@type\":\"PropertyValueSpecification\",\"valueRequired\":true,\"valueName\":\"search_term_string\"}}],\"inLanguage\":\"fr-FR\"},{\"@type\":\"Organization\",\"@id\":\"https:\\\/\\\/conceptionplus.ca\\\/fr\\\/#organization\",\"name\":\"ConceptionPLUS\",\"url\":\"https:\\\/\\\/conceptionplus.ca\\\/fr\\\/\",\"logo\":{\"@type\":\"ImageObject\",\"inLanguage\":\"fr-FR\",\"@id\":\"https:\\\/\\\/conceptionplus.ca\\\/fr\\\/#\\\/schema\\\/logo\\\/image\\\/\",\"url\":\"https:\\\/\\\/conceptionplus.ca\\\/wp-content\\\/uploads\\\/2018\\\/12\\\/conception-logo-en-email-500x79-1.jpg\",\"contentUrl\":\"https:\\\/\\\/conceptionplus.ca\\\/wp-content\\\/uploads\\\/2018\\\/12\\\/conception-logo-en-email-500x79-1.jpg\",\"width\":500,\"height\":79,\"caption\":\"ConceptionPLUS\"},\"image\":{\"@id\":\"https:\\\/\\\/conceptionplus.ca\\\/fr\\\/#\\\/schema\\\/logo\\\/image\\\/\"}}]}<\/script>\n<!-- \/ Yoast SEO plugin. -->","yoast_head_json":{"title":"\u00c9tude sur l'ADN 2014 - ConceptionPLUS","robots":{"index":"index","follow":"follow","max-snippet":"max-snippet:-1","max-image-preview":"max-image-preview:large","max-video-preview":"max-video-preview:-1"},"canonical":"https:\/\/conceptionplus.ca\/fr\/for-physician\/dna-study-2014\/","og_locale":"fr_FR","og_type":"article","og_title":"\u00c9tude sur l'ADN 2014 - ConceptionPLUS","og_url":"https:\/\/conceptionplus.ca\/fr\/for-physician\/dna-study-2014\/","og_site_name":"ConceptionPLUS","article_modified_time":"2018-02-19T04:37:58+00:00","twitter_card":"summary_large_image","twitter_misc":{"Dur\u00e9e de lecture estim\u00e9e":"7 minutes"},"schema":{"@context":"https:\/\/schema.org","@graph":[{"@type":"WebPage","@id":"https:\/\/conceptionplus.ca\/fr\/for-physician\/dna-study-2014\/","url":"https:\/\/conceptionplus.ca\/fr\/for-physician\/dna-study-2014\/","name":"\u00c9tude sur l'ADN 2014 - ConceptionPLUS","isPartOf":{"@id":"https:\/\/conceptionplus.ca\/fr\/#website"},"datePublished":"2018-02-07T17:37:50+00:00","dateModified":"2018-02-19T04:37:58+00:00","breadcrumb":{"@id":"https:\/\/conceptionplus.ca\/fr\/for-physician\/dna-study-2014\/#breadcrumb"},"inLanguage":"fr-FR","potentialAction":[{"@type":"ReadAction","target":["https:\/\/conceptionplus.ca\/fr\/for-physician\/dna-study-2014\/"]}]},{"@type":"BreadcrumbList","@id":"https:\/\/conceptionplus.ca\/fr\/for-physician\/dna-study-2014\/#breadcrumb","itemListElement":[{"@type":"ListItem","position":1,"name":"Home","item":"https:\/\/conceptionplus.ca\/fr\/"},{"@type":"ListItem","position":2,"name":"Pour les m\u00e9decins","item":"https:\/\/conceptionplus.ca\/fr\/for-physician\/"},{"@type":"ListItem","position":3,"name":"\u00c9tude sur l&#8217;ADN 2014"}]},{"@type":"WebSite","@id":"https:\/\/conceptionplus.ca\/fr\/#website","url":"https:\/\/conceptionplus.ca\/fr\/","name":"ConceptionPLUS","description":"The only major brand of natural health product approved by Health Canada for male fertility disorders.","publisher":{"@id":"https:\/\/conceptionplus.ca\/fr\/#organization"},"potentialAction":[{"@type":"SearchAction","target":{"@type":"EntryPoint","urlTemplate":"https:\/\/conceptionplus.ca\/fr\/?s={search_term_string}"},"query-input":{"@type":"PropertyValueSpecification","valueRequired":true,"valueName":"search_term_string"}}],"inLanguage":"fr-FR"},{"@type":"Organization","@id":"https:\/\/conceptionplus.ca\/fr\/#organization","name":"ConceptionPLUS","url":"https:\/\/conceptionplus.ca\/fr\/","logo":{"@type":"ImageObject","inLanguage":"fr-FR","@id":"https:\/\/conceptionplus.ca\/fr\/#\/schema\/logo\/image\/","url":"https:\/\/conceptionplus.ca\/wp-content\/uploads\/2018\/12\/conception-logo-en-email-500x79-1.jpg","contentUrl":"https:\/\/conceptionplus.ca\/wp-content\/uploads\/2018\/12\/conception-logo-en-email-500x79-1.jpg","width":500,"height":79,"caption":"ConceptionPLUS"},"image":{"@id":"https:\/\/conceptionplus.ca\/fr\/#\/schema\/logo\/image\/"}}]}},"_links":{"self":[{"href":"https:\/\/conceptionplus.ca\/fr\/wp-json\/wp\/v2\/pages\/710","targetHints":{"allow":["GET"]}}],"collection":[{"href":"https:\/\/conceptionplus.ca\/fr\/wp-json\/wp\/v2\/pages"}],"about":[{"href":"https:\/\/conceptionplus.ca\/fr\/wp-json\/wp\/v2\/types\/page"}],"author":[{"embeddable":true,"href":"https:\/\/conceptionplus.ca\/fr\/wp-json\/wp\/v2\/users\/1"}],"replies":[{"embeddable":true,"href":"https:\/\/conceptionplus.ca\/fr\/wp-json\/wp\/v2\/comments?post=710"}],"version-history":[{"count":0,"href":"https:\/\/conceptionplus.ca\/fr\/wp-json\/wp\/v2\/pages\/710\/revisions"}],"up":[{"embeddable":true,"href":"https:\/\/conceptionplus.ca\/fr\/wp-json\/wp\/v2\/pages\/701"}],"wp:attachment":[{"href":"https:\/\/conceptionplus.ca\/fr\/wp-json\/wp\/v2\/media?parent=710"}],"curies":[{"name":"wp","href":"https:\/\/api.w.org\/{rel}","templated":true}]}}