{"id":713,"date":"2018-02-07T12:38:21","date_gmt":"2018-02-07T17:38:21","guid":{"rendered":"https:\/\/conceptionplus.ca\/?page_id=713"},"modified":"2018-02-19T16:29:48","modified_gmt":"2018-02-19T21:29:48","slug":"open-comparative-study-2010","status":"publish","type":"page","link":"https:\/\/conceptionplus.ca\/fr\/for-physician\/open-comparative-study-2010\/","title":{"rendered":"\u00c9tude comparative ouverte 2010"},"content":{"rendered":"<p><div class=\"fusion-fullwidth fullwidth-box fusion-builder-row-1 nonhundred-percent-fullwidth non-hundred-percent-height-scrolling\" style=\"--awb-border-radius-top-left:0px;--awb-border-radius-top-right:0px;--awb-border-radius-bottom-right:0px;--awb-border-radius-bottom-left:0px;--awb-flex-wrap:wrap;\" ><div class=\"fusion-builder-row fusion-row\"><div class=\"fusion-layout-column fusion_builder_column fusion-builder-column-0 fusion_builder_column_1_1 1_1 fusion-one-full fusion-column-first fusion-column-last\" style=\"--awb-bg-size:cover;\"><div class=\"fusion-column-wrapper fusion-flex-column-wrapper-legacy\"><div class=\"fusion-reading-box-container reading-box-container-1\" style=\"--awb-title-color:#5c2d88;--awb-margin-top:0px;--awb-margin-bottom:30px;\"><div class=\"reading-box reading-box-center\" style=\"background-color:rgba(246,246,246,0.47);border-width:1px;border-color:#f6f6f6;border-bottom-width:3px;border-bottom-color:var(--primary_color);border-style:solid;\"><h2>\u00ab Am\u00e9lioration de la qualit\u00e9 du sperme apr\u00e8s une suppl\u00e9mentation en micronutriments \u00bb<\/h2><\/div><\/div><div class=\"fusion-title title fusion-title-1 sep-underline sep-dashed fusion-title-text fusion-title-size-two\" style=\"--awb-margin-top:0px;\"><h2 class=\"fusion-title-heading title-heading-left fusion-responsive-typography-calculated\" style=\"margin:0;text-transform:none;--fontSize:26;line-height:1.23;\">\u00c9tude comparative ouverte 2010<\/h2><\/div><div class=\"fusion-clearfix\"><\/div><\/div><\/div><\/div><\/div><div class=\"fusion-fullwidth fullwidth-box fusion-builder-row-2 nonhundred-percent-fullwidth non-hundred-percent-height-scrolling\" style=\"--awb-border-radius-top-left:0px;--awb-border-radius-top-right:0px;--awb-border-radius-bottom-right:0px;--awb-border-radius-bottom-left:0px;--awb-flex-wrap:wrap;\" ><div class=\"fusion-builder-row fusion-row\"><div class=\"fusion-layout-column fusion_builder_column fusion-builder-column-1 fusion_builder_column_1_1 1_1 fusion-one-full fusion-column-first fusion-column-last\" style=\"--awb-bg-size:cover;\"><div class=\"fusion-column-wrapper fusion-flex-column-wrapper-legacy\"><div class=\"fusion-title title fusion-title-2 sep-underline sep-dashed fusion-title-text fusion-title-size-three\" style=\"--awb-margin-top:0px;--awb-margin-bottom:10px;\"><h3 class=\"fusion-title-heading title-heading-left fusion-responsive-typography-calculated\" style=\"margin:0;text-transform:none;--fontSize:21;line-height:1.5;\">Protocole<\/h3><\/div><div class=\"fusion-text fusion-text-1\"><p>Sous la direction du professeur d&rsquo;universit\u00e9, le Dr Martin Imhof, cette \u00e9tude comparative ouverte a \u00e9t\u00e9 men\u00e9e au Centre de fertilit\u00e9 de la Clinique m\u00e9dicale internationale de Vienne en Autriche, entre janvier 2006 et octobre 2010. Un groupe de 132 hommes hypofertiles (volet du traitement) ont \u00e9t\u00e9 invit\u00e9s \u00e0 prendre deux capsules par jour de l&rsquo;ingr\u00e9dient actif (PROfertil<sup>MD<\/sup>) pendant trois mois entre la premi\u00e8re analyse du sperme et les suivantes. Chaque capsule de l&rsquo;ingr\u00e9dient actif contenait de la L-carnitine, de la L-arginine, du zinc, de la vitamine E, du glutathion, de l&rsquo;acide folique, du s\u00e9l\u00e9nium et de la coenzyme Q10. Le groupe t\u00e9moin \u00e9tait compos\u00e9 d&rsquo;hommes hypofertiles qui ne prenaient pas l&rsquo;ingr\u00e9dient actif (n = 73). La m\u00e9thode de mesure cible correspondante \u00e9tait une analyse de sperme standardis\u00e9e, effectu\u00e9e au d\u00e9but et apr\u00e8s trois mois de traitement. Les crit\u00e8res d&rsquo;inclusion \u00e9taient l&rsquo;\u00e2ge : &gt;18 et &lt; 65 ans, l&rsquo;infertilit\u00e9 pendant un an et au moins deux analyses de sperme anormales (aussi appel\u00e9es spermogrammes) avant la participation \u00e0 l&rsquo;\u00e9tude. Les crit\u00e8res d&rsquo;exclusion \u00e9taient les varices, les infections, l&rsquo;aspermie et les troubles hormonaux.<\/p>\n<\/div><div class=\"fusion-title title fusion-title-3 sep-underline sep-dashed fusion-title-text fusion-title-size-three\" style=\"--awb-margin-top:0px;--awb-margin-bottom:10px;\"><h3 class=\"fusion-title-heading title-heading-left fusion-responsive-typography-calculated\" style=\"margin:0;text-transform:none;--fontSize:21;line-height:1.5;\">R\u00e9sultats d\u00e9taill\u00e9s de l&rsquo;\u00e9tude :<\/h3><\/div><div class=\"fusion-clearfix\"><\/div><\/div><\/div><div class=\"fusion-layout-column fusion_builder_column fusion-builder-column-2 fusion_builder_column_2_3 2_3 fusion-two-third fusion-column-first\" style=\"--awb-bg-size:cover;width:66.666666666667%;width:calc(66.666666666667% - ( ( 4% ) * 0.66666666666667 ) );margin-right: 4%;\"><div class=\"fusion-column-wrapper fusion-flex-column-wrapper-legacy\"><div class=\"fusion-text fusion-text-2\"><p>Am\u00e9lioration de la qualit\u00e9 du sperme chez les hommes hypofertiles en raison de la combinaison de micronutriments\u00a0<a title=\"Literature\" href=\"https:\/\/conceptionplus.ca\/literature\/#23\" target=\"_blank\" rel=\"noopener\"><sup>23,24<\/sup><\/a><br \/>\nTous les param\u00e8tres \u00e9valu\u00e9s lors de l&rsquo;analyse du sperme \u00e9taient beaucoup plus \u00e9lev\u00e9s apr\u00e8s trois mois de traitement avec l&rsquo;ingr\u00e9dient actif. La densit\u00e9 des spermatozo\u00efdes, le volume moyen d&rsquo;\u00e9jaculation, la mobilit\u00e9 des spermatozo\u00efdes (d\u00e9placement vers l&rsquo;avant et total) et la\u00a0 morphologie normale se sont accrus de 33,3, 215,5, 83,1, 36,4 et 23,0 % respectivement. Ces am\u00e9liorations \u00e9taient nettement sup\u00e9rieures \u00e0 celles du groupe t\u00e9moin. Aucun effet secondaire n&rsquo;a \u00e9t\u00e9 rapport\u00e9 dans le groupe de traitement et apr\u00e8s une p\u00e9riode d&rsquo;observation de six mois, 34 grossesses ont \u00e9t\u00e9 rapport\u00e9es, comparativement \u00e0 seulement 11 grossesses dans le groupe t\u00e9moin.<\/p>\n<\/div><div class=\"fusion-clearfix\"><\/div><\/div><\/div><div class=\"fusion-layout-column fusion_builder_column fusion-builder-column-3 fusion_builder_column_1_3 1_3 fusion-one-third fusion-column-last\" style=\"--awb-bg-size:cover;width:33.333333333333%;width:calc(33.333333333333% - ( ( 4% ) * 0.33333333333333 ) );\"><div class=\"fusion-column-wrapper fusion-flex-column-wrapper-legacy\"><div class=\"fusion-image-element fusion-image-align-center in-legacy-container\" style=\"text-align:center;--awb-caption-title-font-family:var(--h2_typography-font-family);--awb-caption-title-font-weight:var(--h2_typography-font-weight);--awb-caption-title-font-style:var(--h2_typography-font-style);--awb-caption-title-size:var(--h2_typography-font-size);--awb-caption-title-transform:var(--h2_typography-text-transform);--awb-caption-title-line-height:var(--h2_typography-line-height);--awb-caption-title-letter-spacing:var(--h2_typography-letter-spacing);\"><div class=\"imageframe-align-center\"><span class=\" fusion-imageframe imageframe-none imageframe-1 hover-type-zoomin\"><a href=\"https:\/\/conceptionplus.ca\/wp-content\/uploads\/2018\/01\/controlled-study.jpg\" class=\"fusion-lightbox\" data-rel=\"iLightbox[777ef5712500f836945]\" data-caption=\"Illustration: Study Results\" data-title=\"Illustration: Study Results\" title=\"Illustration: Study Results\"><img decoding=\"async\" width=\"300\" height=\"124\" src=\"https:\/\/conceptionplus.ca\/wp-content\/uploads\/2018\/01\/controlled-study-300x124.jpg\" alt class=\"img-responsive wp-image-518\" srcset=\"https:\/\/conceptionplus.ca\/wp-content\/uploads\/2018\/01\/controlled-study-200x83.jpg 200w, https:\/\/conceptionplus.ca\/wp-content\/uploads\/2018\/01\/controlled-study-400x165.jpg 400w, https:\/\/conceptionplus.ca\/wp-content\/uploads\/2018\/01\/controlled-study-600x248.jpg 600w, https:\/\/conceptionplus.ca\/wp-content\/uploads\/2018\/01\/controlled-study-800x330.jpg 800w, https:\/\/conceptionplus.ca\/wp-content\/uploads\/2018\/01\/controlled-study.jpg 880w\" sizes=\"(max-width: 900px) 100vw, 600px\" \/><\/a><\/span><\/div><\/div><div class=\"fusion-text fusion-text-3\"><p class=\"caption\">Illustration : R\u00e9sultats de l&rsquo;\u00e9tude<\/p>\n<\/div><div class=\"fusion-clearfix\"><\/div><\/div><\/div><div class=\"fusion-layout-column fusion_builder_column fusion-builder-column-4 fusion_builder_column_1_1 1_1 fusion-one-full fusion-column-first fusion-column-last\" style=\"--awb-bg-size:cover;\"><div class=\"fusion-column-wrapper fusion-flex-column-wrapper-legacy\"><div class=\"fusion-title title fusion-title-4 sep-underline sep-dashed fusion-title-text fusion-title-size-three\" style=\"--awb-margin-top:0px;--awb-margin-bottom:10px;\"><h3 class=\"fusion-title-heading title-heading-left fusion-responsive-typography-calculated\" style=\"margin:0;text-transform:none;--fontSize:21;line-height:1.5;\">Conclusion :<\/h3><\/div><div class=\"fusion-text fusion-text-4\"><p>L&rsquo;\u00e9tude a d\u00e9montr\u00e9 de mani\u00e8re impressionnante que l&rsquo;administration de PROfertil<sup>MD<\/sup>\u00a0permet d&rsquo;obtenir une am\u00e9lioration importante de la qualit\u00e9 du sperme jusqu&rsquo;\u00e0 l&rsquo;obtention d&rsquo;un spermogramme compl\u00e8tement normal.<\/p>\n<\/div><div class=\"fusion-clearfix\"><\/div><\/div><\/div><\/div><\/div><\/p>\n","protected":false},"excerpt":{"rendered":"","protected":false},"author":1,"featured_media":0,"parent":701,"menu_order":5,"comment_status":"closed","ping_status":"closed","template":"","meta":{"_monsterinsights_skip_tracking":false,"_monsterinsights_sitenote_active":false,"_monsterinsights_sitenote_note":"","_monsterinsights_sitenote_category":0,"footnotes":""},"class_list":["post-713","page","type-page","status-publish","hentry"],"yoast_head":"<!-- This site is optimized with the Yoast SEO plugin v27.3 - https:\/\/yoast.com\/product\/yoast-seo-wordpress\/ -->\n<title>\u00c9tude comparative ouverte 2010 - ConceptionPLUS<\/title>\n<meta name=\"robots\" content=\"index, follow, max-snippet:-1, max-image-preview:large, max-video-preview:-1\" \/>\n<link rel=\"canonical\" href=\"https:\/\/conceptionplus.ca\/fr\/for-physician\/open-comparative-study-2010\/\" \/>\n<meta property=\"og:locale\" content=\"fr_FR\" \/>\n<meta property=\"og:type\" content=\"article\" \/>\n<meta property=\"og:title\" content=\"\u00c9tude comparative ouverte 2010 - ConceptionPLUS\" \/>\n<meta property=\"og:url\" content=\"https:\/\/conceptionplus.ca\/fr\/for-physician\/open-comparative-study-2010\/\" \/>\n<meta property=\"og:site_name\" content=\"ConceptionPLUS\" \/>\n<meta property=\"article:modified_time\" content=\"2018-02-19T21:29:48+00:00\" \/>\n<meta name=\"twitter:card\" content=\"summary_large_image\" \/>\n<meta name=\"twitter:label1\" content=\"Dur\u00e9e de lecture estim\u00e9e\" \/>\n\t<meta name=\"twitter:data1\" content=\"6 minutes\" \/>\n<script type=\"application\/ld+json\" class=\"yoast-schema-graph\">{\"@context\":\"https:\\\/\\\/schema.org\",\"@graph\":[{\"@type\":\"WebPage\",\"@id\":\"https:\\\/\\\/conceptionplus.ca\\\/fr\\\/for-physician\\\/open-comparative-study-2010\\\/\",\"url\":\"https:\\\/\\\/conceptionplus.ca\\\/fr\\\/for-physician\\\/open-comparative-study-2010\\\/\",\"name\":\"\u00c9tude comparative ouverte 2010 - ConceptionPLUS\",\"isPartOf\":{\"@id\":\"https:\\\/\\\/conceptionplus.ca\\\/fr\\\/#website\"},\"datePublished\":\"2018-02-07T17:38:21+00:00\",\"dateModified\":\"2018-02-19T21:29:48+00:00\",\"breadcrumb\":{\"@id\":\"https:\\\/\\\/conceptionplus.ca\\\/fr\\\/for-physician\\\/open-comparative-study-2010\\\/#breadcrumb\"},\"inLanguage\":\"fr-FR\",\"potentialAction\":[{\"@type\":\"ReadAction\",\"target\":[\"https:\\\/\\\/conceptionplus.ca\\\/fr\\\/for-physician\\\/open-comparative-study-2010\\\/\"]}]},{\"@type\":\"BreadcrumbList\",\"@id\":\"https:\\\/\\\/conceptionplus.ca\\\/fr\\\/for-physician\\\/open-comparative-study-2010\\\/#breadcrumb\",\"itemListElement\":[{\"@type\":\"ListItem\",\"position\":1,\"name\":\"Home\",\"item\":\"https:\\\/\\\/conceptionplus.ca\\\/fr\\\/\"},{\"@type\":\"ListItem\",\"position\":2,\"name\":\"Pour les m\u00e9decins\",\"item\":\"https:\\\/\\\/conceptionplus.ca\\\/fr\\\/for-physician\\\/\"},{\"@type\":\"ListItem\",\"position\":3,\"name\":\"\u00c9tude comparative ouverte 2010\"}]},{\"@type\":\"WebSite\",\"@id\":\"https:\\\/\\\/conceptionplus.ca\\\/fr\\\/#website\",\"url\":\"https:\\\/\\\/conceptionplus.ca\\\/fr\\\/\",\"name\":\"ConceptionPLUS\",\"description\":\"The only major brand of natural health product approved by Health Canada for male fertility disorders.\",\"publisher\":{\"@id\":\"https:\\\/\\\/conceptionplus.ca\\\/fr\\\/#organization\"},\"potentialAction\":[{\"@type\":\"SearchAction\",\"target\":{\"@type\":\"EntryPoint\",\"urlTemplate\":\"https:\\\/\\\/conceptionplus.ca\\\/fr\\\/?s={search_term_string}\"},\"query-input\":{\"@type\":\"PropertyValueSpecification\",\"valueRequired\":true,\"valueName\":\"search_term_string\"}}],\"inLanguage\":\"fr-FR\"},{\"@type\":\"Organization\",\"@id\":\"https:\\\/\\\/conceptionplus.ca\\\/fr\\\/#organization\",\"name\":\"ConceptionPLUS\",\"url\":\"https:\\\/\\\/conceptionplus.ca\\\/fr\\\/\",\"logo\":{\"@type\":\"ImageObject\",\"inLanguage\":\"fr-FR\",\"@id\":\"https:\\\/\\\/conceptionplus.ca\\\/fr\\\/#\\\/schema\\\/logo\\\/image\\\/\",\"url\":\"https:\\\/\\\/conceptionplus.ca\\\/wp-content\\\/uploads\\\/2018\\\/12\\\/conception-logo-en-email-500x79-1.jpg\",\"contentUrl\":\"https:\\\/\\\/conceptionplus.ca\\\/wp-content\\\/uploads\\\/2018\\\/12\\\/conception-logo-en-email-500x79-1.jpg\",\"width\":500,\"height\":79,\"caption\":\"ConceptionPLUS\"},\"image\":{\"@id\":\"https:\\\/\\\/conceptionplus.ca\\\/fr\\\/#\\\/schema\\\/logo\\\/image\\\/\"}}]}<\/script>\n<!-- \/ Yoast SEO plugin. -->","yoast_head_json":{"title":"\u00c9tude comparative ouverte 2010 - ConceptionPLUS","robots":{"index":"index","follow":"follow","max-snippet":"max-snippet:-1","max-image-preview":"max-image-preview:large","max-video-preview":"max-video-preview:-1"},"canonical":"https:\/\/conceptionplus.ca\/fr\/for-physician\/open-comparative-study-2010\/","og_locale":"fr_FR","og_type":"article","og_title":"\u00c9tude comparative ouverte 2010 - ConceptionPLUS","og_url":"https:\/\/conceptionplus.ca\/fr\/for-physician\/open-comparative-study-2010\/","og_site_name":"ConceptionPLUS","article_modified_time":"2018-02-19T21:29:48+00:00","twitter_card":"summary_large_image","twitter_misc":{"Dur\u00e9e de lecture estim\u00e9e":"6 minutes"},"schema":{"@context":"https:\/\/schema.org","@graph":[{"@type":"WebPage","@id":"https:\/\/conceptionplus.ca\/fr\/for-physician\/open-comparative-study-2010\/","url":"https:\/\/conceptionplus.ca\/fr\/for-physician\/open-comparative-study-2010\/","name":"\u00c9tude comparative ouverte 2010 - ConceptionPLUS","isPartOf":{"@id":"https:\/\/conceptionplus.ca\/fr\/#website"},"datePublished":"2018-02-07T17:38:21+00:00","dateModified":"2018-02-19T21:29:48+00:00","breadcrumb":{"@id":"https:\/\/conceptionplus.ca\/fr\/for-physician\/open-comparative-study-2010\/#breadcrumb"},"inLanguage":"fr-FR","potentialAction":[{"@type":"ReadAction","target":["https:\/\/conceptionplus.ca\/fr\/for-physician\/open-comparative-study-2010\/"]}]},{"@type":"BreadcrumbList","@id":"https:\/\/conceptionplus.ca\/fr\/for-physician\/open-comparative-study-2010\/#breadcrumb","itemListElement":[{"@type":"ListItem","position":1,"name":"Home","item":"https:\/\/conceptionplus.ca\/fr\/"},{"@type":"ListItem","position":2,"name":"Pour les m\u00e9decins","item":"https:\/\/conceptionplus.ca\/fr\/for-physician\/"},{"@type":"ListItem","position":3,"name":"\u00c9tude comparative ouverte 2010"}]},{"@type":"WebSite","@id":"https:\/\/conceptionplus.ca\/fr\/#website","url":"https:\/\/conceptionplus.ca\/fr\/","name":"ConceptionPLUS","description":"The only major brand of natural health product approved by Health Canada for male fertility disorders.","publisher":{"@id":"https:\/\/conceptionplus.ca\/fr\/#organization"},"potentialAction":[{"@type":"SearchAction","target":{"@type":"EntryPoint","urlTemplate":"https:\/\/conceptionplus.ca\/fr\/?s={search_term_string}"},"query-input":{"@type":"PropertyValueSpecification","valueRequired":true,"valueName":"search_term_string"}}],"inLanguage":"fr-FR"},{"@type":"Organization","@id":"https:\/\/conceptionplus.ca\/fr\/#organization","name":"ConceptionPLUS","url":"https:\/\/conceptionplus.ca\/fr\/","logo":{"@type":"ImageObject","inLanguage":"fr-FR","@id":"https:\/\/conceptionplus.ca\/fr\/#\/schema\/logo\/image\/","url":"https:\/\/conceptionplus.ca\/wp-content\/uploads\/2018\/12\/conception-logo-en-email-500x79-1.jpg","contentUrl":"https:\/\/conceptionplus.ca\/wp-content\/uploads\/2018\/12\/conception-logo-en-email-500x79-1.jpg","width":500,"height":79,"caption":"ConceptionPLUS"},"image":{"@id":"https:\/\/conceptionplus.ca\/fr\/#\/schema\/logo\/image\/"}}]}},"_links":{"self":[{"href":"https:\/\/conceptionplus.ca\/fr\/wp-json\/wp\/v2\/pages\/713","targetHints":{"allow":["GET"]}}],"collection":[{"href":"https:\/\/conceptionplus.ca\/fr\/wp-json\/wp\/v2\/pages"}],"about":[{"href":"https:\/\/conceptionplus.ca\/fr\/wp-json\/wp\/v2\/types\/page"}],"author":[{"embeddable":true,"href":"https:\/\/conceptionplus.ca\/fr\/wp-json\/wp\/v2\/users\/1"}],"replies":[{"embeddable":true,"href":"https:\/\/conceptionplus.ca\/fr\/wp-json\/wp\/v2\/comments?post=713"}],"version-history":[{"count":0,"href":"https:\/\/conceptionplus.ca\/fr\/wp-json\/wp\/v2\/pages\/713\/revisions"}],"up":[{"embeddable":true,"href":"https:\/\/conceptionplus.ca\/fr\/wp-json\/wp\/v2\/pages\/701"}],"wp:attachment":[{"href":"https:\/\/conceptionplus.ca\/fr\/wp-json\/wp\/v2\/media?parent=713"}],"curies":[{"name":"wp","href":"https:\/\/api.w.org\/{rel}","templated":true}]}}