{"id":719,"date":"2018-02-07T12:39:41","date_gmt":"2018-02-07T17:39:41","guid":{"rendered":"https:\/\/conceptionplus.ca\/?page_id=719"},"modified":"2018-02-20T23:40:45","modified_gmt":"2018-02-21T04:40:45","slug":"pilot-study-2006-2008","status":"publish","type":"page","link":"https:\/\/conceptionplus.ca\/fr\/for-physician\/pilot-study-2006-2008\/","title":{"rendered":"\u00c9tude pilote 2006 \u2013 2008"},"content":{"rendered":"<p><div class=\"fusion-fullwidth fullwidth-box fusion-builder-row-1 nonhundred-percent-fullwidth non-hundred-percent-height-scrolling\" style=\"--awb-border-radius-top-left:0px;--awb-border-radius-top-right:0px;--awb-border-radius-bottom-right:0px;--awb-border-radius-bottom-left:0px;--awb-flex-wrap:wrap;\" ><div class=\"fusion-builder-row fusion-row\"><div class=\"fusion-layout-column fusion_builder_column fusion-builder-column-0 fusion_builder_column_1_1 1_1 fusion-one-full fusion-column-first fusion-column-last\" style=\"--awb-bg-size:cover;\"><div class=\"fusion-column-wrapper fusion-flex-column-wrapper-legacy\"><div class=\"fusion-reading-box-container reading-box-container-1\" style=\"--awb-title-color:#5c2d88;--awb-margin-top:0px;--awb-margin-bottom:30px;\"><div class=\"reading-box reading-box-center\" style=\"background-color:rgba(246,246,246,0.47);border-width:1px;border-color:#f6f6f6;border-bottom-width:3px;border-bottom-color:var(--primary_color);border-style:solid;\"><h2>\u00ab L'utilisation du nutraceutique PROfertilMD \u2013 un traitement pour le facteur masculin \u00bb<\/h2><\/div><\/div><div class=\"fusion-title title fusion-title-1 sep-underline sep-dashed fusion-title-text fusion-title-size-two\" style=\"--awb-margin-top:0px;\"><h2 class=\"fusion-title-heading title-heading-left fusion-responsive-typography-calculated\" style=\"margin:0;text-transform:none;--fontSize:26;line-height:1.23;\">\u00c9tude pilote 2006 \u2013 2008<\/h2><\/div><div class=\"fusion-clearfix\"><\/div><\/div><\/div><\/div><\/div><div class=\"fusion-fullwidth fullwidth-box fusion-builder-row-2 nonhundred-percent-fullwidth non-hundred-percent-height-scrolling\" style=\"--awb-border-radius-top-left:0px;--awb-border-radius-top-right:0px;--awb-border-radius-bottom-right:0px;--awb-border-radius-bottom-left:0px;--awb-flex-wrap:wrap;\" ><div class=\"fusion-builder-row fusion-row\"><div class=\"fusion-layout-column fusion_builder_column fusion-builder-column-1 fusion_builder_column_1_1 1_1 fusion-one-full fusion-column-first fusion-column-last\" style=\"--awb-bg-size:cover;\"><div class=\"fusion-column-wrapper fusion-flex-column-wrapper-legacy\"><div class=\"fusion-title title fusion-title-2 sep-underline sep-dashed fusion-title-text fusion-title-size-three\" style=\"--awb-margin-top:0px;--awb-margin-bottom:10px;\"><h3 class=\"fusion-title-heading title-heading-left fusion-responsive-typography-calculated\" style=\"margin:0;text-transform:none;--fontSize:21;line-height:1.5;\">La recherche de traitements non traditionnels pour am\u00e9liorer la qualit\u00e9 du sperme<\/h3><\/div><div class=\"fusion-text fusion-text-1\"><p>\u00c9tant donn\u00e9 l&rsquo;augmentation rapide de spermogrammes anormaux au cours des derni\u00e8res ann\u00e9es et aucun traitement \u00e9tabli disponible pour am\u00e9liorer la qualit\u00e9 du sperme, il existe une prise de conscience accrue pour des traitements non traditionnels tels qu&rsquo;un traitement alimentaire avec micronutriments.<\/p>\n<\/div><div class=\"fusion-title title fusion-title-3 sep-underline sep-dashed fusion-title-text fusion-title-size-three\" style=\"--awb-margin-top:0px;--awb-margin-bottom:10px;\"><h3 class=\"fusion-title-heading title-heading-left fusion-responsive-typography-calculated\" style=\"margin:0;text-transform:none;--fontSize:21;line-height:1.5;\">Protocole<\/h3><\/div><div class=\"fusion-text fusion-text-2\"><p>Un total de 120 hommes dont l&rsquo;\u00e2ge moyen \u00e9tait de 35,9 ans (23 \u00e0 58 ans) souffrant d&rsquo;infertilit\u00e9 \u00e0 long terme (&gt;2 ans) et ayant au moins deux analyses de sperme anormales dans leurs ant\u00e9c\u00e9dents ont \u00e9t\u00e9 inclus dans cette \u00e9tude pilote au Centre de fertilit\u00e9 de la Clinique m\u00e9dicale internationale \u00e0 Vienne, en Autriche. Les patients souffrant d&rsquo;azoospermie, d&rsquo;aspermie, de varicoc\u00e8le connue et d&rsquo;infections urog\u00e9nitales ont \u00e9t\u00e9 exclus de l&rsquo;\u00e9tude. PROfertilMD a \u00e9t\u00e9 donn\u00e9 dans le cadre d&rsquo;un r\u00e9gime calcul\u00e9 pendant trois mois, une capsule deux fois par jour. Un spermogramme de suivi a \u00e9t\u00e9 effectu\u00e9 \u00e0 la fin de la p\u00e9riode de trois mois.<\/p>\n<\/div><div class=\"fusion-title title fusion-title-4 sep-underline sep-dashed fusion-title-text fusion-title-size-three\" style=\"--awb-margin-top:0px;--awb-margin-bottom:10px;\"><h3 class=\"fusion-title-heading title-heading-left fusion-responsive-typography-calculated\" style=\"margin:0;text-transform:none;--fontSize:21;line-height:1.5;\">Le tout est-il plus grand que la somme de ses parties?<\/h3><\/div><div class=\"fusion-text fusion-text-3\"><p>Le but de cette \u00e9tude \u00e9tait d&rsquo;examiner une combinaison de huit substances individuelles scientifiquement \u00e9tay\u00e9es et leur impact sur la qualit\u00e9 du sperme. L&rsquo;hypoth\u00e8se \u00e9tait que l&rsquo;effet de toutes les substances individuelles prises ensemble aurait un effet suppl\u00e9mentaire.<\/p>\n<\/div><div class=\"fusion-title title fusion-title-5 sep-underline sep-dashed fusion-title-text fusion-title-size-three\" style=\"--awb-margin-top:0px;--awb-margin-bottom:10px;\"><h3 class=\"fusion-title-heading title-heading-left fusion-responsive-typography-calculated\" style=\"margin:0;text-transform:none;--fontSize:21;line-height:1.5;\">R\u00e9sultats d\u00e9taill\u00e9s de l&rsquo;\u00e9tude<\/h3><\/div><div class=\"fusion-clearfix\"><\/div><\/div><\/div><div class=\"fusion-layout-column fusion_builder_column fusion-builder-column-2 fusion_builder_column_2_3 2_3 fusion-two-third fusion-column-first\" style=\"--awb-bg-size:cover;width:66.666666666667%;width:calc(66.666666666667% - ( ( 4% ) * 0.66666666666667 ) );margin-right: 4%;\"><div class=\"fusion-column-wrapper fusion-flex-column-wrapper-legacy\"><div class=\"fusion-text fusion-text-4\"><p>L&rsquo;utilisation de PROfertil<sup>MD<\/sup>\u00a0pour le traitement du facteur masculin et l&rsquo;am\u00e9lioration du nombre de spermatozo\u00efdes<a title=\"Literature\" href=\"https:\/\/conceptionplus.ca\/literature\/\" target=\"_blank\" rel=\"noopener\"><sup>1)<\/sup><\/a>\u00a0a \u00e9t\u00e9 un succ\u00e8s : La densit\u00e9 des spermatozo\u00efdes a augment\u00e9 en moyenne de 29,46 millions\/ml \u00e0 53,19 millions\/ml (+ 80,54 %), avec une augmentation moyenne de 23,73 millions quant \u00e0 la densit\u00e9 des spermatozo\u00efdes par millilitre. Le volume de l&rsquo;\u00e9jaculat a augment\u00e9 de 2,91 ml \u00e0 3,61 ml (+ 24,05 %). Le nombre de spermatozo\u00efdes progressivement mobiles a augment\u00e9 en moyenne de 8,95 % \u00e0 19,27 % (+115,3 %). La mobilit\u00e9 totale (excluant les spermatozo\u00efdes statiques) a affich\u00e9 une augmentation cumulative de 33,13 % \u00e0 49,27 % (+ 48,71 %). Le nombre de spermatozo\u00efdes ayant une morphologie normale s&rsquo;est am\u00e9lior\u00e9 en passant de 31,14 % \u00e0 38,90 % (+24,91 %).<\/p>\n<\/div><div class=\"fusion-clearfix\"><\/div><\/div><\/div><div class=\"fusion-layout-column fusion_builder_column fusion-builder-column-3 fusion_builder_column_1_3 1_3 fusion-one-third fusion-column-last\" style=\"--awb-bg-size:cover;width:33.333333333333%;width:calc(33.333333333333% - ( ( 4% ) * 0.33333333333333 ) );\"><div class=\"fusion-column-wrapper fusion-flex-column-wrapper-legacy\"><div class=\"fusion-image-element fusion-image-align-center in-legacy-container\" style=\"text-align:center;--awb-caption-title-font-family:var(--h2_typography-font-family);--awb-caption-title-font-weight:var(--h2_typography-font-weight);--awb-caption-title-font-style:var(--h2_typography-font-style);--awb-caption-title-size:var(--h2_typography-font-size);--awb-caption-title-transform:var(--h2_typography-text-transform);--awb-caption-title-line-height:var(--h2_typography-line-height);--awb-caption-title-letter-spacing:var(--h2_typography-letter-spacing);\"><div class=\"imageframe-align-center\"><span class=\" fusion-imageframe imageframe-none imageframe-1 hover-type-zoomin\"><a href=\"https:\/\/conceptionplus.ca\/wp-content\/uploads\/2018\/01\/PilotStudy_illustration_en.jpg\" class=\"fusion-lightbox\" data-rel=\"iLightbox[512f490383c2fa2838e]\" data-caption=\"Study results\" data-title=\"Study results\" title=\"Study results\"><img decoding=\"async\" width=\"597\" height=\"439\" src=\"https:\/\/conceptionplus.ca\/wp-content\/uploads\/2018\/01\/PilotStudy_illustration_en.jpg\" alt class=\"img-responsive wp-image-404\" srcset=\"https:\/\/conceptionplus.ca\/wp-content\/uploads\/2018\/01\/PilotStudy_illustration_en-200x147.jpg 200w, https:\/\/conceptionplus.ca\/wp-content\/uploads\/2018\/01\/PilotStudy_illustration_en-400x294.jpg 400w, https:\/\/conceptionplus.ca\/wp-content\/uploads\/2018\/01\/PilotStudy_illustration_en.jpg 597w\" sizes=\"(max-width: 900px) 100vw, 597px\" \/><\/a><\/span><\/div><\/div><div class=\"fusion-text fusion-text-5\"><p class=\"caption\">Study results<\/p>\n<\/div><div class=\"fusion-clearfix\"><\/div><\/div><\/div><div class=\"fusion-layout-column fusion_builder_column fusion-builder-column-4 fusion_builder_column_1_1 1_1 fusion-one-full fusion-column-first fusion-column-last\" style=\"--awb-bg-size:cover;\"><div class=\"fusion-column-wrapper fusion-flex-column-wrapper-legacy\"><div class=\"fusion-title title fusion-title-6 sep-underline sep-dashed fusion-title-text fusion-title-size-three\" style=\"--awb-margin-top:0px;--awb-margin-bottom:10px;\"><h3 class=\"fusion-title-heading title-heading-left fusion-responsive-typography-calculated\" style=\"margin:0;text-transform:none;--fontSize:21;line-height:1.5;\">Conclusion<\/h3><\/div><div class=\"fusion-text fusion-text-6\"><p>Trente des 120 sujets ont atteint un nombre normal de spermatozo\u00efdes sans anormalit\u00e9s. \u00c0 ce jour, on compte 21 grossesses connues qui se sont produites durant l&rsquo;\u00e9tude. Ces r\u00e9sultats confirment l&rsquo;hypoth\u00e8se que la combinaison de substances individuelles telles que d\u00e9crites dans la documentation montrent de bien meilleurs r\u00e9sultats que la somme des effets d&rsquo;une seule administration.<\/p>\n<\/div><div class=\"fusion-clearfix\"><\/div><\/div><\/div><\/div><\/div><\/p>\n","protected":false},"excerpt":{"rendered":"","protected":false},"author":1,"featured_media":0,"parent":701,"menu_order":7,"comment_status":"closed","ping_status":"closed","template":"","meta":{"_monsterinsights_skip_tracking":false,"_monsterinsights_sitenote_active":false,"_monsterinsights_sitenote_note":"","_monsterinsights_sitenote_category":0,"footnotes":""},"class_list":["post-719","page","type-page","status-publish","hentry"],"yoast_head":"<!-- This site is optimized with the Yoast SEO plugin v27.4 - https:\/\/yoast.com\/product\/yoast-seo-wordpress\/ -->\n<title>\u00c9tude pilote 2006 \u2013 2008 - ConceptionPLUS<\/title>\n<meta name=\"robots\" content=\"index, follow, max-snippet:-1, max-image-preview:large, max-video-preview:-1\" \/>\n<link rel=\"canonical\" href=\"https:\/\/conceptionplus.ca\/fr\/for-physician\/pilot-study-2006-2008\/\" \/>\n<meta property=\"og:locale\" content=\"fr_FR\" \/>\n<meta property=\"og:type\" content=\"article\" \/>\n<meta property=\"og:title\" content=\"\u00c9tude pilote 2006 \u2013 2008 - ConceptionPLUS\" \/>\n<meta property=\"og:url\" content=\"https:\/\/conceptionplus.ca\/fr\/for-physician\/pilot-study-2006-2008\/\" \/>\n<meta property=\"og:site_name\" content=\"ConceptionPLUS\" \/>\n<meta property=\"article:modified_time\" content=\"2018-02-21T04:40:45+00:00\" \/>\n<meta name=\"twitter:card\" content=\"summary_large_image\" \/>\n<meta name=\"twitter:label1\" content=\"Dur\u00e9e de lecture estim\u00e9e\" \/>\n\t<meta name=\"twitter:data1\" content=\"6 minutes\" \/>\n<script type=\"application\/ld+json\" class=\"yoast-schema-graph\">{\"@context\":\"https:\\\/\\\/schema.org\",\"@graph\":[{\"@type\":\"WebPage\",\"@id\":\"https:\\\/\\\/conceptionplus.ca\\\/fr\\\/for-physician\\\/pilot-study-2006-2008\\\/\",\"url\":\"https:\\\/\\\/conceptionplus.ca\\\/fr\\\/for-physician\\\/pilot-study-2006-2008\\\/\",\"name\":\"\u00c9tude pilote 2006 \u2013 2008 - ConceptionPLUS\",\"isPartOf\":{\"@id\":\"https:\\\/\\\/conceptionplus.ca\\\/fr\\\/#website\"},\"datePublished\":\"2018-02-07T17:39:41+00:00\",\"dateModified\":\"2018-02-21T04:40:45+00:00\",\"breadcrumb\":{\"@id\":\"https:\\\/\\\/conceptionplus.ca\\\/fr\\\/for-physician\\\/pilot-study-2006-2008\\\/#breadcrumb\"},\"inLanguage\":\"fr-FR\",\"potentialAction\":[{\"@type\":\"ReadAction\",\"target\":[\"https:\\\/\\\/conceptionplus.ca\\\/fr\\\/for-physician\\\/pilot-study-2006-2008\\\/\"]}]},{\"@type\":\"BreadcrumbList\",\"@id\":\"https:\\\/\\\/conceptionplus.ca\\\/fr\\\/for-physician\\\/pilot-study-2006-2008\\\/#breadcrumb\",\"itemListElement\":[{\"@type\":\"ListItem\",\"position\":1,\"name\":\"Home\",\"item\":\"https:\\\/\\\/conceptionplus.ca\\\/fr\\\/\"},{\"@type\":\"ListItem\",\"position\":2,\"name\":\"Pour les m\u00e9decins\",\"item\":\"https:\\\/\\\/conceptionplus.ca\\\/fr\\\/for-physician\\\/\"},{\"@type\":\"ListItem\",\"position\":3,\"name\":\"\u00c9tude pilote 2006 \u2013 2008\"}]},{\"@type\":\"WebSite\",\"@id\":\"https:\\\/\\\/conceptionplus.ca\\\/fr\\\/#website\",\"url\":\"https:\\\/\\\/conceptionplus.ca\\\/fr\\\/\",\"name\":\"ConceptionPLUS\",\"description\":\"The only major brand of natural health product approved by Health Canada for male fertility disorders.\",\"publisher\":{\"@id\":\"https:\\\/\\\/conceptionplus.ca\\\/fr\\\/#organization\"},\"potentialAction\":[{\"@type\":\"SearchAction\",\"target\":{\"@type\":\"EntryPoint\",\"urlTemplate\":\"https:\\\/\\\/conceptionplus.ca\\\/fr\\\/?s={search_term_string}\"},\"query-input\":{\"@type\":\"PropertyValueSpecification\",\"valueRequired\":true,\"valueName\":\"search_term_string\"}}],\"inLanguage\":\"fr-FR\"},{\"@type\":\"Organization\",\"@id\":\"https:\\\/\\\/conceptionplus.ca\\\/fr\\\/#organization\",\"name\":\"ConceptionPLUS\",\"url\":\"https:\\\/\\\/conceptionplus.ca\\\/fr\\\/\",\"logo\":{\"@type\":\"ImageObject\",\"inLanguage\":\"fr-FR\",\"@id\":\"https:\\\/\\\/conceptionplus.ca\\\/fr\\\/#\\\/schema\\\/logo\\\/image\\\/\",\"url\":\"https:\\\/\\\/conceptionplus.ca\\\/wp-content\\\/uploads\\\/2018\\\/12\\\/conception-logo-en-email-500x79-1.jpg\",\"contentUrl\":\"https:\\\/\\\/conceptionplus.ca\\\/wp-content\\\/uploads\\\/2018\\\/12\\\/conception-logo-en-email-500x79-1.jpg\",\"width\":500,\"height\":79,\"caption\":\"ConceptionPLUS\"},\"image\":{\"@id\":\"https:\\\/\\\/conceptionplus.ca\\\/fr\\\/#\\\/schema\\\/logo\\\/image\\\/\"}}]}<\/script>\n<!-- \/ Yoast SEO plugin. -->","yoast_head_json":{"title":"\u00c9tude pilote 2006 \u2013 2008 - ConceptionPLUS","robots":{"index":"index","follow":"follow","max-snippet":"max-snippet:-1","max-image-preview":"max-image-preview:large","max-video-preview":"max-video-preview:-1"},"canonical":"https:\/\/conceptionplus.ca\/fr\/for-physician\/pilot-study-2006-2008\/","og_locale":"fr_FR","og_type":"article","og_title":"\u00c9tude pilote 2006 \u2013 2008 - ConceptionPLUS","og_url":"https:\/\/conceptionplus.ca\/fr\/for-physician\/pilot-study-2006-2008\/","og_site_name":"ConceptionPLUS","article_modified_time":"2018-02-21T04:40:45+00:00","twitter_card":"summary_large_image","twitter_misc":{"Dur\u00e9e de lecture estim\u00e9e":"6 minutes"},"schema":{"@context":"https:\/\/schema.org","@graph":[{"@type":"WebPage","@id":"https:\/\/conceptionplus.ca\/fr\/for-physician\/pilot-study-2006-2008\/","url":"https:\/\/conceptionplus.ca\/fr\/for-physician\/pilot-study-2006-2008\/","name":"\u00c9tude pilote 2006 \u2013 2008 - ConceptionPLUS","isPartOf":{"@id":"https:\/\/conceptionplus.ca\/fr\/#website"},"datePublished":"2018-02-07T17:39:41+00:00","dateModified":"2018-02-21T04:40:45+00:00","breadcrumb":{"@id":"https:\/\/conceptionplus.ca\/fr\/for-physician\/pilot-study-2006-2008\/#breadcrumb"},"inLanguage":"fr-FR","potentialAction":[{"@type":"ReadAction","target":["https:\/\/conceptionplus.ca\/fr\/for-physician\/pilot-study-2006-2008\/"]}]},{"@type":"BreadcrumbList","@id":"https:\/\/conceptionplus.ca\/fr\/for-physician\/pilot-study-2006-2008\/#breadcrumb","itemListElement":[{"@type":"ListItem","position":1,"name":"Home","item":"https:\/\/conceptionplus.ca\/fr\/"},{"@type":"ListItem","position":2,"name":"Pour les m\u00e9decins","item":"https:\/\/conceptionplus.ca\/fr\/for-physician\/"},{"@type":"ListItem","position":3,"name":"\u00c9tude pilote 2006 \u2013 2008"}]},{"@type":"WebSite","@id":"https:\/\/conceptionplus.ca\/fr\/#website","url":"https:\/\/conceptionplus.ca\/fr\/","name":"ConceptionPLUS","description":"The only major brand of natural health product approved by Health Canada for male fertility disorders.","publisher":{"@id":"https:\/\/conceptionplus.ca\/fr\/#organization"},"potentialAction":[{"@type":"SearchAction","target":{"@type":"EntryPoint","urlTemplate":"https:\/\/conceptionplus.ca\/fr\/?s={search_term_string}"},"query-input":{"@type":"PropertyValueSpecification","valueRequired":true,"valueName":"search_term_string"}}],"inLanguage":"fr-FR"},{"@type":"Organization","@id":"https:\/\/conceptionplus.ca\/fr\/#organization","name":"ConceptionPLUS","url":"https:\/\/conceptionplus.ca\/fr\/","logo":{"@type":"ImageObject","inLanguage":"fr-FR","@id":"https:\/\/conceptionplus.ca\/fr\/#\/schema\/logo\/image\/","url":"https:\/\/conceptionplus.ca\/wp-content\/uploads\/2018\/12\/conception-logo-en-email-500x79-1.jpg","contentUrl":"https:\/\/conceptionplus.ca\/wp-content\/uploads\/2018\/12\/conception-logo-en-email-500x79-1.jpg","width":500,"height":79,"caption":"ConceptionPLUS"},"image":{"@id":"https:\/\/conceptionplus.ca\/fr\/#\/schema\/logo\/image\/"}}]}},"_links":{"self":[{"href":"https:\/\/conceptionplus.ca\/fr\/wp-json\/wp\/v2\/pages\/719","targetHints":{"allow":["GET"]}}],"collection":[{"href":"https:\/\/conceptionplus.ca\/fr\/wp-json\/wp\/v2\/pages"}],"about":[{"href":"https:\/\/conceptionplus.ca\/fr\/wp-json\/wp\/v2\/types\/page"}],"author":[{"embeddable":true,"href":"https:\/\/conceptionplus.ca\/fr\/wp-json\/wp\/v2\/users\/1"}],"replies":[{"embeddable":true,"href":"https:\/\/conceptionplus.ca\/fr\/wp-json\/wp\/v2\/comments?post=719"}],"version-history":[{"count":0,"href":"https:\/\/conceptionplus.ca\/fr\/wp-json\/wp\/v2\/pages\/719\/revisions"}],"up":[{"embeddable":true,"href":"https:\/\/conceptionplus.ca\/fr\/wp-json\/wp\/v2\/pages\/701"}],"wp:attachment":[{"href":"https:\/\/conceptionplus.ca\/fr\/wp-json\/wp\/v2\/media?parent=719"}],"curies":[{"name":"wp","href":"https:\/\/api.w.org\/{rel}","templated":true}]}}