{"id":733,"date":"2018-02-07T12:42:32","date_gmt":"2018-02-07T17:42:32","guid":{"rendered":"https:\/\/conceptionplus.ca\/?page_id=733"},"modified":"2018-02-11T14:40:40","modified_gmt":"2018-02-11T19:40:40","slug":"what-causes-infertility","status":"publish","type":"page","link":"https:\/\/conceptionplus.ca\/fr\/patient-information\/reasons-for-subfertility\/what-causes-infertility\/","title":{"rendered":"Quelles sont les causes de l&rsquo;infertilit\u00e9?"},"content":{"rendered":"<div class=\"fusion-fullwidth fullwidth-box fusion-builder-row-1 nonhundred-percent-fullwidth non-hundred-percent-height-scrolling\" style=\"--awb-border-radius-top-left:0px;--awb-border-radius-top-right:0px;--awb-border-radius-bottom-right:0px;--awb-border-radius-bottom-left:0px;--awb-flex-wrap:wrap;\" ><div class=\"fusion-builder-row fusion-row\"><div class=\"fusion-layout-column fusion_builder_column fusion-builder-column-0 fusion_builder_column_1_1 1_1 fusion-one-full fusion-column-first fusion-column-last\" style=\"--awb-bg-size:cover;\"><div class=\"fusion-column-wrapper fusion-flex-column-wrapper-legacy\"><div class=\"fusion-title title fusion-title-1 fusion-sep-none fusion-title-text fusion-title-size-two\"><h2 class=\"fusion-title-heading title-heading-left fusion-responsive-typography-calculated\" style=\"margin:0;text-transform:none;--fontSize:26;line-height:1.23;\">Chez les couples confront\u00e9s \u00e0 l&rsquo;infertilit\u00e9, c&rsquo;est encore la femme qui se fait habituellement examiner en premier; les hommes ne se font souvent examiner que plus tard, m\u00eame si l&rsquo;infertilit\u00e9 masculine contribue pour pr\u00e8s de la moiti\u00e9 des cas.<\/h2><\/div><div class=\"fusion-text fusion-text-1\"><p>L&rsquo;infertilit\u00e9 signifie l&rsquo;incapacit\u00e9 pour un couple de procr\u00e9er et de se reproduire. Selon les m\u00e9decins, l&rsquo;infertilit\u00e9 est d\u00e9finie comme \u00e9tant l&rsquo;incapacit\u00e9 de procr\u00e9er apr\u00e8s une ann\u00e9e de relations sexuelles r\u00e9guli\u00e8res sans utiliser de contraceptifs.<\/p>\n<p><span class=\"purple\">Il existe deux types d&rsquo;infertilit\u00e9 : primaire et secondaire.<\/span><\/p>\n<\/div><ul style=\"--awb-size:13px;--awb-line-height:22.1px;--awb-icon-width:22.1px;--awb-icon-height:22.1px;--awb-icon-margin:9.1px;--awb-content-margin:31.2px;\" class=\"fusion-checklist fusion-checklist-1 fusion-checklist-default type-icons\"><li class=\"fusion-li-item\" style=\"\"><span class=\"icon-wrapper circle-no\"><i class=\"fusion-li-icon fa fa-caret-right\" aria-hidden=\"true\"><\/i><\/span><div class=\"fusion-li-item-content\">\n<p>Infertilit\u00e9 primaire signifie que l&rsquo;homme n&rsquo;a jamais engendr\u00e9 d&rsquo;enfant<\/p>\n<\/div><\/li><li class=\"fusion-li-item\" style=\"\"><span class=\"icon-wrapper circle-no\"><i class=\"fusion-li-icon fa fa-caret-right\" aria-hidden=\"true\"><\/i><\/span><div class=\"fusion-li-item-content\">\n<p>Infertilit\u00e9 secondaire : l&rsquo;homme a d\u00e9j\u00e0 engendr\u00e9 un ou plusieurs enfants, avec sa partenaire actuelle ou une autre femme<\/p>\n<\/div><\/li><\/ul><div class=\"fusion-text fusion-text-2\"><p>Il existe de nombreuses causes \u00e0 l&rsquo;infertilit\u00e9 masculine \u2013 la g\u00e9n\u00e9tique, le stress, les changements apport\u00e9s au mode de vie, mais aussi les habitudes alimentaires, qui entra\u00eenent une diminution de la production et de la qualit\u00e9 du sperme. La situation est alarmante. Environ 7 % des hommes demeurent st\u00e9riles m\u00eame apr\u00e8s une ann\u00e9e de relations sexuelles non prot\u00e9g\u00e9es.<\/p>\n<p>Il existe des maladies h\u00e9r\u00e9ditaires et des troubles acquis, qui sont r\u00e9partis comme suit : troubles de contr\u00f4le hormonal de la fonction testiculaire (1-2 %), maladies de formation du sperme dans les testicules m\u00eames (30-40 %) et maladies du syst\u00e8me de transport du sperme (environ 10-20 %).<\/p>\n<\/div><div class=\"fusion-clearfix\"><\/div><\/div><\/div><\/div><\/div>\n","protected":false},"excerpt":{"rendered":"","protected":false},"author":1,"featured_media":0,"parent":730,"menu_order":0,"comment_status":"closed","ping_status":"closed","template":"","meta":{"_monsterinsights_skip_tracking":false,"_monsterinsights_sitenote_active":false,"_monsterinsights_sitenote_note":"","_monsterinsights_sitenote_category":0,"footnotes":""},"class_list":["post-733","page","type-page","status-publish","hentry"],"yoast_head":"<!-- This site is optimized with the Yoast SEO plugin v27.4 - https:\/\/yoast.com\/product\/yoast-seo-wordpress\/ -->\n<title>Quelles sont les causes de l&#039;infertilit\u00e9? - ConceptionPLUS<\/title>\n<meta name=\"robots\" content=\"index, follow, max-snippet:-1, max-image-preview:large, max-video-preview:-1\" \/>\n<link rel=\"canonical\" href=\"https:\/\/conceptionplus.ca\/fr\/patient-information\/reasons-for-subfertility\/what-causes-infertility\/\" \/>\n<meta property=\"og:locale\" content=\"fr_FR\" \/>\n<meta property=\"og:type\" content=\"article\" \/>\n<meta property=\"og:title\" content=\"Quelles sont les causes de l&#039;infertilit\u00e9? - ConceptionPLUS\" \/>\n<meta property=\"og:url\" content=\"https:\/\/conceptionplus.ca\/fr\/patient-information\/reasons-for-subfertility\/what-causes-infertility\/\" \/>\n<meta property=\"og:site_name\" content=\"ConceptionPLUS\" \/>\n<meta property=\"article:modified_time\" content=\"2018-02-11T19:40:40+00:00\" \/>\n<meta name=\"twitter:card\" content=\"summary_large_image\" \/>\n<meta name=\"twitter:label1\" content=\"Dur\u00e9e de lecture estim\u00e9e\" \/>\n\t<meta name=\"twitter:data1\" content=\"2 minutes\" \/>\n<script type=\"application\/ld+json\" class=\"yoast-schema-graph\">{\"@context\":\"https:\\\/\\\/schema.org\",\"@graph\":[{\"@type\":\"WebPage\",\"@id\":\"https:\\\/\\\/conceptionplus.ca\\\/fr\\\/patient-information\\\/reasons-for-subfertility\\\/what-causes-infertility\\\/\",\"url\":\"https:\\\/\\\/conceptionplus.ca\\\/fr\\\/patient-information\\\/reasons-for-subfertility\\\/what-causes-infertility\\\/\",\"name\":\"Quelles sont les causes de l'infertilit\u00e9? - ConceptionPLUS\",\"isPartOf\":{\"@id\":\"https:\\\/\\\/conceptionplus.ca\\\/fr\\\/#website\"},\"datePublished\":\"2018-02-07T17:42:32+00:00\",\"dateModified\":\"2018-02-11T19:40:40+00:00\",\"breadcrumb\":{\"@id\":\"https:\\\/\\\/conceptionplus.ca\\\/fr\\\/patient-information\\\/reasons-for-subfertility\\\/what-causes-infertility\\\/#breadcrumb\"},\"inLanguage\":\"fr-FR\",\"potentialAction\":[{\"@type\":\"ReadAction\",\"target\":[\"https:\\\/\\\/conceptionplus.ca\\\/fr\\\/patient-information\\\/reasons-for-subfertility\\\/what-causes-infertility\\\/\"]}]},{\"@type\":\"BreadcrumbList\",\"@id\":\"https:\\\/\\\/conceptionplus.ca\\\/fr\\\/patient-information\\\/reasons-for-subfertility\\\/what-causes-infertility\\\/#breadcrumb\",\"itemListElement\":[{\"@type\":\"ListItem\",\"position\":1,\"name\":\"Home\",\"item\":\"https:\\\/\\\/conceptionplus.ca\\\/fr\\\/\"},{\"@type\":\"ListItem\",\"position\":2,\"name\":\"Info-patient\",\"item\":\"https:\\\/\\\/conceptionplus.ca\\\/fr\\\/patient-information\\\/\"},{\"@type\":\"ListItem\",\"position\":3,\"name\":\"Raisons de l&#8217;infertilit\u00e9\",\"item\":\"https:\\\/\\\/conceptionplus.ca\\\/fr\\\/patient-information\\\/reasons-for-subfertility\\\/\"},{\"@type\":\"ListItem\",\"position\":4,\"name\":\"Quelles sont les causes de l&#8217;infertilit\u00e9?\"}]},{\"@type\":\"WebSite\",\"@id\":\"https:\\\/\\\/conceptionplus.ca\\\/fr\\\/#website\",\"url\":\"https:\\\/\\\/conceptionplus.ca\\\/fr\\\/\",\"name\":\"ConceptionPLUS\",\"description\":\"The only major brand of natural health product approved by Health Canada for male fertility disorders.\",\"publisher\":{\"@id\":\"https:\\\/\\\/conceptionplus.ca\\\/fr\\\/#organization\"},\"potentialAction\":[{\"@type\":\"SearchAction\",\"target\":{\"@type\":\"EntryPoint\",\"urlTemplate\":\"https:\\\/\\\/conceptionplus.ca\\\/fr\\\/?s={search_term_string}\"},\"query-input\":{\"@type\":\"PropertyValueSpecification\",\"valueRequired\":true,\"valueName\":\"search_term_string\"}}],\"inLanguage\":\"fr-FR\"},{\"@type\":\"Organization\",\"@id\":\"https:\\\/\\\/conceptionplus.ca\\\/fr\\\/#organization\",\"name\":\"ConceptionPLUS\",\"url\":\"https:\\\/\\\/conceptionplus.ca\\\/fr\\\/\",\"logo\":{\"@type\":\"ImageObject\",\"inLanguage\":\"fr-FR\",\"@id\":\"https:\\\/\\\/conceptionplus.ca\\\/fr\\\/#\\\/schema\\\/logo\\\/image\\\/\",\"url\":\"https:\\\/\\\/conceptionplus.ca\\\/wp-content\\\/uploads\\\/2018\\\/12\\\/conception-logo-en-email-500x79-1.jpg\",\"contentUrl\":\"https:\\\/\\\/conceptionplus.ca\\\/wp-content\\\/uploads\\\/2018\\\/12\\\/conception-logo-en-email-500x79-1.jpg\",\"width\":500,\"height\":79,\"caption\":\"ConceptionPLUS\"},\"image\":{\"@id\":\"https:\\\/\\\/conceptionplus.ca\\\/fr\\\/#\\\/schema\\\/logo\\\/image\\\/\"}}]}<\/script>\n<!-- \/ Yoast SEO plugin. -->","yoast_head_json":{"title":"Quelles sont les causes de l'infertilit\u00e9? - ConceptionPLUS","robots":{"index":"index","follow":"follow","max-snippet":"max-snippet:-1","max-image-preview":"max-image-preview:large","max-video-preview":"max-video-preview:-1"},"canonical":"https:\/\/conceptionplus.ca\/fr\/patient-information\/reasons-for-subfertility\/what-causes-infertility\/","og_locale":"fr_FR","og_type":"article","og_title":"Quelles sont les causes de l'infertilit\u00e9? - ConceptionPLUS","og_url":"https:\/\/conceptionplus.ca\/fr\/patient-information\/reasons-for-subfertility\/what-causes-infertility\/","og_site_name":"ConceptionPLUS","article_modified_time":"2018-02-11T19:40:40+00:00","twitter_card":"summary_large_image","twitter_misc":{"Dur\u00e9e de lecture estim\u00e9e":"2 minutes"},"schema":{"@context":"https:\/\/schema.org","@graph":[{"@type":"WebPage","@id":"https:\/\/conceptionplus.ca\/fr\/patient-information\/reasons-for-subfertility\/what-causes-infertility\/","url":"https:\/\/conceptionplus.ca\/fr\/patient-information\/reasons-for-subfertility\/what-causes-infertility\/","name":"Quelles sont les causes de l'infertilit\u00e9? - ConceptionPLUS","isPartOf":{"@id":"https:\/\/conceptionplus.ca\/fr\/#website"},"datePublished":"2018-02-07T17:42:32+00:00","dateModified":"2018-02-11T19:40:40+00:00","breadcrumb":{"@id":"https:\/\/conceptionplus.ca\/fr\/patient-information\/reasons-for-subfertility\/what-causes-infertility\/#breadcrumb"},"inLanguage":"fr-FR","potentialAction":[{"@type":"ReadAction","target":["https:\/\/conceptionplus.ca\/fr\/patient-information\/reasons-for-subfertility\/what-causes-infertility\/"]}]},{"@type":"BreadcrumbList","@id":"https:\/\/conceptionplus.ca\/fr\/patient-information\/reasons-for-subfertility\/what-causes-infertility\/#breadcrumb","itemListElement":[{"@type":"ListItem","position":1,"name":"Home","item":"https:\/\/conceptionplus.ca\/fr\/"},{"@type":"ListItem","position":2,"name":"Info-patient","item":"https:\/\/conceptionplus.ca\/fr\/patient-information\/"},{"@type":"ListItem","position":3,"name":"Raisons de l&#8217;infertilit\u00e9","item":"https:\/\/conceptionplus.ca\/fr\/patient-information\/reasons-for-subfertility\/"},{"@type":"ListItem","position":4,"name":"Quelles sont les causes de l&#8217;infertilit\u00e9?"}]},{"@type":"WebSite","@id":"https:\/\/conceptionplus.ca\/fr\/#website","url":"https:\/\/conceptionplus.ca\/fr\/","name":"ConceptionPLUS","description":"The only major brand of natural health product approved by Health Canada for male fertility disorders.","publisher":{"@id":"https:\/\/conceptionplus.ca\/fr\/#organization"},"potentialAction":[{"@type":"SearchAction","target":{"@type":"EntryPoint","urlTemplate":"https:\/\/conceptionplus.ca\/fr\/?s={search_term_string}"},"query-input":{"@type":"PropertyValueSpecification","valueRequired":true,"valueName":"search_term_string"}}],"inLanguage":"fr-FR"},{"@type":"Organization","@id":"https:\/\/conceptionplus.ca\/fr\/#organization","name":"ConceptionPLUS","url":"https:\/\/conceptionplus.ca\/fr\/","logo":{"@type":"ImageObject","inLanguage":"fr-FR","@id":"https:\/\/conceptionplus.ca\/fr\/#\/schema\/logo\/image\/","url":"https:\/\/conceptionplus.ca\/wp-content\/uploads\/2018\/12\/conception-logo-en-email-500x79-1.jpg","contentUrl":"https:\/\/conceptionplus.ca\/wp-content\/uploads\/2018\/12\/conception-logo-en-email-500x79-1.jpg","width":500,"height":79,"caption":"ConceptionPLUS"},"image":{"@id":"https:\/\/conceptionplus.ca\/fr\/#\/schema\/logo\/image\/"}}]}},"_links":{"self":[{"href":"https:\/\/conceptionplus.ca\/fr\/wp-json\/wp\/v2\/pages\/733","targetHints":{"allow":["GET"]}}],"collection":[{"href":"https:\/\/conceptionplus.ca\/fr\/wp-json\/wp\/v2\/pages"}],"about":[{"href":"https:\/\/conceptionplus.ca\/fr\/wp-json\/wp\/v2\/types\/page"}],"author":[{"embeddable":true,"href":"https:\/\/conceptionplus.ca\/fr\/wp-json\/wp\/v2\/users\/1"}],"replies":[{"embeddable":true,"href":"https:\/\/conceptionplus.ca\/fr\/wp-json\/wp\/v2\/comments?post=733"}],"version-history":[{"count":0,"href":"https:\/\/conceptionplus.ca\/fr\/wp-json\/wp\/v2\/pages\/733\/revisions"}],"up":[{"embeddable":true,"href":"https:\/\/conceptionplus.ca\/fr\/wp-json\/wp\/v2\/pages\/730"}],"wp:attachment":[{"href":"https:\/\/conceptionplus.ca\/fr\/wp-json\/wp\/v2\/media?parent=733"}],"curies":[{"name":"wp","href":"https:\/\/api.w.org\/{rel}","templated":true}]}}