{"id":754,"date":"2018-02-08T13:53:02","date_gmt":"2018-02-08T18:53:02","guid":{"rendered":"https:\/\/conceptionplus.ca\/?page_id=754"},"modified":"2018-02-11T23:23:07","modified_gmt":"2018-02-12T04:23:07","slug":"semen-analysis","status":"publish","type":"page","link":"https:\/\/conceptionplus.ca\/fr\/patient-information\/diagnosis-for-subfertility\/semen-analysis\/","title":{"rendered":"Spermogramme"},"content":{"rendered":"<div class=\"fusion-fullwidth fullwidth-box fusion-builder-row-1 nonhundred-percent-fullwidth non-hundred-percent-height-scrolling\" style=\"--awb-border-radius-top-left:0px;--awb-border-radius-top-right:0px;--awb-border-radius-bottom-right:0px;--awb-border-radius-bottom-left:0px;--awb-flex-wrap:wrap;\" ><div class=\"fusion-builder-row fusion-row\"><div class=\"fusion-layout-column fusion_builder_column fusion-builder-column-0 fusion_builder_column_1_1 1_1 fusion-one-full fusion-column-first fusion-column-last\" style=\"--awb-bg-size:cover;\"><div class=\"fusion-column-wrapper fusion-flex-column-wrapper-legacy\"><div class=\"fusion-title title fusion-title-1 sep-underline sep-dashed fusion-title-text fusion-title-size-two\"><h2 class=\"fusion-title-heading title-heading-left fusion-responsive-typography-calculated\" style=\"margin:0;text-transform:none;--fontSize:26;line-height:1.23;\">Spermogramme<\/h2><\/div><div class=\"fusion-clearfix\"><\/div><\/div><\/div><div class=\"fusion-layout-column fusion_builder_column fusion-builder-column-1 fusion_builder_column_2_3 2_3 fusion-two-third fusion-column-first\" style=\"--awb-bg-size:cover;width:66.666666666667%;width:calc(66.666666666667% - ( ( 4% ) * 0.66666666666667 ) );margin-right: 4%;\"><div class=\"fusion-column-wrapper fusion-flex-column-wrapper-legacy\"><div class=\"fusion-title title fusion-title-2 fusion-sep-none fusion-title-text fusion-title-size-three\" style=\"--awb-margin-top:0px;\"><h3 class=\"fusion-title-heading title-heading-left fusion-responsive-typography-calculated\" style=\"margin:0;text-transform:none;--fontSize:21;line-height:1.5;\">Un spermogramme est un outil de diagnostic important pour l&rsquo;examen de la fertilit\u00e9 masculine. L&rsquo;analyse est effectu\u00e9e en fonction des directives de l&rsquo;OMS, en mettant l&rsquo;accent sur la concentration, la mobilit\u00e9 et la morphologie des spermatozo\u00efdes.<\/h3><\/div><div class=\"fusion-text fusion-text-1\"><p>Dans une analyse du sperme, l&rsquo;\u00e9jaculat est examin\u00e9 au microscope afin d&rsquo;\u00e9valuer la fertilit\u00e9 masculine. Le terme spermogramme (analyse du sperme) comprend tous les tests effectu\u00e9s durant l&rsquo;examen du sperme.<\/p>\n<p>Par cons\u00e9quent, le spermogramme est le test d&rsquo;infertilit\u00e9 masculine le plus important. L&rsquo;\u00e9chantillon de sperme est produit par masturbation, si possible dans des conditions st\u00e9riles directement au lieu de l&rsquo;examen, afin que l&rsquo;\u00e9chantillon puisse \u00eatre rapidement trait\u00e9 et analys\u00e9. Le laboratoire examine l&rsquo;\u00e9jaculat au microscope. Si la qualit\u00e9 d\u00e9ficiente du sperme est la cause de l&rsquo;infertilit\u00e9, elle ne peut \u00eatre \u00e9tablie qu&rsquo;en examinant tous les \u00e9l\u00e9ments, dont la quantit\u00e9, la motilit\u00e9 et la qualit\u00e9 du sperme. Un faible nombre de spermatozo\u00efdes dans l&rsquo;\u00e9jaculat ne veut pas n\u00e9cessairement dire st\u00e9rilit\u00e9, toutefois, cela peut prendre plus de temps avant de r\u00e9ussir \u00e0 f\u00e9conder un oeuf. Une faible motilit\u00e9 ou morphologie du sperme peut avoir un impact n\u00e9gatif sur la procr\u00e9ation naturelle.<\/p>\n<\/div><div class=\"fusion-clearfix\"><\/div><\/div><\/div><div class=\"fusion-layout-column fusion_builder_column fusion-builder-column-2 fusion_builder_column_1_3 1_3 fusion-one-third fusion-column-last\" style=\"--awb-bg-size:cover;width:33.333333333333%;width:calc(33.333333333333% - ( ( 4% ) * 0.33333333333333 ) );\"><div class=\"fusion-column-wrapper fusion-flex-column-wrapper-legacy\"><div class=\"fusion-video fusion-youtube fusion-aligncenter\" style=\"--awb-max-width:600px;--awb-max-height:360px;--awb-width:100%;\"><div class=\"video-shortcode\"><div class=\"fluid-width-video-wrapper\" style=\"padding-top:60%;\" ><iframe title=\"YouTube video player 1\" src=\"https:\/\/www.youtube.com\/embed\/Qat5CNlf6Cs?wmode=transparent&autoplay=0\" width=\"600\" height=\"360\" allowfullscreen allow=\"autoplay; clipboard-write; encrypted-media; gyroscope; picture-in-picture;\"><\/iframe><\/div><\/div><\/div><div class=\"fusion-sep-clear\"><\/div><div class=\"fusion-separator fusion-full-width-sep\" style=\"margin-left: auto;margin-right: auto;margin-bottom:5px;width:100%;\"><\/div><div class=\"fusion-sep-clear\"><\/div><div class=\"fusion-image-element fusion-image-align-center in-legacy-container\" style=\"text-align:center;--awb-caption-title-font-family:var(--h2_typography-font-family);--awb-caption-title-font-weight:var(--h2_typography-font-weight);--awb-caption-title-font-style:var(--h2_typography-font-style);--awb-caption-title-size:var(--h2_typography-font-size);--awb-caption-title-transform:var(--h2_typography-text-transform);--awb-caption-title-line-height:var(--h2_typography-line-height);--awb-caption-title-letter-spacing:var(--h2_typography-letter-spacing);\"><div class=\"imageframe-align-center\"><span class=\" fusion-imageframe imageframe-none imageframe-1 hover-type-zoomin\"><a href=\"https:\/\/conceptionplus.ca\/wp-content\/uploads\/2018\/01\/WHO-table_ENG.jpg\" class=\"fusion-lightbox\" data-rel=\"iLightbox[ef9ff4faa54f3527c67]\" data-caption=\"WHO definition of a semen analysis (comparison of 1998\/2010)\" data-title=\"WHO definition of a semen analysis (comparison of 1998\/2010)\" title=\"WHO definition of a semen analysis (comparison of 1998\/2010)\"><img decoding=\"async\" width=\"382\" height=\"346\" alt=\"WHO definition of a semen analysis (comparison of 1998\/2010)\" src=\"https:\/\/conceptionplus.ca\/wp-content\/uploads\/2018\/01\/WHO-table_ENG.jpg\" class=\"img-responsive wp-image-436\" srcset=\"https:\/\/conceptionplus.ca\/wp-content\/uploads\/2018\/01\/WHO-table_ENG-200x181.jpg 200w, https:\/\/conceptionplus.ca\/wp-content\/uploads\/2018\/01\/WHO-table_ENG.jpg 382w\" sizes=\"(max-width: 900px) 100vw, 382px\" \/><\/a><\/span><\/div><\/div><div class=\"fusion-text fusion-text-2\"><p class=\"caption\">WHO definition of a semen analysis (comparison of 1998\/2010)<\/p>\n<\/div><div class=\"fusion-clearfix\"><\/div><\/div><\/div><div class=\"fusion-layout-column fusion_builder_column fusion-builder-column-3 fusion_builder_column_1_1 1_1 fusion-one-full fusion-column-first fusion-column-last\" style=\"--awb-bg-size:cover;\"><div class=\"fusion-column-wrapper fusion-flex-column-wrapper-legacy\"><div class=\"fusion-title title fusion-title-3 fusion-sep-none fusion-title-text fusion-title-size-three\"><h3 class=\"fusion-title-heading title-heading-left fusion-responsive-typography-calculated\" style=\"margin:0;text-transform:none;--fontSize:21;line-height:1.5;\">Crit\u00e8res de l&rsquo;OMS d&rsquo;un spermogramme normal :<\/h3><\/div><ul style=\"--awb-size:13px;--awb-line-height:22.1px;--awb-icon-width:22.1px;--awb-icon-height:22.1px;--awb-icon-margin:9.1px;--awb-content-margin:31.2px;\" class=\"fusion-checklist fusion-checklist-1 fusion-checklist-default type-icons\"><li class=\"fusion-li-item\" style=\"\"><span class=\"icon-wrapper circle-no\"><i class=\"fusion-li-icon fa fa-caret-right\" aria-hidden=\"true\"><\/i><\/span><div class=\"fusion-li-item-content\">\n<p>Un \u00e9jaculat d&rsquo;au moins 1,5\u00a0 ml devrait contenir plus de 15 millions de spermatozo\u00efdes par millilitre de sperme. Au moins 32 % devraient nager vers l&rsquo;avant, et au moins 4 % devraient avoir une forme normale. Si ces crit\u00e8res sont respect\u00e9s, l&rsquo;homme est consid\u00e9r\u00e9 comme \u00e9tant fertile.<\/p>\n<\/div><\/li><li class=\"fusion-li-item\" style=\"\"><span class=\"icon-wrapper circle-no\"><i class=\"fusion-li-icon fa fa-caret-right\" aria-hidden=\"true\"><\/i><\/span><div class=\"fusion-li-item-content\">\n<p>En plus des r\u00e9sultats du spermogramme, l&rsquo;\u00e9jaculat ne devrait pas contenir plus d&rsquo;un million de globules blancs et de micro-organismes par millilitre. Pour \u00eatre certain, l&rsquo;\u00e9jaculat devrait \u00eatre analys\u00e9 deux fois.<\/p>\n<\/div><\/li><li class=\"fusion-li-item\" style=\"\"><span class=\"icon-wrapper circle-no\"><i class=\"fusion-li-icon fa fa-caret-right\" aria-hidden=\"true\"><\/i><\/span><div class=\"fusion-li-item-content\">\n<p>Une intervention est requise si le spermogramme est anormal ou montre une ou plusieurs d\u00e9viations.<\/p>\n<\/div><\/li><li class=\"fusion-li-item\" style=\"\"><span class=\"icon-wrapper circle-no\"><i class=\"fusion-li-icon fa fa-caret-right\" aria-hidden=\"true\"><\/i><\/span><div class=\"fusion-li-item-content\">\n<p>Concentration du sperme : La norme actuelle de l&rsquo;OMS stipule qu&rsquo;il doit y avoir au moins 15 millions de spermatozo\u00efdes par millilitre. Le volume d&rsquo;\u00e9jaculat doit \u00eatre d&rsquo;au moins 1,4 millilitre.<\/p>\n<\/div><\/li><\/ul><div class=\"fusion-clearfix\"><\/div><\/div><\/div><\/div><\/div>\n","protected":false},"excerpt":{"rendered":"","protected":false},"author":1,"featured_media":0,"parent":745,"menu_order":2,"comment_status":"closed","ping_status":"closed","template":"","meta":{"_monsterinsights_skip_tracking":false,"_monsterinsights_sitenote_active":false,"_monsterinsights_sitenote_note":"","_monsterinsights_sitenote_category":0,"footnotes":""},"class_list":["post-754","page","type-page","status-publish","hentry"],"yoast_head":"<!-- This site is optimized with the Yoast SEO plugin v27.4 - https:\/\/yoast.com\/product\/yoast-seo-wordpress\/ -->\n<title>Spermogramme - ConceptionPLUS<\/title>\n<meta name=\"robots\" content=\"index, follow, max-snippet:-1, max-image-preview:large, max-video-preview:-1\" \/>\n<link rel=\"canonical\" href=\"https:\/\/conceptionplus.ca\/fr\/patient-information\/diagnosis-for-subfertility\/semen-analysis\/\" \/>\n<meta property=\"og:locale\" content=\"fr_FR\" \/>\n<meta property=\"og:type\" content=\"article\" \/>\n<meta property=\"og:title\" content=\"Spermogramme - ConceptionPLUS\" \/>\n<meta property=\"og:url\" content=\"https:\/\/conceptionplus.ca\/fr\/patient-information\/diagnosis-for-subfertility\/semen-analysis\/\" \/>\n<meta property=\"og:site_name\" content=\"ConceptionPLUS\" \/>\n<meta property=\"article:modified_time\" content=\"2018-02-12T04:23:07+00:00\" \/>\n<meta name=\"twitter:card\" content=\"summary_large_image\" \/>\n<meta name=\"twitter:label1\" content=\"Dur\u00e9e de lecture estim\u00e9e\" \/>\n\t<meta name=\"twitter:data1\" content=\"5 minutes\" \/>\n<script type=\"application\/ld+json\" class=\"yoast-schema-graph\">{\"@context\":\"https:\\\/\\\/schema.org\",\"@graph\":[{\"@type\":\"WebPage\",\"@id\":\"https:\\\/\\\/conceptionplus.ca\\\/fr\\\/patient-information\\\/diagnosis-for-subfertility\\\/semen-analysis\\\/\",\"url\":\"https:\\\/\\\/conceptionplus.ca\\\/fr\\\/patient-information\\\/diagnosis-for-subfertility\\\/semen-analysis\\\/\",\"name\":\"Spermogramme - ConceptionPLUS\",\"isPartOf\":{\"@id\":\"https:\\\/\\\/conceptionplus.ca\\\/fr\\\/#website\"},\"datePublished\":\"2018-02-08T18:53:02+00:00\",\"dateModified\":\"2018-02-12T04:23:07+00:00\",\"breadcrumb\":{\"@id\":\"https:\\\/\\\/conceptionplus.ca\\\/fr\\\/patient-information\\\/diagnosis-for-subfertility\\\/semen-analysis\\\/#breadcrumb\"},\"inLanguage\":\"fr-FR\",\"potentialAction\":[{\"@type\":\"ReadAction\",\"target\":[\"https:\\\/\\\/conceptionplus.ca\\\/fr\\\/patient-information\\\/diagnosis-for-subfertility\\\/semen-analysis\\\/\"]}]},{\"@type\":\"BreadcrumbList\",\"@id\":\"https:\\\/\\\/conceptionplus.ca\\\/fr\\\/patient-information\\\/diagnosis-for-subfertility\\\/semen-analysis\\\/#breadcrumb\",\"itemListElement\":[{\"@type\":\"ListItem\",\"position\":1,\"name\":\"Home\",\"item\":\"https:\\\/\\\/conceptionplus.ca\\\/fr\\\/\"},{\"@type\":\"ListItem\",\"position\":2,\"name\":\"Info-patient\",\"item\":\"https:\\\/\\\/conceptionplus.ca\\\/fr\\\/patient-information\\\/\"},{\"@type\":\"ListItem\",\"position\":3,\"name\":\"Diagnostic d&#8217;hypofertilit\u00e9\",\"item\":\"https:\\\/\\\/conceptionplus.ca\\\/fr\\\/patient-information\\\/diagnosis-for-subfertility\\\/\"},{\"@type\":\"ListItem\",\"position\":4,\"name\":\"Spermogramme\"}]},{\"@type\":\"WebSite\",\"@id\":\"https:\\\/\\\/conceptionplus.ca\\\/fr\\\/#website\",\"url\":\"https:\\\/\\\/conceptionplus.ca\\\/fr\\\/\",\"name\":\"ConceptionPLUS\",\"description\":\"The only major brand of natural health product approved by Health Canada for male fertility disorders.\",\"publisher\":{\"@id\":\"https:\\\/\\\/conceptionplus.ca\\\/fr\\\/#organization\"},\"potentialAction\":[{\"@type\":\"SearchAction\",\"target\":{\"@type\":\"EntryPoint\",\"urlTemplate\":\"https:\\\/\\\/conceptionplus.ca\\\/fr\\\/?s={search_term_string}\"},\"query-input\":{\"@type\":\"PropertyValueSpecification\",\"valueRequired\":true,\"valueName\":\"search_term_string\"}}],\"inLanguage\":\"fr-FR\"},{\"@type\":\"Organization\",\"@id\":\"https:\\\/\\\/conceptionplus.ca\\\/fr\\\/#organization\",\"name\":\"ConceptionPLUS\",\"url\":\"https:\\\/\\\/conceptionplus.ca\\\/fr\\\/\",\"logo\":{\"@type\":\"ImageObject\",\"inLanguage\":\"fr-FR\",\"@id\":\"https:\\\/\\\/conceptionplus.ca\\\/fr\\\/#\\\/schema\\\/logo\\\/image\\\/\",\"url\":\"https:\\\/\\\/conceptionplus.ca\\\/wp-content\\\/uploads\\\/2018\\\/12\\\/conception-logo-en-email-500x79-1.jpg\",\"contentUrl\":\"https:\\\/\\\/conceptionplus.ca\\\/wp-content\\\/uploads\\\/2018\\\/12\\\/conception-logo-en-email-500x79-1.jpg\",\"width\":500,\"height\":79,\"caption\":\"ConceptionPLUS\"},\"image\":{\"@id\":\"https:\\\/\\\/conceptionplus.ca\\\/fr\\\/#\\\/schema\\\/logo\\\/image\\\/\"}}]}<\/script>\n<!-- \/ Yoast SEO plugin. -->","yoast_head_json":{"title":"Spermogramme - ConceptionPLUS","robots":{"index":"index","follow":"follow","max-snippet":"max-snippet:-1","max-image-preview":"max-image-preview:large","max-video-preview":"max-video-preview:-1"},"canonical":"https:\/\/conceptionplus.ca\/fr\/patient-information\/diagnosis-for-subfertility\/semen-analysis\/","og_locale":"fr_FR","og_type":"article","og_title":"Spermogramme - ConceptionPLUS","og_url":"https:\/\/conceptionplus.ca\/fr\/patient-information\/diagnosis-for-subfertility\/semen-analysis\/","og_site_name":"ConceptionPLUS","article_modified_time":"2018-02-12T04:23:07+00:00","twitter_card":"summary_large_image","twitter_misc":{"Dur\u00e9e de lecture estim\u00e9e":"5 minutes"},"schema":{"@context":"https:\/\/schema.org","@graph":[{"@type":"WebPage","@id":"https:\/\/conceptionplus.ca\/fr\/patient-information\/diagnosis-for-subfertility\/semen-analysis\/","url":"https:\/\/conceptionplus.ca\/fr\/patient-information\/diagnosis-for-subfertility\/semen-analysis\/","name":"Spermogramme - ConceptionPLUS","isPartOf":{"@id":"https:\/\/conceptionplus.ca\/fr\/#website"},"datePublished":"2018-02-08T18:53:02+00:00","dateModified":"2018-02-12T04:23:07+00:00","breadcrumb":{"@id":"https:\/\/conceptionplus.ca\/fr\/patient-information\/diagnosis-for-subfertility\/semen-analysis\/#breadcrumb"},"inLanguage":"fr-FR","potentialAction":[{"@type":"ReadAction","target":["https:\/\/conceptionplus.ca\/fr\/patient-information\/diagnosis-for-subfertility\/semen-analysis\/"]}]},{"@type":"BreadcrumbList","@id":"https:\/\/conceptionplus.ca\/fr\/patient-information\/diagnosis-for-subfertility\/semen-analysis\/#breadcrumb","itemListElement":[{"@type":"ListItem","position":1,"name":"Home","item":"https:\/\/conceptionplus.ca\/fr\/"},{"@type":"ListItem","position":2,"name":"Info-patient","item":"https:\/\/conceptionplus.ca\/fr\/patient-information\/"},{"@type":"ListItem","position":3,"name":"Diagnostic d&#8217;hypofertilit\u00e9","item":"https:\/\/conceptionplus.ca\/fr\/patient-information\/diagnosis-for-subfertility\/"},{"@type":"ListItem","position":4,"name":"Spermogramme"}]},{"@type":"WebSite","@id":"https:\/\/conceptionplus.ca\/fr\/#website","url":"https:\/\/conceptionplus.ca\/fr\/","name":"ConceptionPLUS","description":"The only major brand of natural health product approved by Health Canada for male fertility disorders.","publisher":{"@id":"https:\/\/conceptionplus.ca\/fr\/#organization"},"potentialAction":[{"@type":"SearchAction","target":{"@type":"EntryPoint","urlTemplate":"https:\/\/conceptionplus.ca\/fr\/?s={search_term_string}"},"query-input":{"@type":"PropertyValueSpecification","valueRequired":true,"valueName":"search_term_string"}}],"inLanguage":"fr-FR"},{"@type":"Organization","@id":"https:\/\/conceptionplus.ca\/fr\/#organization","name":"ConceptionPLUS","url":"https:\/\/conceptionplus.ca\/fr\/","logo":{"@type":"ImageObject","inLanguage":"fr-FR","@id":"https:\/\/conceptionplus.ca\/fr\/#\/schema\/logo\/image\/","url":"https:\/\/conceptionplus.ca\/wp-content\/uploads\/2018\/12\/conception-logo-en-email-500x79-1.jpg","contentUrl":"https:\/\/conceptionplus.ca\/wp-content\/uploads\/2018\/12\/conception-logo-en-email-500x79-1.jpg","width":500,"height":79,"caption":"ConceptionPLUS"},"image":{"@id":"https:\/\/conceptionplus.ca\/fr\/#\/schema\/logo\/image\/"}}]}},"_links":{"self":[{"href":"https:\/\/conceptionplus.ca\/fr\/wp-json\/wp\/v2\/pages\/754","targetHints":{"allow":["GET"]}}],"collection":[{"href":"https:\/\/conceptionplus.ca\/fr\/wp-json\/wp\/v2\/pages"}],"about":[{"href":"https:\/\/conceptionplus.ca\/fr\/wp-json\/wp\/v2\/types\/page"}],"author":[{"embeddable":true,"href":"https:\/\/conceptionplus.ca\/fr\/wp-json\/wp\/v2\/users\/1"}],"replies":[{"embeddable":true,"href":"https:\/\/conceptionplus.ca\/fr\/wp-json\/wp\/v2\/comments?post=754"}],"version-history":[{"count":0,"href":"https:\/\/conceptionplus.ca\/fr\/wp-json\/wp\/v2\/pages\/754\/revisions"}],"up":[{"embeddable":true,"href":"https:\/\/conceptionplus.ca\/fr\/wp-json\/wp\/v2\/pages\/745"}],"wp:attachment":[{"href":"https:\/\/conceptionplus.ca\/fr\/wp-json\/wp\/v2\/media?parent=754"}],"curies":[{"name":"wp","href":"https:\/\/api.w.org\/{rel}","templated":true}]}}