{"id":766,"date":"2018-02-08T13:55:27","date_gmt":"2018-02-08T18:55:27","guid":{"rendered":"https:\/\/conceptionplus.ca\/?page_id=766"},"modified":"2018-02-13T16:16:32","modified_gmt":"2018-02-13T21:16:32","slug":"sperm-health","status":"publish","type":"page","link":"https:\/\/conceptionplus.ca\/fr\/patient-information\/role-of-semen\/sperm-health\/","title":{"rendered":"Sant\u00e9 du sperme"},"content":{"rendered":"<div class=\"fusion-fullwidth fullwidth-box fusion-builder-row-1 nonhundred-percent-fullwidth non-hundred-percent-height-scrolling\" style=\"--awb-border-radius-top-left:0px;--awb-border-radius-top-right:0px;--awb-border-radius-bottom-right:0px;--awb-border-radius-bottom-left:0px;--awb-flex-wrap:wrap;\" ><div class=\"fusion-builder-row fusion-row\"><div class=\"fusion-layout-column fusion_builder_column fusion-builder-column-0 fusion_builder_column_1_1 1_1 fusion-one-full fusion-column-first fusion-column-last\" style=\"--awb-bg-size:cover;--awb-margin-bottom:0px;\"><div class=\"fusion-column-wrapper fusion-flex-column-wrapper-legacy\"><div class=\"fusion-title title fusion-title-1 sep-underline sep-dashed fusion-title-text fusion-title-size-two\"><h2 class=\"fusion-title-heading title-heading-left fusion-responsive-typography-calculated\" style=\"margin:0;text-transform:none;--fontSize:26;line-height:1.23;\">Sant\u00e9 du sperme<\/h2><\/div><div class=\"fusion-title title fusion-title-2 fusion-sep-none fusion-title-text fusion-title-size-three\"><h3 class=\"fusion-title-heading title-heading-left fusion-responsive-typography-calculated\" style=\"margin:0;text-transform:none;--fontSize:21;line-height:1.5;\">Mobilit\u00e9 des spermatozo\u00efdes<\/h3><\/div><div class=\"fusion-text fusion-text-1\"><p>Le niveau de mobilit\u00e9 des spermatozo\u00efdes est un facteur important pour un d\u00e9placement efficace dans le syst\u00e8me reproducteur de la femme. Si les spermatozo\u00efdes ne sont pas assez rapides, ils meurent avant d&rsquo;atteindre l&rsquo;oeuf.<\/p>\n<p>La mobilit\u00e9 se divise en trois cat\u00e9gories :<\/p>\n<\/div><ul style=\"--awb-size:13px;--awb-line-height:22.1px;--awb-icon-width:22.1px;--awb-icon-height:22.1px;--awb-icon-margin:9.1px;--awb-content-margin:31.2px;\" class=\"fusion-checklist fusion-checklist-1 fusion-checklist-default type-icons\"><li class=\"fusion-li-item\" style=\"\"><span class=\"icon-wrapper circle-no\"><i class=\"fusion-li-icon fa fa-caret-right\" aria-hidden=\"true\"><\/i><\/span><div class=\"fusion-li-item-content\">\n<p>Mobilit\u00e9 progressive (PR) \u2013 mouvement vers l&rsquo;avant<\/p>\n<\/div><\/li><li class=\"fusion-li-item\" style=\"\"><span class=\"icon-wrapper circle-no\"><i class=\"fusion-li-icon fa fa-caret-right\" aria-hidden=\"true\"><\/i><\/span><div class=\"fusion-li-item-content\">\n<p>Mobilit\u00e9 non-progressive (NP) \u2013 mobilit\u00e9 locale (mouvement circulaire)<\/p>\n<\/div><\/li><li class=\"fusion-li-item\" style=\"\"><span class=\"icon-wrapper circle-no\"><i class=\"fusion-li-icon fa fa-caret-right\" aria-hidden=\"true\"><\/i><\/span><div class=\"fusion-li-item-content\">\n<p>Immobile \u2013 aucun mouvement<\/p>\n<\/div><\/li><\/ul><div class=\"fusion-text fusion-text-2\"><p>La mobilit\u00e9 est consid\u00e9r\u00e9e comme normale si plus de 32 % des spermatozo\u00efdes sont progressifs.<\/p>\n<\/div><div class=\"fusion-title title fusion-title-3 fusion-sep-none fusion-title-text fusion-title-size-three\"><h3 class=\"fusion-title-heading title-heading-left fusion-responsive-typography-calculated\" style=\"margin:0;text-transform:none;--fontSize:21;line-height:1.5;\">Concentration des spermatozo\u00efdes<\/h3><\/div><div class=\"fusion-clearfix\"><\/div><\/div><\/div><div class=\"fusion-layout-column fusion_builder_column fusion-builder-column-1 fusion_builder_column_2_3 2_3 fusion-two-third fusion-column-first\" style=\"--awb-bg-size:cover;width:66.666666666667%;width:calc(66.666666666667% - ( ( 4% ) * 0.66666666666667 ) );margin-right: 4%;\"><div class=\"fusion-column-wrapper fusion-flex-column-wrapper-legacy\"><div class=\"fusion-text fusion-text-3\"><p>La concentration de spermatozo\u00efdes ou le nombre de spermatozo\u00efdes fournit des renseignements utiles au pronostic et au diagnostic : ils indiquent la quantit\u00e9 de sperme \u00e9mis durant la relation sexuelle. Cela permet de d\u00e9terminer la production de sperme, les r\u00e9serves de spermatozo\u00efdes dans l&rsquo;\u00e9pididyme ainsi que la perm\u00e9abilit\u00e9 du canal emprunt\u00e9 par le sperme.<br \/>\nVue en coupe<\/p>\n<\/div><div class=\"fusion-clearfix\"><\/div><\/div><\/div><div class=\"fusion-layout-column fusion_builder_column fusion-builder-column-2 fusion_builder_column_1_3 1_3 fusion-one-third fusion-column-last\" style=\"--awb-bg-size:cover;width:33.333333333333%;width:calc(33.333333333333% - ( ( 4% ) * 0.33333333333333 ) );\"><div class=\"fusion-column-wrapper fusion-flex-column-wrapper-legacy\"><div class=\"fusion-image-element fusion-image-align-center in-legacy-container\" style=\"text-align:center;--awb-caption-title-font-family:var(--h2_typography-font-family);--awb-caption-title-font-weight:var(--h2_typography-font-weight);--awb-caption-title-font-style:var(--h2_typography-font-style);--awb-caption-title-size:var(--h2_typography-font-size);--awb-caption-title-transform:var(--h2_typography-text-transform);--awb-caption-title-line-height:var(--h2_typography-line-height);--awb-caption-title-letter-spacing:var(--h2_typography-letter-spacing);\"><div class=\"imageframe-align-center\"><span class=\" fusion-imageframe imageframe-none imageframe-1 hover-type-zoomin\"><a href=\"https:\/\/conceptionplus.ca\/wp-content\/uploads\/2018\/01\/611px-Simplified_spermatozoon_diagram.svg_.jpg\" class=\"fusion-lightbox\" data-rel=\"iLightbox[e1e671a8c067553858f]\" data-caption=\"Photo: Spermatozoon-Diagramm by Mariana Ruiz, Lizenz: gemeinfrei\" data-title=\"Photo: Spermatozoon-Diagramm by Mariana Ruiz, Lizenz: gemeinfrei\" title=\"Photo: Spermatozoon-Diagramm by Mariana Ruiz, Lizenz: gemeinfrei\"><img decoding=\"async\" width=\"590\" height=\"172\" alt=\"Photo: Spermatozoon-Diagramm by Mariana Ruiz, Lizenz: gemeinfrei\" src=\"https:\/\/conceptionplus.ca\/wp-content\/uploads\/2018\/01\/611px-Simplified_spermatozoon_diagram.svg_.jpg\" class=\"img-responsive wp-image-470\" srcset=\"https:\/\/conceptionplus.ca\/wp-content\/uploads\/2018\/01\/611px-Simplified_spermatozoon_diagram.svg_-200x58.jpg 200w, https:\/\/conceptionplus.ca\/wp-content\/uploads\/2018\/01\/611px-Simplified_spermatozoon_diagram.svg_-400x117.jpg 400w, https:\/\/conceptionplus.ca\/wp-content\/uploads\/2018\/01\/611px-Simplified_spermatozoon_diagram.svg_.jpg 590w\" sizes=\"(max-width: 900px) 100vw, 590px\" \/><\/a><\/span><\/div><\/div><div class=\"fusion-text fusion-text-4\"><p class=\"caption\">Photo : Sch\u00e9ma d&rsquo;un spermatozo\u00efde par Mariana Ruiz, Lizenz : gemeinfrei<\/p>\n<\/div><div class=\"fusion-clearfix\"><\/div><\/div><\/div><div class=\"fusion-layout-column fusion_builder_column fusion-builder-column-3 fusion_builder_column_1_1 1_1 fusion-one-full fusion-column-first fusion-column-last\" style=\"--awb-bg-size:cover;\"><div class=\"fusion-column-wrapper fusion-flex-column-wrapper-legacy\"><div class=\"fusion-title title fusion-title-4 fusion-sep-none fusion-title-text fusion-title-size-three\"><h3 class=\"fusion-title-heading title-heading-left fusion-responsive-typography-calculated\" style=\"margin:0;text-transform:none;--fontSize:21;line-height:1.5;\">Morphologie (forme)<\/h3><\/div><div class=\"fusion-text fusion-text-5\"><p>L&rsquo;apparence des spermatozo\u00efdes est cruciale pour \u00e9valuer la fertilit\u00e9. De nombreux crit\u00e8res sont utilis\u00e9s pour \u00e9valuer la morphologie des spermatozo\u00efdes humains avec diff\u00e9rents syst\u00e8mes de classification pour les d\u00e9fauts de la t\u00eate, du flagelle et de la queue identifi\u00e9s au microscope.<\/p>\n<p>La morphologie est classifi\u00e9e comme normale, si le nombre moyen de spermatozo\u00efdes ayant une forme normale est de 4 % ou plus.<\/p>\n<\/div><div class=\"fusion-title title fusion-title-5 fusion-sep-none fusion-title-text fusion-title-size-three\"><h3 class=\"fusion-title-heading title-heading-left fusion-responsive-typography-calculated\" style=\"margin:0;text-transform:none;--fontSize:21;line-height:1.5;\">Vitalit\u00e9<\/h3><\/div><div class=\"fusion-text fusion-text-6\"><p>La vitalit\u00e9 des spermatozo\u00efdes est le pourcentage de spermatozo\u00efdes dans l&rsquo;\u00e9jaculat qui sont vivants.<\/p>\n<\/div><div class=\"fusion-clearfix\"><\/div><\/div><\/div><\/div><\/div>\n","protected":false},"excerpt":{"rendered":"","protected":false},"author":1,"featured_media":0,"parent":760,"menu_order":1,"comment_status":"closed","ping_status":"closed","template":"","meta":{"_monsterinsights_skip_tracking":false,"_monsterinsights_sitenote_active":false,"_monsterinsights_sitenote_note":"","_monsterinsights_sitenote_category":0,"footnotes":""},"class_list":["post-766","page","type-page","status-publish","hentry"],"yoast_head":"<!-- This site is optimized with the Yoast SEO plugin v27.4 - https:\/\/yoast.com\/product\/yoast-seo-wordpress\/ -->\n<title>Sant\u00e9 du sperme - ConceptionPLUS<\/title>\n<meta name=\"robots\" content=\"index, follow, max-snippet:-1, max-image-preview:large, max-video-preview:-1\" \/>\n<link rel=\"canonical\" href=\"https:\/\/conceptionplus.ca\/fr\/patient-information\/role-of-semen\/sperm-health\/\" \/>\n<meta property=\"og:locale\" content=\"fr_FR\" \/>\n<meta property=\"og:type\" content=\"article\" \/>\n<meta property=\"og:title\" content=\"Sant\u00e9 du sperme - ConceptionPLUS\" \/>\n<meta property=\"og:url\" content=\"https:\/\/conceptionplus.ca\/fr\/patient-information\/role-of-semen\/sperm-health\/\" \/>\n<meta property=\"og:site_name\" content=\"ConceptionPLUS\" \/>\n<meta property=\"article:modified_time\" content=\"2018-02-13T21:16:32+00:00\" \/>\n<meta name=\"twitter:card\" content=\"summary_large_image\" \/>\n<meta name=\"twitter:label1\" content=\"Dur\u00e9e de lecture estim\u00e9e\" \/>\n\t<meta name=\"twitter:data1\" content=\"5 minutes\" \/>\n<script type=\"application\/ld+json\" class=\"yoast-schema-graph\">{\"@context\":\"https:\\\/\\\/schema.org\",\"@graph\":[{\"@type\":\"WebPage\",\"@id\":\"https:\\\/\\\/conceptionplus.ca\\\/fr\\\/patient-information\\\/role-of-semen\\\/sperm-health\\\/\",\"url\":\"https:\\\/\\\/conceptionplus.ca\\\/fr\\\/patient-information\\\/role-of-semen\\\/sperm-health\\\/\",\"name\":\"Sant\u00e9 du sperme - ConceptionPLUS\",\"isPartOf\":{\"@id\":\"https:\\\/\\\/conceptionplus.ca\\\/fr\\\/#website\"},\"datePublished\":\"2018-02-08T18:55:27+00:00\",\"dateModified\":\"2018-02-13T21:16:32+00:00\",\"breadcrumb\":{\"@id\":\"https:\\\/\\\/conceptionplus.ca\\\/fr\\\/patient-information\\\/role-of-semen\\\/sperm-health\\\/#breadcrumb\"},\"inLanguage\":\"fr-FR\",\"potentialAction\":[{\"@type\":\"ReadAction\",\"target\":[\"https:\\\/\\\/conceptionplus.ca\\\/fr\\\/patient-information\\\/role-of-semen\\\/sperm-health\\\/\"]}]},{\"@type\":\"BreadcrumbList\",\"@id\":\"https:\\\/\\\/conceptionplus.ca\\\/fr\\\/patient-information\\\/role-of-semen\\\/sperm-health\\\/#breadcrumb\",\"itemListElement\":[{\"@type\":\"ListItem\",\"position\":1,\"name\":\"Home\",\"item\":\"https:\\\/\\\/conceptionplus.ca\\\/fr\\\/\"},{\"@type\":\"ListItem\",\"position\":2,\"name\":\"Info-patient\",\"item\":\"https:\\\/\\\/conceptionplus.ca\\\/fr\\\/patient-information\\\/\"},{\"@type\":\"ListItem\",\"position\":3,\"name\":\"R\u00f4le du sperme\",\"item\":\"https:\\\/\\\/conceptionplus.ca\\\/fr\\\/patient-information\\\/role-of-semen\\\/\"},{\"@type\":\"ListItem\",\"position\":4,\"name\":\"Sant\u00e9 du sperme\"}]},{\"@type\":\"WebSite\",\"@id\":\"https:\\\/\\\/conceptionplus.ca\\\/fr\\\/#website\",\"url\":\"https:\\\/\\\/conceptionplus.ca\\\/fr\\\/\",\"name\":\"ConceptionPLUS\",\"description\":\"The only major brand of natural health product approved by Health Canada for male fertility disorders.\",\"publisher\":{\"@id\":\"https:\\\/\\\/conceptionplus.ca\\\/fr\\\/#organization\"},\"potentialAction\":[{\"@type\":\"SearchAction\",\"target\":{\"@type\":\"EntryPoint\",\"urlTemplate\":\"https:\\\/\\\/conceptionplus.ca\\\/fr\\\/?s={search_term_string}\"},\"query-input\":{\"@type\":\"PropertyValueSpecification\",\"valueRequired\":true,\"valueName\":\"search_term_string\"}}],\"inLanguage\":\"fr-FR\"},{\"@type\":\"Organization\",\"@id\":\"https:\\\/\\\/conceptionplus.ca\\\/fr\\\/#organization\",\"name\":\"ConceptionPLUS\",\"url\":\"https:\\\/\\\/conceptionplus.ca\\\/fr\\\/\",\"logo\":{\"@type\":\"ImageObject\",\"inLanguage\":\"fr-FR\",\"@id\":\"https:\\\/\\\/conceptionplus.ca\\\/fr\\\/#\\\/schema\\\/logo\\\/image\\\/\",\"url\":\"https:\\\/\\\/conceptionplus.ca\\\/wp-content\\\/uploads\\\/2018\\\/12\\\/conception-logo-en-email-500x79-1.jpg\",\"contentUrl\":\"https:\\\/\\\/conceptionplus.ca\\\/wp-content\\\/uploads\\\/2018\\\/12\\\/conception-logo-en-email-500x79-1.jpg\",\"width\":500,\"height\":79,\"caption\":\"ConceptionPLUS\"},\"image\":{\"@id\":\"https:\\\/\\\/conceptionplus.ca\\\/fr\\\/#\\\/schema\\\/logo\\\/image\\\/\"}}]}<\/script>\n<!-- \/ Yoast SEO plugin. -->","yoast_head_json":{"title":"Sant\u00e9 du sperme - ConceptionPLUS","robots":{"index":"index","follow":"follow","max-snippet":"max-snippet:-1","max-image-preview":"max-image-preview:large","max-video-preview":"max-video-preview:-1"},"canonical":"https:\/\/conceptionplus.ca\/fr\/patient-information\/role-of-semen\/sperm-health\/","og_locale":"fr_FR","og_type":"article","og_title":"Sant\u00e9 du sperme - ConceptionPLUS","og_url":"https:\/\/conceptionplus.ca\/fr\/patient-information\/role-of-semen\/sperm-health\/","og_site_name":"ConceptionPLUS","article_modified_time":"2018-02-13T21:16:32+00:00","twitter_card":"summary_large_image","twitter_misc":{"Dur\u00e9e de lecture estim\u00e9e":"5 minutes"},"schema":{"@context":"https:\/\/schema.org","@graph":[{"@type":"WebPage","@id":"https:\/\/conceptionplus.ca\/fr\/patient-information\/role-of-semen\/sperm-health\/","url":"https:\/\/conceptionplus.ca\/fr\/patient-information\/role-of-semen\/sperm-health\/","name":"Sant\u00e9 du sperme - ConceptionPLUS","isPartOf":{"@id":"https:\/\/conceptionplus.ca\/fr\/#website"},"datePublished":"2018-02-08T18:55:27+00:00","dateModified":"2018-02-13T21:16:32+00:00","breadcrumb":{"@id":"https:\/\/conceptionplus.ca\/fr\/patient-information\/role-of-semen\/sperm-health\/#breadcrumb"},"inLanguage":"fr-FR","potentialAction":[{"@type":"ReadAction","target":["https:\/\/conceptionplus.ca\/fr\/patient-information\/role-of-semen\/sperm-health\/"]}]},{"@type":"BreadcrumbList","@id":"https:\/\/conceptionplus.ca\/fr\/patient-information\/role-of-semen\/sperm-health\/#breadcrumb","itemListElement":[{"@type":"ListItem","position":1,"name":"Home","item":"https:\/\/conceptionplus.ca\/fr\/"},{"@type":"ListItem","position":2,"name":"Info-patient","item":"https:\/\/conceptionplus.ca\/fr\/patient-information\/"},{"@type":"ListItem","position":3,"name":"R\u00f4le du sperme","item":"https:\/\/conceptionplus.ca\/fr\/patient-information\/role-of-semen\/"},{"@type":"ListItem","position":4,"name":"Sant\u00e9 du sperme"}]},{"@type":"WebSite","@id":"https:\/\/conceptionplus.ca\/fr\/#website","url":"https:\/\/conceptionplus.ca\/fr\/","name":"ConceptionPLUS","description":"The only major brand of natural health product approved by Health Canada for male fertility disorders.","publisher":{"@id":"https:\/\/conceptionplus.ca\/fr\/#organization"},"potentialAction":[{"@type":"SearchAction","target":{"@type":"EntryPoint","urlTemplate":"https:\/\/conceptionplus.ca\/fr\/?s={search_term_string}"},"query-input":{"@type":"PropertyValueSpecification","valueRequired":true,"valueName":"search_term_string"}}],"inLanguage":"fr-FR"},{"@type":"Organization","@id":"https:\/\/conceptionplus.ca\/fr\/#organization","name":"ConceptionPLUS","url":"https:\/\/conceptionplus.ca\/fr\/","logo":{"@type":"ImageObject","inLanguage":"fr-FR","@id":"https:\/\/conceptionplus.ca\/fr\/#\/schema\/logo\/image\/","url":"https:\/\/conceptionplus.ca\/wp-content\/uploads\/2018\/12\/conception-logo-en-email-500x79-1.jpg","contentUrl":"https:\/\/conceptionplus.ca\/wp-content\/uploads\/2018\/12\/conception-logo-en-email-500x79-1.jpg","width":500,"height":79,"caption":"ConceptionPLUS"},"image":{"@id":"https:\/\/conceptionplus.ca\/fr\/#\/schema\/logo\/image\/"}}]}},"_links":{"self":[{"href":"https:\/\/conceptionplus.ca\/fr\/wp-json\/wp\/v2\/pages\/766","targetHints":{"allow":["GET"]}}],"collection":[{"href":"https:\/\/conceptionplus.ca\/fr\/wp-json\/wp\/v2\/pages"}],"about":[{"href":"https:\/\/conceptionplus.ca\/fr\/wp-json\/wp\/v2\/types\/page"}],"author":[{"embeddable":true,"href":"https:\/\/conceptionplus.ca\/fr\/wp-json\/wp\/v2\/users\/1"}],"replies":[{"embeddable":true,"href":"https:\/\/conceptionplus.ca\/fr\/wp-json\/wp\/v2\/comments?post=766"}],"version-history":[{"count":0,"href":"https:\/\/conceptionplus.ca\/fr\/wp-json\/wp\/v2\/pages\/766\/revisions"}],"up":[{"embeddable":true,"href":"https:\/\/conceptionplus.ca\/fr\/wp-json\/wp\/v2\/pages\/760"}],"wp:attachment":[{"href":"https:\/\/conceptionplus.ca\/fr\/wp-json\/wp\/v2\/media?parent=766"}],"curies":[{"name":"wp","href":"https:\/\/api.w.org\/{rel}","templated":true}]}}