{"id":778,"date":"2018-02-08T13:57:10","date_gmt":"2018-02-08T18:57:10","guid":{"rendered":"https:\/\/conceptionplus.ca\/?page_id=778"},"modified":"2018-02-16T23:20:44","modified_gmt":"2018-02-17T04:20:44","slug":"treatment-options","status":"publish","type":"page","link":"https:\/\/conceptionplus.ca\/fr\/patient-information\/the-infertility-treatment\/treatment-options\/","title":{"rendered":"Options de traitement"},"content":{"rendered":"<div class=\"fusion-fullwidth fullwidth-box fusion-builder-row-1 nonhundred-percent-fullwidth non-hundred-percent-height-scrolling\" style=\"--awb-border-radius-top-left:0px;--awb-border-radius-top-right:0px;--awb-border-radius-bottom-right:0px;--awb-border-radius-bottom-left:0px;--awb-flex-wrap:wrap;\" ><div class=\"fusion-builder-row fusion-row\"><div class=\"fusion-layout-column fusion_builder_column fusion-builder-column-0 fusion_builder_column_1_1 1_1 fusion-one-full fusion-column-first fusion-column-last\" style=\"--awb-bg-size:cover;\"><div class=\"fusion-column-wrapper fusion-flex-column-wrapper-legacy\"><div class=\"fusion-title title fusion-title-1 sep-underline sep-dashed fusion-title-text fusion-title-size-two\"><h2 class=\"fusion-title-heading title-heading-left fusion-responsive-typography-calculated\" style=\"margin:0;text-transform:none;--fontSize:26;line-height:1.23;\">Options de traitement<\/h2><\/div><div class=\"fusion-clearfix\"><\/div><\/div><\/div><div class=\"fusion-layout-column fusion_builder_column fusion-builder-column-1 fusion_builder_column_1_2 1_2 fusion-one-half fusion-column-first\" style=\"--awb-bg-size:cover;width:50%;width:calc(50% - ( ( 4% ) * 0.5 ) );margin-right: 4%;\"><div class=\"fusion-column-wrapper fusion-flex-column-wrapper-legacy\"><div class=\"fusion-title title fusion-title-2 fusion-sep-none fusion-title-text fusion-title-size-three\"><h3 class=\"fusion-title-heading title-heading-left fusion-responsive-typography-calculated\" style=\"margin:0;text-transform:none;--fontSize:21;line-height:1.5;\">Hormonoth\u00e9rapie<\/h3><\/div><div class=\"fusion-text fusion-text-1\"><p>Lorsque l&rsquo;infertilit\u00e9 est caus\u00e9e par un d\u00e9s\u00e9quilibre hormonal chez la femme, l&rsquo;hormonoth\u00e9rapie (aussi appel\u00e9e m\u00e9dicaments inducteurs de l&rsquo;ovulation) est g\u00e9n\u00e9ralement la premi\u00e8re \u00e9tape dans le traitement de la fertilit\u00e9. Il existe un certain nombre de m\u00e9dicaments disponibles qui servent \u00e0 r\u00e9gulariser les menstruations irr\u00e9guli\u00e8res et \u00e0 d\u00e9clencher l&rsquo;ovulation.<\/p>\n<p>Lorsqu&rsquo;un homme est incapable de concevoir un enfant, dans certains cas, le m\u00e9decin recommandera aussi initialement un traitement avec m\u00e9dicaments. Ils peuvent, par exemple, am\u00e9liorer la qualit\u00e9 du sperme ou traiter les d\u00e9s\u00e9quilibres hormonaux.<\/p>\n<\/div><div class=\"fusion-title title fusion-title-3 fusion-sep-none fusion-title-text fusion-title-size-three\"><h3 class=\"fusion-title-heading title-heading-left fusion-responsive-typography-calculated\" style=\"margin:0;text-transform:none;--fontSize:21;line-height:1.5;\">F\u00e9condation in vitro (FIV)<\/h3><\/div><div class=\"fusion-text fusion-text-2\"><p>Louise Brown, le premier b\u00e9b\u00e9 au monde con\u00e7u par f\u00e9condation in vitro (FIV), est n\u00e9e en sant\u00e9 en 1978. Maintenant, chaque ann\u00e9e, des milliers d&rsquo;enfants sont con\u00e7us par FIV. Avec la f\u00e9condation in vitro, l&rsquo;oeuf est f\u00e9cond\u00e9 \u00e0 l&rsquo;ext\u00e9rieur du corps. La FIV est g\u00e9n\u00e9ralement utilis\u00e9e lorsque l&rsquo;oeuf ne peut pas atteindre l&rsquo;ut\u00e9rus parce que les trompes de Fallope sont bloqu\u00e9es \u00e0 cause d&rsquo;une inflammation. La FIV peut aider \u00e0 concevoir un enfant, si la femme a des fibromes ut\u00e9rins (myome) ou d\u00e9veloppe des anticorps contre le sperme, ou dans le cas d&rsquo;un sperme de mauvaise qualit\u00e9, ou si le m\u00e9decin n&rsquo;a pas trouv\u00e9 de cause \u00e0 l&rsquo;infertilit\u00e9.<\/p>\n<\/div><div class=\"fusion-title title fusion-title-4 fusion-sep-none fusion-title-text fusion-title-size-three\"><h3 class=\"fusion-title-heading title-heading-left fusion-responsive-typography-calculated\" style=\"margin:0;text-transform:none;--fontSize:21;line-height:1.5;\">Maturation in vitro (MIV)<\/h3><\/div><div class=\"fusion-text fusion-text-3\"><p>La maturation in vitro (MIV) est une nouvelle technique, qui n&rsquo;est pas encore une option standard et n&rsquo;est offerte que par quelques centres de fertilit\u00e9. Dans le cas de la maturation in vitro, le m\u00e9decin retire les oeufs immatures des ovaires de la femme. Les oeufs maturent dans une \u00e9prouvette tout en \u00e9tant expos\u00e9s aux hormones. La proc\u00e9dure suivante est la m\u00eame que pour la f\u00e9condation in vitro et l&rsquo;injection du sperme \u00e0 l&rsquo;int\u00e9rieur du cytoplasme.<\/p>\n<\/div><div class=\"fusion-title title fusion-title-5 fusion-sep-none fusion-title-text fusion-title-size-three\"><h3 class=\"fusion-title-heading title-heading-left fusion-responsive-typography-calculated\" style=\"margin:0;text-transform:none;--fontSize:21;line-height:1.5;\">Op\u00e9rations<\/h3><\/div><div class=\"fusion-text fusion-text-4\"><p>Une op\u00e9ration peut aider pour devenir enceinte, si les trompes de Fallope sont bloqu\u00e9es ou si des adh\u00e9rences abdominales emp\u00eachent la conception. Si le canal d\u00e9f\u00e9rent s&rsquo;est bloqu\u00e9 durant une chirurgie herniaire, les chirurgiens sont parfois capables de le d\u00e9bloquer par chirurgie.<\/p>\n<\/div><div class=\"fusion-clearfix\"><\/div><\/div><\/div><div class=\"fusion-layout-column fusion_builder_column fusion-builder-column-2 fusion_builder_column_1_2 1_2 fusion-one-half fusion-column-last\" style=\"--awb-bg-size:cover;width:50%;width:calc(50% - ( ( 4% ) * 0.5 ) );\"><div class=\"fusion-column-wrapper fusion-flex-column-wrapper-legacy\"><div class=\"fusion-title title fusion-title-6 fusion-sep-none fusion-title-text fusion-title-size-three\"><h3 class=\"fusion-title-heading title-heading-left fusion-responsive-typography-calculated\" style=\"margin:0;text-transform:none;--fontSize:21;line-height:1.5;\">Ins\u00e9mination artificielle (ou ins\u00e9mination intra-ut\u00e9rine, IIU)<\/h3><\/div><div class=\"fusion-text fusion-text-5\"><p>Pour l&rsquo;ins\u00e9mination, le m\u00e9decin utilise une sonde pour placer du sperme lav\u00e9 et concentr\u00e9 dans l&rsquo;ut\u00e9rus, le vagin, le col de l&rsquo;ut\u00e9rus et les trompes de Fallope. Une ins\u00e9mination est effectu\u00e9e lorsque la qualit\u00e9 du sperme est bonne ou lorsque le col de l&rsquo;ut\u00e9rus a \u00e9t\u00e9 marqu\u00e9 par une\u00a0 infection ou une inflammation, et lorsque le tissu cicatriciel du col de l&rsquo;ut\u00e9rus complique l&rsquo;acc\u00e8s du sperme \u00e0 l&rsquo;ut\u00e9rus. Il est parfois n\u00e9cessaire d&rsquo;utiliser des hormones pour stimuler les ovaires avant l&rsquo;ins\u00e9mination.<\/p>\n<\/div><div class=\"fusion-title title fusion-title-7 fusion-sep-none fusion-title-text fusion-title-size-three\"><h3 class=\"fusion-title-heading title-heading-left fusion-responsive-typography-calculated\" style=\"margin:0;text-transform:none;--fontSize:21;line-height:1.5;\">Injection du sperme \u00e0 l&rsquo;int\u00e9rieur du cytoplasme (ISIC)<\/h3><\/div><div class=\"fusion-text fusion-text-6\"><p>Dans le cas de l&rsquo;injection du sperme \u00e0 l&rsquo;int\u00e9rieur du cytoplasme (ISIC), le m\u00e9decin injecte le sperme directement dans l&rsquo;oeuf. Cette m\u00e9thode est utilis\u00e9e lorsque le sperme ne peut pas f\u00e9conder l&rsquo;oeuf dans le corps de la femme ni dans l&rsquo;\u00e9prouvette et lorsque la femme ne peut pas devenir enceinte malgr\u00e9 une f\u00e9condation in vitro.<\/p>\n<\/div><div class=\"fusion-title title fusion-title-8 fusion-sep-none fusion-title-text fusion-title-size-three\"><h3 class=\"fusion-title-heading title-heading-left fusion-responsive-typography-calculated\" style=\"margin:0;text-transform:none;--fontSize:21;line-height:1.5;\">Pr\u00e9l\u00e8vement chirurgical de spermatozo\u00efdes<\/h3><\/div><div class=\"fusion-text fusion-text-7\"><p>Le pr\u00e9l\u00e8vement de spermatozo\u00efdes de l&rsquo;\u00e9pididyme (aspiration microchirurgicale de spermatozo\u00efdes \u00e9pididymaires (MESA)) peut aider si le canal d\u00e9f\u00e9rent est bloqu\u00e9 et s&rsquo;il n&rsquo;est pas possible de le d\u00e9bloquer par chirurgie, ou si les spermatozo\u00efdes dans le sperme sont immobiles (c.-\u00e0-d. qu&rsquo;ils ne peuvent pas bouger). Cette m\u00e9thode peut aussi \u00eatre utilis\u00e9e si le partenaire masculin ne peut pas \u00e9jaculer, par exemple parce qu&rsquo;il est parapl\u00e9gique ou qu&rsquo;il a \u00e9t\u00e9 op\u00e9r\u00e9 d&rsquo;un cancer. Si cette technique ne peut pas \u00eatre effectu\u00e9e, certains m\u00e9decins recommandent le pr\u00e9l\u00e8vement chirurgical de spermatozo\u00efdes dans les testicules (TESE). Dans ce cas, le m\u00e9decin pr\u00e9l\u00e8ve les spermatozo\u00efdes dans les testicules. Les techniques MESA et TESE sont toujours effectu\u00e9es conjointement \u00e0 l&rsquo;ISIC.<\/p>\n<\/div><div class=\"fusion-clearfix\"><\/div><\/div><\/div><\/div><\/div>\n","protected":false},"excerpt":{"rendered":"","protected":false},"author":1,"featured_media":0,"parent":772,"menu_order":1,"comment_status":"closed","ping_status":"closed","template":"","meta":{"_monsterinsights_skip_tracking":false,"_monsterinsights_sitenote_active":false,"_monsterinsights_sitenote_note":"","_monsterinsights_sitenote_category":0,"footnotes":""},"class_list":["post-778","page","type-page","status-publish","hentry"],"yoast_head":"<!-- This site is optimized with the Yoast SEO plugin v27.4 - https:\/\/yoast.com\/product\/yoast-seo-wordpress\/ -->\n<title>Options de traitement - ConceptionPLUS<\/title>\n<meta name=\"robots\" content=\"index, follow, max-snippet:-1, max-image-preview:large, max-video-preview:-1\" \/>\n<link rel=\"canonical\" href=\"https:\/\/conceptionplus.ca\/fr\/patient-information\/the-infertility-treatment\/treatment-options\/\" \/>\n<meta property=\"og:locale\" content=\"fr_FR\" \/>\n<meta property=\"og:type\" content=\"article\" \/>\n<meta property=\"og:title\" content=\"Options de traitement - ConceptionPLUS\" \/>\n<meta property=\"og:url\" content=\"https:\/\/conceptionplus.ca\/fr\/patient-information\/the-infertility-treatment\/treatment-options\/\" \/>\n<meta property=\"og:site_name\" content=\"ConceptionPLUS\" \/>\n<meta property=\"article:modified_time\" content=\"2018-02-17T04:20:44+00:00\" \/>\n<meta name=\"twitter:card\" content=\"summary_large_image\" \/>\n<meta name=\"twitter:label1\" content=\"Dur\u00e9e de lecture estim\u00e9e\" \/>\n\t<meta name=\"twitter:data1\" content=\"6 minutes\" \/>\n<script type=\"application\/ld+json\" class=\"yoast-schema-graph\">{\"@context\":\"https:\\\/\\\/schema.org\",\"@graph\":[{\"@type\":\"WebPage\",\"@id\":\"https:\\\/\\\/conceptionplus.ca\\\/fr\\\/patient-information\\\/the-infertility-treatment\\\/treatment-options\\\/\",\"url\":\"https:\\\/\\\/conceptionplus.ca\\\/fr\\\/patient-information\\\/the-infertility-treatment\\\/treatment-options\\\/\",\"name\":\"Options de traitement - ConceptionPLUS\",\"isPartOf\":{\"@id\":\"https:\\\/\\\/conceptionplus.ca\\\/fr\\\/#website\"},\"datePublished\":\"2018-02-08T18:57:10+00:00\",\"dateModified\":\"2018-02-17T04:20:44+00:00\",\"breadcrumb\":{\"@id\":\"https:\\\/\\\/conceptionplus.ca\\\/fr\\\/patient-information\\\/the-infertility-treatment\\\/treatment-options\\\/#breadcrumb\"},\"inLanguage\":\"fr-FR\",\"potentialAction\":[{\"@type\":\"ReadAction\",\"target\":[\"https:\\\/\\\/conceptionplus.ca\\\/fr\\\/patient-information\\\/the-infertility-treatment\\\/treatment-options\\\/\"]}]},{\"@type\":\"BreadcrumbList\",\"@id\":\"https:\\\/\\\/conceptionplus.ca\\\/fr\\\/patient-information\\\/the-infertility-treatment\\\/treatment-options\\\/#breadcrumb\",\"itemListElement\":[{\"@type\":\"ListItem\",\"position\":1,\"name\":\"Home\",\"item\":\"https:\\\/\\\/conceptionplus.ca\\\/fr\\\/\"},{\"@type\":\"ListItem\",\"position\":2,\"name\":\"Info-patient\",\"item\":\"https:\\\/\\\/conceptionplus.ca\\\/fr\\\/patient-information\\\/\"},{\"@type\":\"ListItem\",\"position\":3,\"name\":\"Le traitement de l&#8217;infertilit\u00e9\",\"item\":\"https:\\\/\\\/conceptionplus.ca\\\/fr\\\/patient-information\\\/the-infertility-treatment\\\/\"},{\"@type\":\"ListItem\",\"position\":4,\"name\":\"Options de traitement\"}]},{\"@type\":\"WebSite\",\"@id\":\"https:\\\/\\\/conceptionplus.ca\\\/fr\\\/#website\",\"url\":\"https:\\\/\\\/conceptionplus.ca\\\/fr\\\/\",\"name\":\"ConceptionPLUS\",\"description\":\"The only major brand of natural health product approved by Health Canada for male fertility disorders.\",\"publisher\":{\"@id\":\"https:\\\/\\\/conceptionplus.ca\\\/fr\\\/#organization\"},\"potentialAction\":[{\"@type\":\"SearchAction\",\"target\":{\"@type\":\"EntryPoint\",\"urlTemplate\":\"https:\\\/\\\/conceptionplus.ca\\\/fr\\\/?s={search_term_string}\"},\"query-input\":{\"@type\":\"PropertyValueSpecification\",\"valueRequired\":true,\"valueName\":\"search_term_string\"}}],\"inLanguage\":\"fr-FR\"},{\"@type\":\"Organization\",\"@id\":\"https:\\\/\\\/conceptionplus.ca\\\/fr\\\/#organization\",\"name\":\"ConceptionPLUS\",\"url\":\"https:\\\/\\\/conceptionplus.ca\\\/fr\\\/\",\"logo\":{\"@type\":\"ImageObject\",\"inLanguage\":\"fr-FR\",\"@id\":\"https:\\\/\\\/conceptionplus.ca\\\/fr\\\/#\\\/schema\\\/logo\\\/image\\\/\",\"url\":\"https:\\\/\\\/conceptionplus.ca\\\/wp-content\\\/uploads\\\/2018\\\/12\\\/conception-logo-en-email-500x79-1.jpg\",\"contentUrl\":\"https:\\\/\\\/conceptionplus.ca\\\/wp-content\\\/uploads\\\/2018\\\/12\\\/conception-logo-en-email-500x79-1.jpg\",\"width\":500,\"height\":79,\"caption\":\"ConceptionPLUS\"},\"image\":{\"@id\":\"https:\\\/\\\/conceptionplus.ca\\\/fr\\\/#\\\/schema\\\/logo\\\/image\\\/\"}}]}<\/script>\n<!-- \/ Yoast SEO plugin. -->","yoast_head_json":{"title":"Options de traitement - ConceptionPLUS","robots":{"index":"index","follow":"follow","max-snippet":"max-snippet:-1","max-image-preview":"max-image-preview:large","max-video-preview":"max-video-preview:-1"},"canonical":"https:\/\/conceptionplus.ca\/fr\/patient-information\/the-infertility-treatment\/treatment-options\/","og_locale":"fr_FR","og_type":"article","og_title":"Options de traitement - ConceptionPLUS","og_url":"https:\/\/conceptionplus.ca\/fr\/patient-information\/the-infertility-treatment\/treatment-options\/","og_site_name":"ConceptionPLUS","article_modified_time":"2018-02-17T04:20:44+00:00","twitter_card":"summary_large_image","twitter_misc":{"Dur\u00e9e de lecture estim\u00e9e":"6 minutes"},"schema":{"@context":"https:\/\/schema.org","@graph":[{"@type":"WebPage","@id":"https:\/\/conceptionplus.ca\/fr\/patient-information\/the-infertility-treatment\/treatment-options\/","url":"https:\/\/conceptionplus.ca\/fr\/patient-information\/the-infertility-treatment\/treatment-options\/","name":"Options de traitement - ConceptionPLUS","isPartOf":{"@id":"https:\/\/conceptionplus.ca\/fr\/#website"},"datePublished":"2018-02-08T18:57:10+00:00","dateModified":"2018-02-17T04:20:44+00:00","breadcrumb":{"@id":"https:\/\/conceptionplus.ca\/fr\/patient-information\/the-infertility-treatment\/treatment-options\/#breadcrumb"},"inLanguage":"fr-FR","potentialAction":[{"@type":"ReadAction","target":["https:\/\/conceptionplus.ca\/fr\/patient-information\/the-infertility-treatment\/treatment-options\/"]}]},{"@type":"BreadcrumbList","@id":"https:\/\/conceptionplus.ca\/fr\/patient-information\/the-infertility-treatment\/treatment-options\/#breadcrumb","itemListElement":[{"@type":"ListItem","position":1,"name":"Home","item":"https:\/\/conceptionplus.ca\/fr\/"},{"@type":"ListItem","position":2,"name":"Info-patient","item":"https:\/\/conceptionplus.ca\/fr\/patient-information\/"},{"@type":"ListItem","position":3,"name":"Le traitement de l&#8217;infertilit\u00e9","item":"https:\/\/conceptionplus.ca\/fr\/patient-information\/the-infertility-treatment\/"},{"@type":"ListItem","position":4,"name":"Options de traitement"}]},{"@type":"WebSite","@id":"https:\/\/conceptionplus.ca\/fr\/#website","url":"https:\/\/conceptionplus.ca\/fr\/","name":"ConceptionPLUS","description":"The only major brand of natural health product approved by Health Canada for male fertility disorders.","publisher":{"@id":"https:\/\/conceptionplus.ca\/fr\/#organization"},"potentialAction":[{"@type":"SearchAction","target":{"@type":"EntryPoint","urlTemplate":"https:\/\/conceptionplus.ca\/fr\/?s={search_term_string}"},"query-input":{"@type":"PropertyValueSpecification","valueRequired":true,"valueName":"search_term_string"}}],"inLanguage":"fr-FR"},{"@type":"Organization","@id":"https:\/\/conceptionplus.ca\/fr\/#organization","name":"ConceptionPLUS","url":"https:\/\/conceptionplus.ca\/fr\/","logo":{"@type":"ImageObject","inLanguage":"fr-FR","@id":"https:\/\/conceptionplus.ca\/fr\/#\/schema\/logo\/image\/","url":"https:\/\/conceptionplus.ca\/wp-content\/uploads\/2018\/12\/conception-logo-en-email-500x79-1.jpg","contentUrl":"https:\/\/conceptionplus.ca\/wp-content\/uploads\/2018\/12\/conception-logo-en-email-500x79-1.jpg","width":500,"height":79,"caption":"ConceptionPLUS"},"image":{"@id":"https:\/\/conceptionplus.ca\/fr\/#\/schema\/logo\/image\/"}}]}},"_links":{"self":[{"href":"https:\/\/conceptionplus.ca\/fr\/wp-json\/wp\/v2\/pages\/778","targetHints":{"allow":["GET"]}}],"collection":[{"href":"https:\/\/conceptionplus.ca\/fr\/wp-json\/wp\/v2\/pages"}],"about":[{"href":"https:\/\/conceptionplus.ca\/fr\/wp-json\/wp\/v2\/types\/page"}],"author":[{"embeddable":true,"href":"https:\/\/conceptionplus.ca\/fr\/wp-json\/wp\/v2\/users\/1"}],"replies":[{"embeddable":true,"href":"https:\/\/conceptionplus.ca\/fr\/wp-json\/wp\/v2\/comments?post=778"}],"version-history":[{"count":0,"href":"https:\/\/conceptionplus.ca\/fr\/wp-json\/wp\/v2\/pages\/778\/revisions"}],"up":[{"embeddable":true,"href":"https:\/\/conceptionplus.ca\/fr\/wp-json\/wp\/v2\/pages\/772"}],"wp:attachment":[{"href":"https:\/\/conceptionplus.ca\/fr\/wp-json\/wp\/v2\/media?parent=778"}],"curies":[{"name":"wp","href":"https:\/\/api.w.org\/{rel}","templated":true}]}}