{"id":918,"date":"2018-01-16T12:54:18","date_gmt":"2018-01-16T17:54:18","guid":{"rendered":"https:\/\/conceptionplus.ca\/product\/proforstilmc-pour-hommes-boite-de-180\/"},"modified":"2025-08-22T09:45:32","modified_gmt":"2025-08-22T13:45:32","slug":"proforstilmc-pour-hommes-boite-de-180","status":"publish","type":"product","link":"https:\/\/conceptionplus.ca\/fr\/produit\/proforstilmc-pour-hommes-boite-de-180\/","title":{"rendered":"PROfortil pour hommes &#8211; Bo\u00eete de 180"},"content":{"rendered":"<div class=\"fusion-fullwidth fullwidth-box fusion-builder-row-1 fusion-flex-container nonhundred-percent-fullwidth non-hundred-percent-height-scrolling\" style=\"--awb-border-radius-top-left:0px;--awb-border-radius-top-right:0px;--awb-border-radius-bottom-right:0px;--awb-border-radius-bottom-left:0px;--awb-flex-wrap:wrap;\" ><div class=\"fusion-builder-row fusion-row fusion-flex-align-items-flex-start fusion-flex-content-wrap\" style=\"max-width:1352px;margin-left: calc(-4% \/ 2 );margin-right: calc(-4% \/ 2 );\"><div class=\"fusion-layout-column fusion_builder_column fusion-builder-column-0 fusion_builder_column_1_1 1_1 fusion-flex-column\" style=\"--awb-bg-blend:overlay;--awb-bg-size:cover;--awb-width-large:100%;--awb-margin-top-large:0px;--awb-spacing-right-large:1.92%;--awb-margin-bottom-large:0px;--awb-spacing-left-large:1.92%;--awb-width-medium:100%;--awb-spacing-right-medium:1.92%;--awb-spacing-left-medium:1.92%;--awb-width-small:100%;--awb-spacing-right-small:1.92%;--awb-spacing-left-small:1.92%;\"><div class=\"fusion-column-wrapper fusion-flex-justify-content-flex-start fusion-content-layout-column\"><div class=\"fusion-text fusion-text-1\"><p>PROfortil<i class=\"fa fa-registered r-mark\" aria-hidden=\"true\"><\/i> est une composition synergique brevet\u00e9e de micronutriments ayant prouv\u00e9 qu\u2019elle am\u00e9liore tous les param\u00e8tres du sperme et qu\u2019elle augmente les chances de grossesse.<\/p>\n<ul>\n<li>Traitement de 3 mois.<\/li>\n<li>Contient 9 bandes de 20 capsules par bande.<\/li>\n<li>Prendre deux capsules par jour pendant ou apr\u00e8s un repas avec une boisson.<\/li>\n<li><strong>\u00c0 utiliser pour un minimum de 3 mois pour observer les effets b\u00e9n\u00e9fiques.<\/strong><\/li>\n<\/ul>\n<p>APSI PIN: 95999952<\/p>\n<\/div><\/div><\/div><\/div><\/div>\n","protected":false},"excerpt":{"rendered":"","protected":false},"featured_media":22120,"comment_status":"closed","ping_status":"closed","template":"","meta":{"_monsterinsights_skip_tracking":false,"_monsterinsights_sitenote_active":false,"_monsterinsights_sitenote_note":"","_monsterinsights_sitenote_category":0},"product_brand":[],"product_cat":[106],"product_tag":[],"class_list":{"0":"post-918","1":"product","2":"type-product","3":"status-publish","4":"has-post-thumbnail","6":"product_cat-male","8":"first","9":"instock","10":"taxable","11":"shipping-taxable","12":"purchasable","13":"product-type-simple"},"yoast_head":"<!-- This site is optimized with the Yoast SEO plugin v27.4 - https:\/\/yoast.com\/product\/yoast-seo-wordpress\/ -->\n<title>PROfortil pour hommes - Bo\u00eete de 180 - ConceptionPLUS<\/title>\n<meta name=\"robots\" content=\"index, follow, max-snippet:-1, max-image-preview:large, max-video-preview:-1\" \/>\n<link rel=\"canonical\" href=\"https:\/\/conceptionplus.ca\/fr\/produit\/proforstilmc-pour-hommes-boite-de-180\/\" \/>\n<meta property=\"og:locale\" content=\"fr_FR\" \/>\n<meta property=\"og:type\" content=\"article\" \/>\n<meta property=\"og:title\" content=\"PROfortil pour hommes - Bo\u00eete de 180 - ConceptionPLUS\" \/>\n<meta property=\"og:url\" content=\"https:\/\/conceptionplus.ca\/fr\/produit\/proforstilmc-pour-hommes-boite-de-180\/\" \/>\n<meta property=\"og:site_name\" content=\"ConceptionPLUS\" \/>\n<meta property=\"article:modified_time\" content=\"2025-08-22T13:45:32+00:00\" \/>\n<meta property=\"og:image\" content=\"https:\/\/conceptionplus.ca\/wp-content\/uploads\/2018\/01\/PROfortil-for-Men-\u2013-Box-of-180.jpg\" \/>\n\t<meta property=\"og:image:width\" content=\"300\" \/>\n\t<meta property=\"og:image:height\" content=\"283\" \/>\n\t<meta property=\"og:image:type\" content=\"image\/jpeg\" \/>\n<meta name=\"twitter:card\" content=\"summary_large_image\" \/>\n<meta name=\"twitter:label1\" content=\"Dur\u00e9e de lecture estim\u00e9e\" \/>\n\t<meta name=\"twitter:data1\" content=\"1 minute\" \/>\n<script type=\"application\/ld+json\" class=\"yoast-schema-graph\">{\"@context\":\"https:\\\/\\\/schema.org\",\"@graph\":[{\"@type\":\"WebPage\",\"@id\":\"https:\\\/\\\/conceptionplus.ca\\\/fr\\\/produit\\\/proforstilmc-pour-hommes-boite-de-180\\\/\",\"url\":\"https:\\\/\\\/conceptionplus.ca\\\/fr\\\/produit\\\/proforstilmc-pour-hommes-boite-de-180\\\/\",\"name\":\"PROfortil pour hommes - Bo\u00eete de 180 - ConceptionPLUS\",\"isPartOf\":{\"@id\":\"https:\\\/\\\/conceptionplus.ca\\\/fr\\\/#website\"},\"primaryImageOfPage\":{\"@id\":\"https:\\\/\\\/conceptionplus.ca\\\/fr\\\/produit\\\/proforstilmc-pour-hommes-boite-de-180\\\/#primaryimage\"},\"image\":{\"@id\":\"https:\\\/\\\/conceptionplus.ca\\\/fr\\\/produit\\\/proforstilmc-pour-hommes-boite-de-180\\\/#primaryimage\"},\"thumbnailUrl\":\"https:\\\/\\\/conceptionplus.ca\\\/wp-content\\\/uploads\\\/2018\\\/01\\\/PROfortil-for-Men-\u2013-Box-of-180.jpg\",\"datePublished\":\"2018-01-16T17:54:18+00:00\",\"dateModified\":\"2025-08-22T13:45:32+00:00\",\"breadcrumb\":{\"@id\":\"https:\\\/\\\/conceptionplus.ca\\\/fr\\\/produit\\\/proforstilmc-pour-hommes-boite-de-180\\\/#breadcrumb\"},\"inLanguage\":\"fr-FR\",\"potentialAction\":[{\"@type\":\"ReadAction\",\"target\":[\"https:\\\/\\\/conceptionplus.ca\\\/fr\\\/produit\\\/proforstilmc-pour-hommes-boite-de-180\\\/\"]}]},{\"@type\":\"ImageObject\",\"inLanguage\":\"fr-FR\",\"@id\":\"https:\\\/\\\/conceptionplus.ca\\\/fr\\\/produit\\\/proforstilmc-pour-hommes-boite-de-180\\\/#primaryimage\",\"url\":\"https:\\\/\\\/conceptionplus.ca\\\/wp-content\\\/uploads\\\/2018\\\/01\\\/PROfortil-for-Men-\u2013-Box-of-180.jpg\",\"contentUrl\":\"https:\\\/\\\/conceptionplus.ca\\\/wp-content\\\/uploads\\\/2018\\\/01\\\/PROfortil-for-Men-\u2013-Box-of-180.jpg\",\"width\":300,\"height\":283,\"caption\":\"PROfortil for Men \u2013 Box of 180\"},{\"@type\":\"BreadcrumbList\",\"@id\":\"https:\\\/\\\/conceptionplus.ca\\\/fr\\\/produit\\\/proforstilmc-pour-hommes-boite-de-180\\\/#breadcrumb\",\"itemListElement\":[{\"@type\":\"ListItem\",\"position\":1,\"name\":\"Home\",\"item\":\"https:\\\/\\\/conceptionplus.ca\\\/fr\\\/\"},{\"@type\":\"ListItem\",\"position\":2,\"name\":\"Boutique\",\"item\":\"https:\\\/\\\/conceptionplus.ca\\\/fr\\\/boutique\\\/\"},{\"@type\":\"ListItem\",\"position\":3,\"name\":\"PROfortil pour hommes &#8211; Bo\u00eete de 180\"}]},{\"@type\":\"WebSite\",\"@id\":\"https:\\\/\\\/conceptionplus.ca\\\/fr\\\/#website\",\"url\":\"https:\\\/\\\/conceptionplus.ca\\\/fr\\\/\",\"name\":\"ConceptionPLUS\",\"description\":\"The only major brand of natural health product approved by Health Canada for male fertility disorders.\",\"publisher\":{\"@id\":\"https:\\\/\\\/conceptionplus.ca\\\/fr\\\/#organization\"},\"potentialAction\":[{\"@type\":\"SearchAction\",\"target\":{\"@type\":\"EntryPoint\",\"urlTemplate\":\"https:\\\/\\\/conceptionplus.ca\\\/fr\\\/?s={search_term_string}\"},\"query-input\":{\"@type\":\"PropertyValueSpecification\",\"valueRequired\":true,\"valueName\":\"search_term_string\"}}],\"inLanguage\":\"fr-FR\"},{\"@type\":\"Organization\",\"@id\":\"https:\\\/\\\/conceptionplus.ca\\\/fr\\\/#organization\",\"name\":\"ConceptionPLUS\",\"url\":\"https:\\\/\\\/conceptionplus.ca\\\/fr\\\/\",\"logo\":{\"@type\":\"ImageObject\",\"inLanguage\":\"fr-FR\",\"@id\":\"https:\\\/\\\/conceptionplus.ca\\\/fr\\\/#\\\/schema\\\/logo\\\/image\\\/\",\"url\":\"https:\\\/\\\/conceptionplus.ca\\\/wp-content\\\/uploads\\\/2018\\\/12\\\/conception-logo-en-email-500x79-1.jpg\",\"contentUrl\":\"https:\\\/\\\/conceptionplus.ca\\\/wp-content\\\/uploads\\\/2018\\\/12\\\/conception-logo-en-email-500x79-1.jpg\",\"width\":500,\"height\":79,\"caption\":\"ConceptionPLUS\"},\"image\":{\"@id\":\"https:\\\/\\\/conceptionplus.ca\\\/fr\\\/#\\\/schema\\\/logo\\\/image\\\/\"}}]}<\/script>\n<!-- \/ Yoast SEO plugin. -->","yoast_head_json":{"title":"PROfortil pour hommes - Bo\u00eete de 180 - ConceptionPLUS","robots":{"index":"index","follow":"follow","max-snippet":"max-snippet:-1","max-image-preview":"max-image-preview:large","max-video-preview":"max-video-preview:-1"},"canonical":"https:\/\/conceptionplus.ca\/fr\/produit\/proforstilmc-pour-hommes-boite-de-180\/","og_locale":"fr_FR","og_type":"article","og_title":"PROfortil pour hommes - Bo\u00eete de 180 - ConceptionPLUS","og_url":"https:\/\/conceptionplus.ca\/fr\/produit\/proforstilmc-pour-hommes-boite-de-180\/","og_site_name":"ConceptionPLUS","article_modified_time":"2025-08-22T13:45:32+00:00","og_image":[{"width":300,"height":283,"url":"https:\/\/conceptionplus.ca\/wp-content\/uploads\/2018\/01\/PROfortil-for-Men-\u2013-Box-of-180.jpg","type":"image\/jpeg"}],"twitter_card":"summary_large_image","twitter_misc":{"Dur\u00e9e de lecture estim\u00e9e":"1 minute"},"schema":{"@context":"https:\/\/schema.org","@graph":[{"@type":"WebPage","@id":"https:\/\/conceptionplus.ca\/fr\/produit\/proforstilmc-pour-hommes-boite-de-180\/","url":"https:\/\/conceptionplus.ca\/fr\/produit\/proforstilmc-pour-hommes-boite-de-180\/","name":"PROfortil pour hommes - Bo\u00eete de 180 - ConceptionPLUS","isPartOf":{"@id":"https:\/\/conceptionplus.ca\/fr\/#website"},"primaryImageOfPage":{"@id":"https:\/\/conceptionplus.ca\/fr\/produit\/proforstilmc-pour-hommes-boite-de-180\/#primaryimage"},"image":{"@id":"https:\/\/conceptionplus.ca\/fr\/produit\/proforstilmc-pour-hommes-boite-de-180\/#primaryimage"},"thumbnailUrl":"https:\/\/conceptionplus.ca\/wp-content\/uploads\/2018\/01\/PROfortil-for-Men-\u2013-Box-of-180.jpg","datePublished":"2018-01-16T17:54:18+00:00","dateModified":"2025-08-22T13:45:32+00:00","breadcrumb":{"@id":"https:\/\/conceptionplus.ca\/fr\/produit\/proforstilmc-pour-hommes-boite-de-180\/#breadcrumb"},"inLanguage":"fr-FR","potentialAction":[{"@type":"ReadAction","target":["https:\/\/conceptionplus.ca\/fr\/produit\/proforstilmc-pour-hommes-boite-de-180\/"]}]},{"@type":"ImageObject","inLanguage":"fr-FR","@id":"https:\/\/conceptionplus.ca\/fr\/produit\/proforstilmc-pour-hommes-boite-de-180\/#primaryimage","url":"https:\/\/conceptionplus.ca\/wp-content\/uploads\/2018\/01\/PROfortil-for-Men-\u2013-Box-of-180.jpg","contentUrl":"https:\/\/conceptionplus.ca\/wp-content\/uploads\/2018\/01\/PROfortil-for-Men-\u2013-Box-of-180.jpg","width":300,"height":283,"caption":"PROfortil for Men \u2013 Box of 180"},{"@type":"BreadcrumbList","@id":"https:\/\/conceptionplus.ca\/fr\/produit\/proforstilmc-pour-hommes-boite-de-180\/#breadcrumb","itemListElement":[{"@type":"ListItem","position":1,"name":"Home","item":"https:\/\/conceptionplus.ca\/fr\/"},{"@type":"ListItem","position":2,"name":"Boutique","item":"https:\/\/conceptionplus.ca\/fr\/boutique\/"},{"@type":"ListItem","position":3,"name":"PROfortil pour hommes &#8211; Bo\u00eete de 180"}]},{"@type":"WebSite","@id":"https:\/\/conceptionplus.ca\/fr\/#website","url":"https:\/\/conceptionplus.ca\/fr\/","name":"ConceptionPLUS","description":"The only major brand of natural health product approved by Health Canada for male fertility disorders.","publisher":{"@id":"https:\/\/conceptionplus.ca\/fr\/#organization"},"potentialAction":[{"@type":"SearchAction","target":{"@type":"EntryPoint","urlTemplate":"https:\/\/conceptionplus.ca\/fr\/?s={search_term_string}"},"query-input":{"@type":"PropertyValueSpecification","valueRequired":true,"valueName":"search_term_string"}}],"inLanguage":"fr-FR"},{"@type":"Organization","@id":"https:\/\/conceptionplus.ca\/fr\/#organization","name":"ConceptionPLUS","url":"https:\/\/conceptionplus.ca\/fr\/","logo":{"@type":"ImageObject","inLanguage":"fr-FR","@id":"https:\/\/conceptionplus.ca\/fr\/#\/schema\/logo\/image\/","url":"https:\/\/conceptionplus.ca\/wp-content\/uploads\/2018\/12\/conception-logo-en-email-500x79-1.jpg","contentUrl":"https:\/\/conceptionplus.ca\/wp-content\/uploads\/2018\/12\/conception-logo-en-email-500x79-1.jpg","width":500,"height":79,"caption":"ConceptionPLUS"},"image":{"@id":"https:\/\/conceptionplus.ca\/fr\/#\/schema\/logo\/image\/"}}]}},"_links":{"self":[{"href":"https:\/\/conceptionplus.ca\/fr\/wp-json\/wp\/v2\/product\/918","targetHints":{"allow":["GET"]}}],"collection":[{"href":"https:\/\/conceptionplus.ca\/fr\/wp-json\/wp\/v2\/product"}],"about":[{"href":"https:\/\/conceptionplus.ca\/fr\/wp-json\/wp\/v2\/types\/product"}],"replies":[{"embeddable":true,"href":"https:\/\/conceptionplus.ca\/fr\/wp-json\/wp\/v2\/comments?post=918"}],"wp:featuredmedia":[{"embeddable":true,"href":"https:\/\/conceptionplus.ca\/fr\/wp-json\/wp\/v2\/media\/22120"}],"wp:attachment":[{"href":"https:\/\/conceptionplus.ca\/fr\/wp-json\/wp\/v2\/media?parent=918"}],"wp:term":[{"taxonomy":"product_brand","embeddable":true,"href":"https:\/\/conceptionplus.ca\/fr\/wp-json\/wp\/v2\/product_brand?post=918"},{"taxonomy":"product_cat","embeddable":true,"href":"https:\/\/conceptionplus.ca\/fr\/wp-json\/wp\/v2\/product_cat?post=918"},{"taxonomy":"product_tag","embeddable":true,"href":"https:\/\/conceptionplus.ca\/fr\/wp-json\/wp\/v2\/product_tag?post=918"}],"curies":[{"name":"wp","href":"https:\/\/api.w.org\/{rel}","templated":true}]}}